{"id":847,"date":"2025-05-14T09:11:31","date_gmt":"2025-05-14T09:11:31","guid":{"rendered":"https:\/\/spitalpremiere.ro\/apt\/?post_type=product&#038;p=847"},"modified":"2026-01-07T16:07:06","modified_gmt":"2026-01-07T16:07:06","slug":"urosaf","status":"publish","type":"product","link":"https:\/\/spitalpremiere.ro\/apt\/product\/urosaf\/","title":{"rendered":"Urosaf"},"content":{"rendered":"<p class=\"\" data-start=\"821\" data-end=\"1255\"><strong data-start=\"821\" data-end=\"831\">Urosaf<\/strong> este un supliment alimentar sub form\u0103 de capsule, formulat special pentru b\u0103rba\u021bii care sufer\u0103 de prostatit\u0103, probleme urinare \u0219i dezechilibre hormonale. Acest produs ac\u021bioneaz\u0103 prin reducerea inflama\u021biei, \u00eembun\u0103t\u0103\u021birea func\u021biei prostatei \u0219i stimularea produc\u021biei de testosteron. Fiind un produs natural, Urosaf este preferat de tot mai mul\u021bi b\u0103rba\u021bi din Rom\u00e2nia datorit\u0103 eficien\u021bei sale, dar \u0219i lipsei efectelor secundare.<\/p>\n<p class=\"\" data-start=\"1257\" data-end=\"1578\">Spre deosebire de tratamentele clasice, care se concentreaz\u0103 doar pe ameliorarea temporar\u0103 a simptomelor, <strong data-start=\"1363\" data-end=\"1424\">Urosaf trateaz\u0103 cauza principal\u0103 a inflama\u021biei prostatice<\/strong>, oferind o solu\u021bie de lung\u0103 durat\u0103. \u00cen plus, poate fi folosit preventiv de c\u0103tre b\u0103rba\u021bii care doresc s\u0103-\u0219i protejeze s\u0103n\u0103tatea sistemului genito-urinar.<\/p>\n<hr class=\"\" data-start=\"1580\" data-end=\"1583\" \/>\n<h2 class=\"\" data-start=\"1585\" data-end=\"1607\">Urosaf: Ingrediente<\/h2>\n<p class=\"\" data-start=\"1609\" data-end=\"1739\">Puterea Urosaf const\u0103 \u00een <strong data-start=\"1634\" data-end=\"1657\">formula sa complex\u0103<\/strong> din ingrediente naturale cu efecte dovedite \u0219tiin\u021bific. Iat\u0103 cele mai importante:<\/p>\n<h3 class=\"\" data-start=\"1741\" data-end=\"1767\">Extract de meri\u0219oare<\/h3>\n<p class=\"\" data-start=\"1768\" data-end=\"2023\">Meri\u0219oarele sunt bogate \u00een <strong data-start=\"1795\" data-end=\"1824\">catechin\u0103 \u0219i epicatechin\u0103<\/strong>, dou\u0103 molecule antioxidante puternice care sprijin\u0103 produc\u021bia de testosteron \u0219i <strong data-start=\"1905\" data-end=\"1923\">cresc libidoul<\/strong>. \u00cen acela\u0219i timp, ajut\u0103 la combaterea infec\u021biilor tractului urinar, frecvente \u00een cazul prostatitei.<\/p>\n<h3 class=\"\" data-start=\"2025\" data-end=\"2074\">Extract de fructe de Serenoa (Saw Palmetto)<\/h3>\n<p class=\"\" data-start=\"2075\" data-end=\"2281\">Saw Palmetto este cunoscut pentru capacitatea sa de a <strong data-start=\"2129\" data-end=\"2160\">reduce inflama\u021bia prostatei<\/strong>. Ingredientul activ, \u03b2-sitosterolul, <strong data-start=\"2198\" data-end=\"2223\">normalizeaz\u0103 urinarea<\/strong> \u0219i sus\u021bine func\u021bionarea rinichilor \u0219i a tractului urinar.<\/p>\n<h3 class=\"\" data-start=\"2283\" data-end=\"2318\">Extract de r\u0103d\u0103cin\u0103 de urzic\u0103<\/h3>\n<p class=\"\" data-start=\"2319\" data-end=\"2489\">Acest extract este bogat \u00een vitamine, aminoacizi \u0219i antioxidan\u021bi. Contribuie la <strong data-start=\"2399\" data-end=\"2426\">ameliorarea inflama\u021biei<\/strong> \u0219i are un rol important \u00een <strong data-start=\"2454\" data-end=\"2488\">detoxifierea sistemului urinar<\/strong>.<\/p>\n<h3 class=\"\" data-start=\"2491\" data-end=\"2501\">Zinc<\/h3>\n<p class=\"\" data-start=\"2502\" data-end=\"2745\">Un mineral esen\u021bial pentru func\u021bionarea corect\u0103 a glandei prostatei, zincul <strong data-start=\"2578\" data-end=\"2615\">regleaz\u0103 produc\u021bia de testosteron<\/strong> \u0219i sus\u021bine sistemul imunitar. Nivelurile optime de zinc contribuie la <strong data-start=\"2686\" data-end=\"2734\">men\u021binerea fertilit\u0103\u021bii \u0219i s\u0103n\u0103t\u0103\u021bii sexuale<\/strong> masculine.<\/p>\n<hr class=\"\" data-start=\"2747\" data-end=\"2750\" \/>\n<h2 class=\"\" data-start=\"2752\" data-end=\"2818\">Urosaf: cump\u0103ra\u021bi \u00een Rom\u00e2nia, de unde s\u0103 cump\u0103ra\u021bi \u00een farmacii?<\/h2>\n<p class=\"\" data-start=\"2820\" data-end=\"3166\">Mul\u021bi se \u00eentreab\u0103: <strong data-start=\"2839\" data-end=\"2875\">\u201eUrosaf se g\u0103se\u0219te \u00een farmacii?\u201d<\/strong> \u2013 R\u0103spunsul este <strong data-start=\"2893\" data-end=\"2899\">NU<\/strong>. \u00cen 2025, <strong data-start=\"2910\" data-end=\"2960\">Urosaf nu este disponibil \u00een farmaciile fizice<\/strong> din Rom\u00e2nia, precum Catena, Tei sau Dr Max. Din motive legate de controlul calit\u0103\u021bii \u0219i protec\u021bia consumatorului, produc\u0103torul a ales <strong data-start=\"3095\" data-end=\"3141\">s\u0103 comercializeze produsul exclusiv online<\/strong>, pe site-ul s\u0103u oficial.<\/p>\n<p class=\"\" data-start=\"3168\" data-end=\"3402\">Prin urmare, <strong data-start=\"3181\" data-end=\"3279\">nu recomand\u0103m c\u0103utarea acestui supliment \u00een farmacii sau pe alte platforme de v\u00e2nzare general\u0103<\/strong>. Riscul de a achizi\u021biona un produs contraf\u0103cut este ridicat, mai ales \u00een cazul unor suplimente at\u00e2t de populare ca Urosaf.<\/p>\n<p style=\"text-align: center;\" data-start=\"3168\" data-end=\"3402\"><a href=\"https:\/\/kshop34.site\/wilgJe\/\"><button>www.urosaf.ro<\/button><\/a><\/p>\n<hr class=\"\" data-start=\"3404\" data-end=\"3407\" \/>\n<h2 class=\"\" data-start=\"3409\" data-end=\"3494\">De unde s\u0103 cump\u0103ra\u021bi Urosaf? Site-ul web al produc\u0103torului, Tei, Dr Max \u0219i Catena?<\/h2>\n<p class=\"\" data-start=\"3496\" data-end=\"3657\">A\u0219a cum am men\u021bionat mai sus, <strong data-start=\"3526\" data-end=\"3644\">singura surs\u0103 sigur\u0103 \u0219i recomandat\u0103 pentru achizi\u021bionarea Urosaf \u00een Rom\u00e2nia este site-ul oficial al produc\u0103torului<\/strong>. Iat\u0103 de ce:<\/p>\n<h3 class=\"\" data-start=\"3659\" data-end=\"3695\">Garan\u021bia originalit\u0103\u021bii<\/h3>\n<p class=\"\" data-start=\"3696\" data-end=\"3901\">Comand\u00e2nd de pe site-ul oficial, ai siguran\u021ba c\u0103 prime\u0219ti <strong data-start=\"3754\" data-end=\"3782\">produsul autentic Urosaf<\/strong>, cu toate certific\u0103rile de calitate \u0219i eficien\u021b\u0103. Produsele v\u00e2ndute pe alte site-uri pot fi contraf\u0103cute sau expirate.<\/p>\n<h3 class=\"\" data-start=\"3903\" data-end=\"3932\">Cel mai bun pre\u021b<\/h3>\n<p class=\"\" data-start=\"3933\" data-end=\"4170\">F\u0103r\u0103 intermediari, f\u0103r\u0103 adaosuri comerciale. <strong data-start=\"3978\" data-end=\"4030\">Pre\u021bul afi\u0219at pe site-ul oficial este cel corect<\/strong> \u0219i reflect\u0103 raportul optim calitate-pre\u021b. \u00cen plus, sunt frecvent disponibile <strong data-start=\"4108\" data-end=\"4130\">promo\u021bii exclusive<\/strong> sau reduceri pentru comenzile multiple.<\/p>\n<h3 class=\"\" data-start=\"4172\" data-end=\"4209\">Livrare rapid\u0103 \u0219i sigur\u0103<\/h3>\n<p class=\"\" data-start=\"4210\" data-end=\"4377\">Comanda este procesat\u0103 imediat \u0219i livrat\u0103 <strong data-start=\"4252\" data-end=\"4283\">\u00een doar 1-3 zile lucr\u0103toare<\/strong>, oriunde \u00een Rom\u00e2nia. Pachetul este discret, f\u0103r\u0103 \u00eensemne vizibile care s\u0103 tr\u0103deze con\u021binutul.<\/p>\n<h3 class=\"\" data-start=\"4379\" data-end=\"4408\">Plat\u0103 la livrare<\/h3>\n<p class=\"\" data-start=\"4409\" data-end=\"4568\">Un avantaj major \u2013 po\u021bi <strong data-start=\"4433\" data-end=\"4464\">pl\u0103ti la primirea coletului<\/strong>, f\u0103r\u0103 card, f\u0103r\u0103 riscuri. Este o op\u021biune de \u00eencredere pentru to\u021bi cei care prefer\u0103 tranzac\u021biile sigure.<\/p>\n<h3 class=\"\" data-start=\"4570\" data-end=\"4603\">Consultan\u021b\u0103 gratuit\u0103<\/h3>\n<p class=\"\" data-start=\"4604\" data-end=\"4800\">Site-ul oficial ofer\u0103 <strong data-start=\"4626\" data-end=\"4664\">asisten\u021b\u0103 \u0219i sfaturi personalizate<\/strong> \u00eenainte \u0219i dup\u0103 cump\u0103rare. Un consultant te poate ajuta s\u0103 alegi doza potrivit\u0103 \u0219i s\u0103 \u00een\u021belegi mai bine modul de ac\u021biune al produsului.<\/p>\n<h2 class=\"\" data-start=\"86\" data-end=\"138\">Urosaf: opinii reale de pe forumurile din Rom\u00e2nia<\/h2>\n<p class=\"\" data-start=\"140\" data-end=\"596\"><strong data-start=\"140\" data-end=\"150\">Urosaf<\/strong> a devenit \u00een 2025 nu doar un supliment cunoscut \u00een Rom\u00e2nia, ci \u0219i <strong data-start=\"217\" data-end=\"258\">un produs apreciat \u00een \u00eentreaga Europ\u0103<\/strong>. Din ce \u00een ce mai mul\u021bi b\u0103rba\u021bi care se confrunt\u0103 cu simptomele prostatitei aleg Urosaf datorit\u0103 compozi\u021biei naturale, eficien\u021bei dovedite \u0219i lipsei efectelor secundare. Acest succes se reflect\u0103 \u0219i \u00een <strong data-start=\"460\" data-end=\"520\">sutele de recenzii pozitive de pe forumurile de s\u0103n\u0103tate<\/strong>, unde utilizatorii \u00eemp\u0103rt\u0103\u0219esc experien\u021bele lor dup\u0103 utilizarea capsulelor.<\/p>\n<h3 data-start=\"598\" data-end=\"659\">Iat\u0103 c\u00e2teva dintre cele mai relevante opinii postate \u00een 2025:<\/h3>\n<ol>\n<li data-start=\"661\" data-end=\"935\"><strong data-start=\"661\" data-end=\"673\">MihaiP40<\/strong> \u2013 \u201eAm \u00eencercat multe suplimente \u00eenainte de Urosaf, dar nimic nu a avut un efect real. Cu Urosaf, dup\u0103 doar dou\u0103 s\u0103pt\u0103m\u00e2ni, am observat o \u00eembun\u0103t\u0103\u021bire clar\u0103: urinarea nu mai este dureroas\u0103, nu m\u0103 mai trezesc noaptea \u0219i am mai mult\u0103 energie. \u00cel recomand tuturor!\u201d<\/li>\n<li data-start=\"937\" data-end=\"1247\"><strong data-start=\"937\" data-end=\"953\">Adrian_Sibiu<\/strong> \u2013 \u201eDoctorul mi-a sugerat un tratament naturist \u00eenainte s\u0103 trec la medicamente mai puternice. A\u0219a am descoperit Urosaf. L-am comandat direct de pe site-ul oficial \u0219i \u00een 3 zile l-am avut acas\u0103. Nu doar c\u0103 simptomele s-au redus, dar am observat \u0219i o cre\u0219tere a dorin\u021bei sexuale. Foarte eficient!\u201d<\/li>\n<li data-start=\"1249\" data-end=\"1509\"><strong data-start=\"1249\" data-end=\"1260\">Ionel87<\/strong> \u2013 \u201eSceptic la \u00eenceput, dar dup\u0103 o lun\u0103 de tratament, pot spune c\u0103 func\u021bioneaz\u0103! M\u0103 simt mai t\u00e2n\u0103r, nu mai am dureri, iar urinarea este complet normal\u0103. Important: lua\u021bi-l doar de pe site-ul original, ca s\u0103 fi\u021bi siguri c\u0103 primi\u021bi produsul autentic.\u201d<\/li>\n<\/ol>\n<hr class=\"\" data-start=\"1511\" data-end=\"1514\" \/>\n<h2 class=\"\" data-start=\"1516\" data-end=\"1558\">Urosaf pre\u021b: c\u00e2t cost\u0103, disponibilitate<\/h2>\n<p class=\"\" data-start=\"1560\" data-end=\"1755\">Pre\u021bul <strong data-start=\"1567\" data-end=\"1577\">Urosaf<\/strong> variaz\u0103 \u00een func\u021bie de promo\u021biile active \u0219i de cantitatea comandat\u0103. De\u0219i nu este disponibil \u00een farmacii fizice sau pe platformele comerciale, <strong data-start=\"1720\" data-end=\"1754\">poate fi verificat u\u0219or online<\/strong>.<\/p>\n<p class=\"\" data-start=\"1757\" data-end=\"2011\"><strong data-start=\"1757\" data-end=\"1816\">Pentru a verifica pre\u021bul actualizat \u0219i disponibilitatea<\/strong>, este suficient s\u0103 accesa\u021bi <strong data-start=\"1845\" data-end=\"1882\">site-ul oficial al produc\u0103torului<\/strong>. Acolo sunt afi\u0219ate toate informa\u021biile despre costuri, eventuale reduceri de sezon, oferte 2+1 gratuit sau cadouri la achizi\u021bie.<\/p>\n<p class=\"\" data-start=\"2013\" data-end=\"2192\">Un alt avantaj al cump\u0103r\u0103turii direct de la produc\u0103tor este <strong data-start=\"2073\" data-end=\"2089\">transparen\u021ba<\/strong> \u2013 nu exist\u0103 taxe ascunse, iar clientul este informat \u00eenc\u0103 din start despre valoarea total\u0103 a comenzii.<\/p>\n<hr class=\"\" data-start=\"2194\" data-end=\"2197\" \/>\n<h2 class=\"\" data-start=\"2199\" data-end=\"2219\">Cum s\u0103 comanda\u021bi?<\/h2>\n<p class=\"\" data-start=\"2221\" data-end=\"2355\">Procesul de comand\u0103 este simplu \u0219i sigur. Nu este nevoie de re\u021bet\u0103, iar produsul ajunge rapid la domiciliul dumneavoastr\u0103. Iat\u0103 pa\u0219ii:<\/p>\n<ol data-start=\"2357\" data-end=\"2852\">\n<li class=\"\" data-start=\"2357\" data-end=\"2429\">\n<p class=\"\" data-start=\"2360\" data-end=\"2429\"><strong data-start=\"2360\" data-end=\"2396\">Face\u021bi clic pe butonul \u201eComand\u0103\u201d<\/strong> de pe site-ul oficial al Urosaf.<\/p>\n<\/li>\n<li class=\"\" data-start=\"2430\" data-end=\"2552\">\n<p class=\"\" data-start=\"2433\" data-end=\"2552\">Ve\u021bi fi redirec\u021bionat pe pagina produc\u0103torului, unde <strong data-start=\"2486\" data-end=\"2519\">completa\u021bi un formular simplu<\/strong> cu numele \u0219i num\u0103rul de telefon.<\/p>\n<\/li>\n<li class=\"\" data-start=\"2553\" data-end=\"2684\">\n<p class=\"\" data-start=\"2556\" data-end=\"2684\">\u00cen scurt timp, <strong data-start=\"2571\" data-end=\"2617\">ve\u021bi fi contactat telefonic de un operator<\/strong> pentru confirmarea comenzii \u0219i eventuale \u00eentreb\u0103ri despre livrare.<\/p>\n<\/li>\n<li class=\"\" data-start=\"2685\" data-end=\"2768\">\n<p class=\"\" data-start=\"2688\" data-end=\"2768\">Comanda este procesat\u0103 rapid \u0219i <strong data-start=\"2720\" data-end=\"2767\">livrat\u0103 prin curier, \u00een 1-3 zile lucr\u0103toare<\/strong>.<\/p>\n<\/li>\n<li class=\"\" data-start=\"2769\" data-end=\"2852\">\n<p class=\"\" data-start=\"2772\" data-end=\"2852\"><strong data-start=\"2772\" data-end=\"2800\">Plata se face la primire<\/strong>, \u00een numerar \u2013 ceea ce \u00eenseamn\u0103 c\u0103 nu risca\u021bi nimic.<\/p>\n<\/li>\n<\/ol>\n<p class=\"\" data-start=\"2854\" data-end=\"2922\">Aceast\u0103 metod\u0103 ofer\u0103 <strong data-start=\"2875\" data-end=\"2921\">siguran\u021b\u0103, discre\u021bie \u0219i garan\u021bia calit\u0103\u021bii<\/strong>.<\/p>\n<h2 class=\"\" data-start=\"129\" data-end=\"162\">Urosaf: Beneficiile utiliz\u0103rii<\/h2>\n<p class=\"\" data-start=\"164\" data-end=\"464\">Administrarea regulat\u0103 a capsulelor <strong data-start=\"200\" data-end=\"210\">Urosaf<\/strong> aduce numeroase beneficii pentru s\u0103n\u0103tatea b\u0103rba\u021bilor, \u00een special \u00een contextul afec\u021biunilor prostatice \u0219i urinare. Datorit\u0103 compozi\u021biei sale naturale \u0219i a ingredientelor atent selec\u021bionate, acest supliment ac\u021bioneaz\u0103 \u00een mod holistic asupra organismului.<\/p>\n<h3 class=\"\" data-start=\"466\" data-end=\"511\">Principalele beneficii ale Urosaf includ:<\/h3>\n<ul data-start=\"513\" data-end=\"948\">\n<li class=\"\" data-start=\"513\" data-end=\"582\">\n<p class=\"\" data-start=\"515\" data-end=\"582\"><strong data-start=\"515\" data-end=\"550\">Reducerea inflama\u021biei prostatei<\/strong> \u0219i calmarea durerilor pelviene;<\/p>\n<\/li>\n<li class=\"\" data-start=\"583\" data-end=\"668\">\n<p class=\"\" data-start=\"585\" data-end=\"668\"><strong data-start=\"585\" data-end=\"623\">Normalizarea procesului de urinare<\/strong>, reduc\u00e2nd frecven\u021ba \u0219i disconfortul nocturn;<\/p>\n<\/li>\n<li class=\"\" data-start=\"669\" data-end=\"765\">\n<p class=\"\" data-start=\"671\" data-end=\"765\"><strong data-start=\"671\" data-end=\"720\">Stimularea produc\u021biei naturale de testosteron<\/strong>, ceea ce contribuie la cre\u0219terea libidoului;<\/p>\n<\/li>\n<li class=\"\" data-start=\"766\" data-end=\"817\">\n<p class=\"\" data-start=\"768\" data-end=\"817\"><strong data-start=\"768\" data-end=\"816\">\u00cembun\u0103t\u0103\u021birea func\u021biei sexuale \u0219i a poten\u021bei<\/strong>;<\/p>\n<\/li>\n<li class=\"\" data-start=\"818\" data-end=\"878\">\n<p class=\"\" data-start=\"820\" data-end=\"878\"><strong data-start=\"820\" data-end=\"877\">Sus\u021binerea s\u0103n\u0103t\u0103\u021bii rinichilor \u0219i a tractului urinar<\/strong>;<\/p>\n<\/li>\n<li class=\"\" data-start=\"879\" data-end=\"948\">\n<p class=\"\" data-start=\"881\" data-end=\"948\"><strong data-start=\"881\" data-end=\"947\">Energie mai bun\u0103, tonus general crescut \u0219i mai pu\u021bin\u0103 oboseal\u0103<\/strong>.<\/p>\n<\/li>\n<\/ul>\n<p class=\"\" data-start=\"950\" data-end=\"1097\">Pe termen lung, utilizarea Urosaf contribuie la <strong data-start=\"998\" data-end=\"1027\">prevenirea complica\u021biilor<\/strong> precum adenomul de prostat\u0103 sau infertilitatea de cauz\u0103 inflamatorie.<\/p>\n<hr class=\"\" data-start=\"1099\" data-end=\"1102\" \/>\n<h2 class=\"\" data-start=\"1104\" data-end=\"1155\">Urosaf cum se utilizeaz\u0103: instruc\u021biuni, prospect<\/h2>\n<p class=\"\" data-start=\"1157\" data-end=\"1303\">Urosaf vine sub form\u0103 de <strong data-start=\"1182\" data-end=\"1213\">capsule u\u0219or de administrat<\/strong>, iar instruc\u021biunile de utilizare sunt simple, fiind disponibile \u00een prospectul produsului.<\/p>\n<h3 class=\"\" data-start=\"1305\" data-end=\"1326\">Dozaj recomandat:<\/h3>\n<ul data-start=\"1327\" data-end=\"1537\">\n<li class=\"\" data-start=\"1327\" data-end=\"1432\">\n<p class=\"\" data-start=\"1329\" data-end=\"1432\"><strong data-start=\"1329\" data-end=\"1357\">1 capsul\u0103 de 2 ori pe zi<\/strong>, de preferat diminea\u021ba \u0219i seara, \u00eenainte de mese, cu un pahar mare de ap\u0103.<\/p>\n<\/li>\n<li class=\"\" data-start=\"1433\" data-end=\"1537\">\n<p class=\"\" data-start=\"1435\" data-end=\"1537\">Cura recomandat\u0103: <strong data-start=\"1453\" data-end=\"1467\">30 de zile<\/strong>, cu posibilitate de prelungire \u00een func\u021bie de severitatea simptomelor.<\/p>\n<\/li>\n<\/ul>\n<p class=\"\" data-start=\"1539\" data-end=\"1765\">Este important s\u0103 <strong data-start=\"1557\" data-end=\"1600\">nu \u00eentrerupe\u021bi tratamentul prea devreme<\/strong>, chiar dac\u0103 simptomele dispar rapid. Urosaf ac\u021bioneaz\u0103 at\u00e2t asupra simptomelor, c\u00e2t \u0219i asupra cauzei inflamatorii, deci este esen\u021bial\u0103 finalizarea ciclului complet.<\/p>\n<p class=\"\" data-start=\"1767\" data-end=\"1909\">Prospectul complet este disponibil \u00een ambalajul produsului, iar informa\u021bii suplimentare se pot ob\u021bine \u0219i pe site-ul oficial al produc\u0103torului.<\/p>\n<hr class=\"\" data-start=\"1911\" data-end=\"1914\" \/>\n<h2 class=\"\" data-start=\"1916\" data-end=\"1948\">Urosaf: Rezultatul utiliz\u0103rii<\/h2>\n<p class=\"\" data-start=\"1950\" data-end=\"2164\">Rezultatele utiliz\u0103rii Urosaf devin vizibile <strong data-start=\"1995\" data-end=\"2028\">\u00eencep\u00e2nd cu primele 7-10 zile<\/strong> de administrare. Majoritatea utilizatorilor raporteaz\u0103 o <strong data-start=\"2086\" data-end=\"2143\">sc\u0103dere semnificativ\u0103 a inflama\u021biei \u0219i disconfortului<\/strong> \u00een aceast\u0103 perioad\u0103.<\/p>\n<h3 class=\"\" data-start=\"2166\" data-end=\"2213\">Rezultate raportate de utilizatori \u00een 2025:<\/h3>\n<ul data-start=\"2215\" data-end=\"2468\">\n<li class=\"\" data-start=\"2215\" data-end=\"2272\">\n<p class=\"\" data-start=\"2217\" data-end=\"2272\">Reducerea senza\u021biei de presiune asupra vezicii urinare;<\/p>\n<\/li>\n<li class=\"\" data-start=\"2273\" data-end=\"2314\">\n<p class=\"\" data-start=\"2275\" data-end=\"2314\">Eliminarea urin\u0103rii nocturne frecvente;<\/p>\n<\/li>\n<li class=\"\" data-start=\"2315\" data-end=\"2352\">\n<p class=\"\" data-start=\"2317\" data-end=\"2352\">\u00cembun\u0103t\u0103\u021birea performan\u021bei sexuale;<\/p>\n<\/li>\n<li class=\"\" data-start=\"2353\" data-end=\"2409\">\n<p class=\"\" data-start=\"2355\" data-end=\"2409\">Dispari\u021bia durerilor la urinare sau \u00een zona inghinal\u0103;<\/p>\n<\/li>\n<li class=\"\" data-start=\"2410\" data-end=\"2468\">\n<p class=\"\" data-start=\"2412\" data-end=\"2468\">Restabilirea \u00eencrederii \u0219i a calit\u0103\u021bii vie\u021bii personale.<\/p>\n<\/li>\n<\/ul>\n<p class=\"\" data-start=\"2470\" data-end=\"2609\">Dup\u0103 o lun\u0103 de utilizare, mul\u021bi b\u0103rba\u021bi constat\u0103 o <strong data-start=\"2521\" data-end=\"2572\">revenire complet\u0103 la starea de s\u0103n\u0103tate normal\u0103<\/strong> \u0219i o func\u021bionare optim\u0103 a prostatei.<\/p>\n<hr class=\"\" data-start=\"2611\" data-end=\"2614\" \/>\n<h2 class=\"\" data-start=\"2616\" data-end=\"2662\">Urosaf: Efecte secundare \u0219i contraindica\u021bii<\/h2>\n<p class=\"\" data-start=\"2664\" data-end=\"2880\">Unul dintre marile avantaje ale Urosaf este c\u0103 <strong data-start=\"2711\" data-end=\"2766\">nu con\u021bine substan\u021be chimice agresive sau sintetice<\/strong>, fiind formulat <strong data-start=\"2783\" data-end=\"2820\">exclusiv din ingrediente naturale<\/strong>, extrase din plante cu propriet\u0103\u021bi terapeutice recunoscute.<\/p>\n<h3 class=\"\" data-start=\"2882\" data-end=\"2903\">Efecte secundare:<\/h3>\n<ul data-start=\"2904\" data-end=\"3119\">\n<li class=\"\" data-start=\"2904\" data-end=\"2998\">\n<p class=\"\" data-start=\"2906\" data-end=\"2998\">P\u00e2n\u0103 \u00een prezent, <strong data-start=\"2923\" data-end=\"2971\">nu au fost raportate efecte secundare majore<\/strong> \u00een urma utiliz\u0103rii Urosaf.<\/p>\n<\/li>\n<li class=\"\" data-start=\"2999\" data-end=\"3119\">\n<p class=\"\" data-start=\"3001\" data-end=\"3119\">\u00cen cazuri rare, unele persoane pot manifesta <strong data-start=\"3046\" data-end=\"3082\">o u\u0219oar\u0103 sensibilitate digestiv\u0103<\/strong> \u00een primele zile, care dispare rapid.<\/p>\n<\/li>\n<\/ul>\n<h3 class=\"\" data-start=\"3121\" data-end=\"3141\">Contraindica\u021bii:<\/h3>\n<ul data-start=\"3142\" data-end=\"3471\">\n<li class=\"\" data-start=\"3142\" data-end=\"3259\">\n<p class=\"\" data-start=\"3144\" data-end=\"3259\">Nu este recomandat persoanelor cu <strong data-start=\"3178\" data-end=\"3228\">alergii la oricare dintre ingredientele active<\/strong> (de ex. meri\u0219oare sau urzic\u0103).<\/p>\n<\/li>\n<li class=\"\" data-start=\"3260\" data-end=\"3353\">\n<p class=\"\" data-start=\"3262\" data-end=\"3353\">Femeile \u0219i copiii nu trebuie s\u0103 utilizeze acest produs, fiind destinat exclusiv b\u0103rba\u021bilor.<\/p>\n<\/li>\n<li class=\"\" data-start=\"3354\" data-end=\"3471\">\n<p class=\"\" data-start=\"3356\" data-end=\"3471\">Consultarea unui medic este recomandat\u0103 \u00een cazul unor afec\u021biuni cronice sau tratamente medicamentoase preexistente.<\/p>\n<\/li>\n<\/ul>\n<p class=\"\" data-start=\"3473\" data-end=\"3723\"><strong data-start=\"3535\" data-end=\"3596\">Urosaf este considerat un supliment sigur \u0219i bine tolerat<\/strong>, chiar \u0219i pe termen lung. Rata reac\u021biilor adverse este extrem de redus\u0103, iar beneficiile dep\u0103\u0219esc cu mult eventualele riscuri.<\/p>\n","protected":false},"excerpt":{"rendered":"<p style=\"text-align: center;\"><a href=\"https:\/\/kshop34.site\/wilgJe\/\"><button>CUMP\u0102R\u0102<\/button><\/a><\/p>\n<p>NUM\u0102R:2077<\/p>\n","protected":false},"featured_media":848,"comment_status":"open","ping_status":"closed","template":"","meta":[],"product_brand":[],"product_cat":[18],"product_tag":[],"class_list":{"0":"post-847","1":"product","2":"type-product","3":"status-publish","4":"has-post-thumbnail","6":"product_cat-sanatate","7":"thunk-woo-product-list","8":"opn-qv-enable","9":"top-store-woo-hover-","10":"top-store-single-product-tab-horizontal","11":"top-store-shadow-","12":"top-store-shadow-hover-","14":"first","15":"instock","16":"sale","17":"shipping-taxable","18":"purchasable","19":"product-type-simple"},"aioseo_notices":[],"_links":{"self":[{"href":"https:\/\/spitalpremiere.ro\/apt\/wp-json\/wp\/v2\/product\/847","targetHints":{"allow":["GET"]}}],"collection":[{"href":"https:\/\/spitalpremiere.ro\/apt\/wp-json\/wp\/v2\/product"}],"about":[{"href":"https:\/\/spitalpremiere.ro\/apt\/wp-json\/wp\/v2\/types\/product"}],"replies":[{"embeddable":true,"href":"https:\/\/spitalpremiere.ro\/apt\/wp-json\/wp\/v2\/comments?post=847"}],"wp:featuredmedia":[{"embeddable":true,"href":"https:\/\/spitalpremiere.ro\/apt\/wp-json\/wp\/v2\/media\/848"}],"wp:attachment":[{"href":"https:\/\/spitalpremiere.ro\/apt\/wp-json\/wp\/v2\/media?parent=847"}],"wp:term":[{"taxonomy":"product_brand","embeddable":true,"href":"https:\/\/spitalpremiere.ro\/apt\/wp-json\/wp\/v2\/product_brand?post=847"},{"taxonomy":"product_cat","embeddable":true,"href":"https:\/\/spitalpremiere.ro\/apt\/wp-json\/wp\/v2\/product_cat?post=847"},{"taxonomy":"product_tag","embeddable":true,"href":"https:\/\/spitalpremiere.ro\/apt\/wp-json\/wp\/v2\/product_tag?post=847"}],"curies":[{"name":"wp","href":"https:\/\/api.w.org\/{rel}","templated":true}]}}