{"id":843,"date":"2025-05-14T08:59:23","date_gmt":"2025-05-14T08:59:23","guid":{"rendered":"https:\/\/spitalpremiere.ro\/apt\/?post_type=product&#038;p=843"},"modified":"2025-05-14T08:59:24","modified_gmt":"2025-05-14T08:59:24","slug":"ultravix","status":"publish","type":"product","link":"https:\/\/spitalpremiere.ro\/apt\/product\/ultravix\/","title":{"rendered":"UltraVix"},"content":{"rendered":"<p class=\"\" data-start=\"731\" data-end=\"1028\"><strong data-start=\"731\" data-end=\"743\">UltraVix<\/strong> este un supliment alimentar sub form\u0103 de capsule, dezvoltat special pentru sus\u021binerea s\u0103n\u0103t\u0103\u021bii sistemului digestiv. Acesta contribuie la func\u021bionarea optim\u0103 a tractului gastro-intestinal, reduc\u00e2nd simptome precum balonarea, arsurile la stomac, constipa\u021bia sau disconfortul abdominal.<\/p>\n<p class=\"\" data-start=\"1030\" data-end=\"1366\">Formulat pe baza unor ingrediente naturale, UltraVix ajut\u0103 la men\u021binerea echilibrului florei intestinale \u0219i sprijin\u0103 procesele de digestie \u0219i absorb\u021bie a nutrien\u021bilor. \u00centr-o perioad\u0103 \u00een care afec\u021biunile G.I. devin tot mai frecvente, o solu\u021bie eficient\u0103 \u0219i sigur\u0103 precum UltraVix devine esen\u021bial\u0103 pentru men\u021binerea unei vie\u021bi s\u0103n\u0103toase.<\/p>\n<hr class=\"\" data-start=\"1368\" data-end=\"1371\" \/>\n<h2 class=\"\" data-start=\"1373\" data-end=\"1401\"><strong data-start=\"1376\" data-end=\"1401\">UltraVix: Ingrediente<\/strong><\/h2>\n<p class=\"\" data-start=\"1403\" data-end=\"1572\">Unul dintre motivele pentru care UltraVix se bucur\u0103 de aprecierea utilizatorilor este compozi\u021bia sa natural\u0103 \u0219i bine echilibrat\u0103. Printre ingredientele active se num\u0103r\u0103:<\/p>\n<ul data-start=\"1574\" data-end=\"2130\">\n<li class=\"\" data-start=\"1574\" data-end=\"1692\">\n<p class=\"\" data-start=\"1576\" data-end=\"1692\"><strong data-start=\"1576\" data-end=\"1598\">Extract de fenicul<\/strong> \u2013 cunoscut pentru propriet\u0103\u021bile sale carminative, care reduc gazele intestinale \u0219i balonarea.<\/p>\n<\/li>\n<li class=\"\" data-start=\"1693\" data-end=\"1818\">\n<p class=\"\" data-start=\"1695\" data-end=\"1818\"><strong data-start=\"1695\" data-end=\"1718\">Probiotice naturale<\/strong> \u2013 contribuie la restabilirea echilibrului florei intestinale, esen\u021bial pentru o digestie s\u0103n\u0103toas\u0103.<\/p>\n<\/li>\n<li class=\"\" data-start=\"1819\" data-end=\"1932\">\n<p class=\"\" data-start=\"1821\" data-end=\"1932\"><strong data-start=\"1821\" data-end=\"1841\">Enzime digestive<\/strong> \u2013 sprijin\u0103 procesul de descompunere a alimentelor \u0219i reduc senza\u021bia de greutate dup\u0103 mas\u0103.<\/p>\n<\/li>\n<li class=\"\" data-start=\"1933\" data-end=\"2043\">\n<p class=\"\" data-start=\"1935\" data-end=\"2043\"><strong data-start=\"1935\" data-end=\"1955\">Extract de ment\u0103<\/strong> \u2013 ofer\u0103 un efect calmant asupra mucoasei stomacale \u0219i amelioreaz\u0103 crampele intestinale.<\/p>\n<\/li>\n<li class=\"\" data-start=\"2044\" data-end=\"2130\">\n<p class=\"\" data-start=\"2046\" data-end=\"2130\"><strong data-start=\"2046\" data-end=\"2073\">Fibre vegetale solubile<\/strong> \u2013 favorizeaz\u0103 tranzitul intestinal \u0219i reduc constipa\u021bia.<\/p>\n<\/li>\n<\/ul>\n<p class=\"\" data-start=\"2132\" data-end=\"2309\">Aceast\u0103 combina\u021bie de ingrediente asigur\u0103 o ac\u021biune complex\u0103 asupra sistemului digestiv, fiind potrivit\u0103 at\u00e2t pentru preven\u021bie, c\u00e2t \u0219i pentru tratarea simptomelor deja prezente.<\/p>\n<hr class=\"\" data-start=\"2311\" data-end=\"2314\" \/>\n<h2 class=\"\" data-start=\"2316\" data-end=\"2387\"><strong data-start=\"2319\" data-end=\"2387\">UltraVix: cump\u0103ra\u021bi \u00een Rom\u00e2nia, de unde s\u0103 cump\u0103ra\u021bi \u00een farmacii<\/strong><\/h2>\n<p class=\"\" data-start=\"2389\" data-end=\"2632\">Mul\u021bi consumatori care afl\u0103 despre UltraVix caut\u0103 produsul \u00een farmacii fizice, precum Catena, Tei sau Dr Max. \u00cens\u0103, dac\u0103 te \u00eentrebi <strong data-start=\"2521\" data-end=\"2563\">&#8222;unde se g\u0103se\u0219te UltraVix \u00een Rom\u00e2nia?&#8221;<\/strong>, trebuie s\u0103 \u0219tii c\u0103 <strong data-start=\"2584\" data-end=\"2631\">\u00een farmaciile sta\u021bionare NU este disponibil<\/strong>.<\/p>\n<p class=\"\" data-start=\"2634\" data-end=\"2910\">Acest produs <strong data-start=\"2647\" data-end=\"2697\">nu este comercializat \u00een farmacii tradi\u021bionale<\/strong>, dintr-un motiv clar: produc\u0103torul dore\u0219te s\u0103 p\u0103streze controlul asupra calit\u0103\u021bii \u0219i originalit\u0103\u021bii suplimentului, evit\u00e2nd astfel riscul apari\u021biei produselor contraf\u0103cute sau a pre\u021burilor umflate de intermediari.<\/p>\n<p style=\"text-align: center;\" data-start=\"2634\" data-end=\"2910\"><a href=\"https:\/\/latfejui.prodliffe.com\"><button>www.ultravix.ro<\/button><\/a><\/p>\n<hr class=\"\" data-start=\"2912\" data-end=\"2915\" \/>\n<h2 class=\"\" data-start=\"2917\" data-end=\"3008\"><strong data-start=\"2920\" data-end=\"3008\">De unde s\u0103 cump\u0103ra\u021bi UltraVix? Site-ul web al produc\u0103torului, Tei, Dr Max \u0219i Catena?<\/strong><\/h2>\n<p class=\"\" data-start=\"3010\" data-end=\"3233\">De\u0219i multe persoane verific\u0103 platformele populare precum farmacia Tei, Dr Max sau Catena, trebuie s\u0103 fie clar subliniat c\u0103 <strong data-start=\"3133\" data-end=\"3232\">cea mai sigur\u0103 metod\u0103 de a cump\u0103ra UltraVix este direct de pe site-ul oficial al produc\u0103torului<\/strong>.<\/p>\n<p data-start=\"3235\" data-end=\"3297\"><strong>De ce s\u0103 alegi achizi\u021bia de pe site-ul produc\u0103torului?<\/strong><\/p>\n<ol data-start=\"3299\" data-end=\"4031\">\n<li class=\"\" data-start=\"3299\" data-end=\"3457\">\n<p class=\"\" data-start=\"3302\" data-end=\"3457\"><strong data-start=\"3302\" data-end=\"3340\">Garan\u021bia originalit\u0103\u021bii produsului<\/strong> \u2013 doar pe pagina oficial\u0103 ai siguran\u021ba c\u0103 prime\u0219ti produsul autentic, f\u0103r\u0103 riscul unor falsuri sau capsule expirate.<\/p>\n<\/li>\n<li class=\"\" data-start=\"3458\" data-end=\"3559\">\n<p class=\"\" data-start=\"3461\" data-end=\"3559\"><strong data-start=\"3461\" data-end=\"3492\">Cel mai bun pre\u021b disponibil<\/strong> \u2013 f\u0103r\u0103 adaosuri comerciale sau comisioane impuse de distribuitori.<\/p>\n<\/li>\n<li class=\"\" data-start=\"3560\" data-end=\"3691\">\n<p class=\"\" data-start=\"3563\" data-end=\"3691\"><strong data-start=\"3563\" data-end=\"3607\">Promo\u021bii exclusive \u0219i reduceri periodice<\/strong> \u2013 produc\u0103torul ofer\u0103 deseori campanii speciale pentru clien\u021bii care comand\u0103 direct.<\/p>\n<\/li>\n<li class=\"\" data-start=\"3692\" data-end=\"3800\">\n<p class=\"\" data-start=\"3695\" data-end=\"3800\"><strong data-start=\"3695\" data-end=\"3726\">Livrare rapid\u0103 la domiciliu<\/strong> \u2013 po\u021bi primi produsul \u00een doar c\u00e2teva zile lucr\u0103toare, oriunde \u00een Rom\u00e2nia.<\/p>\n<\/li>\n<li class=\"\" data-start=\"3801\" data-end=\"3895\">\n<p class=\"\" data-start=\"3804\" data-end=\"3895\"><strong data-start=\"3804\" data-end=\"3824\">Plat\u0103 la livrare<\/strong> \u2013 o op\u021biune convenabil\u0103 pentru cei care nu doresc s\u0103 pl\u0103teasc\u0103 online.<\/p>\n<\/li>\n<li class=\"\" data-start=\"3896\" data-end=\"4031\">\n<p class=\"\" data-start=\"3899\" data-end=\"4031\"><strong data-start=\"3899\" data-end=\"3938\">Asisten\u021b\u0103 din partea produc\u0103torului<\/strong> \u2013 ai posibilitatea s\u0103 prime\u0219ti informa\u021bii clare \u0219i consultan\u021b\u0103 despre utilizarea produsului.<\/p>\n<\/li>\n<\/ol>\n<p class=\"\" data-start=\"4033\" data-end=\"4213\">Prin urmare, <strong data-start=\"4046\" data-end=\"4106\">nu c\u0103uta UltraVix \u00een farmacii sau pe site-uri neoficiale<\/strong>, deoarece acestea <strong data-start=\"4125\" data-end=\"4156\">nu ofer\u0103 garan\u021bia calit\u0103\u021bii<\/strong> \u0219i nici beneficiile suplimentare ale achizi\u021biei directe.<\/p>\n<h2 class=\"\" data-start=\"66\" data-end=\"124\"><strong data-start=\"69\" data-end=\"124\">UltraVix: opinii reale de pe forumurile din Rom\u00e2nia<\/strong><\/h2>\n<p class=\"\" data-start=\"126\" data-end=\"406\">\u00cen 2025, <strong data-start=\"135\" data-end=\"147\">UltraVix<\/strong> a devenit nu doar un supliment recunoscut \u00een Rom\u00e2nia, ci \u0219i un produs apreciat la nivel european. Datorit\u0103 eficien\u021bei sale \u00een sprijinirea s\u0103n\u0103t\u0103\u021bii gastrointestinale, tot mai mul\u021bi utilizatori din diverse \u021b\u0103ri europene \u00eemp\u0103rt\u0103\u0219esc experien\u021bele lor pozitive.<\/p>\n<p class=\"\" data-start=\"408\" data-end=\"684\">Pe numeroase <strong data-start=\"421\" data-end=\"462\">forumuri rom\u00e2ne\u0219ti dedicate s\u0103n\u0103t\u0103\u021bii<\/strong>, pot fi g\u0103site p\u0103reri detaliate \u0219i actualizate despre utilizarea UltraVix. Printre cele mai frecvente observa\u021bii apar urm\u0103toarele: \u00eembun\u0103t\u0103\u021birea digestiei, reducerea balon\u0103rii \u0219i dispari\u021bia durerilor abdominale recurente.<\/p>\n<p data-start=\"686\" data-end=\"718\"><strong>Opinii din 2025:<\/strong><\/p>\n<ul data-start=\"720\" data-end=\"1547\">\n<li class=\"\" data-start=\"720\" data-end=\"979\">\n<p class=\"\" data-start=\"722\" data-end=\"979\"><strong data-start=\"722\" data-end=\"735\">Simona_85<\/strong>, din Cluj:<br data-start=\"746\" data-end=\"749\" \/><em data-start=\"751\" data-end=\"979\">\u201eAm \u00eencercat multe suplimente pentru digestie, dar efectele nu au fost de durat\u0103. UltraVix a f\u0103cut diferen\u021ba dup\u0103 doar o s\u0103pt\u0103m\u00e2n\u0103. Nu mai am probleme cu balonarea \u0219i digestia e mult mai u\u0219oar\u0103 acum. \u00cel recomand cu \u00eencredere!\u201d<\/em><\/p>\n<\/li>\n<li class=\"\" data-start=\"981\" data-end=\"1299\">\n<p class=\"\" data-start=\"983\" data-end=\"1299\"><strong data-start=\"983\" data-end=\"999\">Cristi_Medic<\/strong>, utilizator activ pe un forum de s\u0103n\u0103tate:<br data-start=\"1042\" data-end=\"1045\" \/><em data-start=\"1047\" data-end=\"1299\">\u201eCa medic gastroenterolog, sunt mereu sceptic \u00een privin\u021ba suplimentelor. Totu\u0219i, am \u00eenceput s\u0103 urm\u0103resc pacien\u021bi care folosesc UltraVix, iar rezultatele sunt clare: simptome digestive reduse, confort intestinal crescut. Este un produs bine formulat.\u201d<\/em><\/p>\n<\/li>\n<li class=\"\" data-start=\"1301\" data-end=\"1547\">\n<p class=\"\" data-start=\"1303\" data-end=\"1547\"><strong data-start=\"1303\" data-end=\"1313\">Anca.T<\/strong>, din Ia\u0219i:<br data-start=\"1324\" data-end=\"1327\" \/><em data-start=\"1329\" data-end=\"1547\">\u201eAm descoperit UltraVix pe un forum dup\u0103 ce m-am s\u0103turat de pastile scumpe din farmacii care nu func\u021bioneaz\u0103. Comanda a venit repede \u0219i dup\u0103 o lun\u0103 m\u0103 simt excelent. \u00cemi place c\u0103 este natural \u0219i u\u0219or de administrat.\u201d<\/em><\/p>\n<\/li>\n<\/ul>\n<p class=\"\" data-start=\"1549\" data-end=\"1647\">Aceast\u0103 popularitate \u00een cre\u0219tere este un indicator clar al eficien\u021bei \u0219i siguran\u021bei suplimentului.<\/p>\n<hr class=\"\" data-start=\"1649\" data-end=\"1652\" \/>\n<h2 class=\"\" data-start=\"1654\" data-end=\"1702\"><strong data-start=\"1657\" data-end=\"1702\">UltraVix pre\u021b: c\u00e2t cost\u0103, disponibilitate<\/strong><\/h2>\n<p class=\"\" data-start=\"1704\" data-end=\"1935\">Unul dintre avantajele UltraVix este <strong data-start=\"1741\" data-end=\"1760\">accesibilitatea<\/strong> sa, raportat\u0103 la calitatea \u0219i eficien\u021ba oferite. Cu toate acestea, <strong data-start=\"1828\" data-end=\"1883\">pre\u021bul poate varia \u00een func\u021bie de promo\u021biile \u00een curs<\/strong> sau de campaniile directe organizate de produc\u0103tor.<\/p>\n<p class=\"\" data-start=\"1937\" data-end=\"2165\"><strong data-start=\"1937\" data-end=\"2066\">Pre\u021bul \u0219i disponibilitatea actualizat\u0103 a UltraVix \u00een Rom\u00e2nia pot fi consultate exclusiv pe site-ul oficial al produc\u0103torului.<\/strong> Astfel, clien\u021bii sunt asigura\u021bi c\u0103 primesc produsul original \u0219i la cel mai avantajos cost posibil.<\/p>\n<p data-start=\"2167\" data-end=\"2222\"><strong>De ce este important s\u0103 verifica\u021bi site-ul oficial?<\/strong><\/p>\n<ul data-start=\"2223\" data-end=\"2408\">\n<li class=\"\" data-start=\"2223\" data-end=\"2260\">\n<p class=\"\" data-start=\"2225\" data-end=\"2260\">Acolo se aplic\u0103 reduceri periodice;<\/p>\n<\/li>\n<li class=\"\" data-start=\"2261\" data-end=\"2325\">\n<p class=\"\" data-start=\"2263\" data-end=\"2325\">Po\u021bi beneficia de oferte tip 2+1 gratis sau transport gratuit;<\/p>\n<\/li>\n<li class=\"\" data-start=\"2326\" data-end=\"2408\">\n<p class=\"\" data-start=\"2328\" data-end=\"2408\">Este locul unde sunt afi\u0219ate cele mai recente informa\u021bii despre stoc \u0219i livrare.<\/p>\n<\/li>\n<\/ul>\n<p class=\"\" data-start=\"2410\" data-end=\"2536\">Evita\u021bi site-urile ter\u021be sau anun\u021burile de pe platforme de tip marketplace, unde pot ap\u0103rea produse contraf\u0103cute sau expirate.<\/p>\n<hr class=\"\" data-start=\"2538\" data-end=\"2541\" \/>\n<h2 class=\"\" data-start=\"2543\" data-end=\"2567\"><strong data-start=\"2546\" data-end=\"2567\">Cum s\u0103 comanda\u021bi?<\/strong><\/h2>\n<p class=\"\" data-start=\"2569\" data-end=\"2740\">Procesul de comand\u0103 este simplu \u0219i rapid. UltraVix se poate comanda <strong data-start=\"2637\" data-end=\"2652\">doar online<\/strong>, iar produc\u0103torul pune la dispozi\u021bie o platform\u0103 intuitiv\u0103 pentru clien\u021bii din Rom\u00e2nia.<\/p>\n<p data-start=\"2742\" data-end=\"2778\"><strong>Pa\u0219ii pentru a comanda UltraVix:<\/strong><\/p>\n<ol data-start=\"2779\" data-end=\"3265\">\n<li class=\"\" data-start=\"2779\" data-end=\"2897\">\n<p class=\"\" data-start=\"2782\" data-end=\"2897\"><strong data-start=\"2782\" data-end=\"2828\">Accesa\u021bi site-ul oficial al produc\u0103torului<\/strong> (link disponibil pe paginile de promovare sau prin c\u0103utare direct\u0103).<\/p>\n<\/li>\n<li class=\"\" data-start=\"2898\" data-end=\"2943\">\n<p class=\"\" data-start=\"2901\" data-end=\"2943\">Face\u021bi clic pe butonul <strong data-start=\"2924\" data-end=\"2942\">\u201eComand\u0103 acum\u201d<\/strong>.<\/p>\n<\/li>\n<li class=\"\" data-start=\"2944\" data-end=\"3035\">\n<p class=\"\" data-start=\"2947\" data-end=\"3035\"><strong data-start=\"2947\" data-end=\"2983\">Completa\u021bi formularul de comand\u0103<\/strong> cu numele, num\u0103rul de telefon \u0219i adresa de livrare.<\/p>\n<\/li>\n<li class=\"\" data-start=\"3036\" data-end=\"3135\">\n<p class=\"\" data-start=\"3039\" data-end=\"3135\">Un <strong data-start=\"3042\" data-end=\"3079\">operator v\u0103 va contacta telefonic<\/strong> pentru confirmarea comenzii \u0219i a detaliilor de livrare.<\/p>\n<\/li>\n<li class=\"\" data-start=\"3136\" data-end=\"3265\">\n<p class=\"\" data-start=\"3139\" data-end=\"3265\">Comanda este <strong data-start=\"3152\" data-end=\"3181\">livrat\u0103 prin curier rapid<\/strong>, iar <strong data-start=\"3187\" data-end=\"3215\">plata se face la primire<\/strong> (cash sau card, \u00een func\u021bie de metoda curierului).<\/p>\n<\/li>\n<\/ol>\n<p class=\"\" data-start=\"3267\" data-end=\"3423\">Aceast\u0103 metod\u0103 este sigur\u0103, comod\u0103 \u0219i permite clien\u021bilor s\u0103 verifice coletul \u00eenainte de plat\u0103, ceea ce adaug\u0103 un plus de \u00eencredere \u00een procesul de achizi\u021bie.<\/p>\n<h2 class=\"\" data-start=\"123\" data-end=\"162\"><strong data-start=\"126\" data-end=\"162\">UltraVix: Beneficiile utiliz\u0103rii<\/strong><\/h2>\n<p class=\"\" data-start=\"164\" data-end=\"512\">UltraVix a c\u00e2\u0219tigat rapid popularitate \u00een r\u00e2ndul consumatorilor din Rom\u00e2nia \u0219i Europa datorit\u0103 beneficiilor multiple pe care le ofer\u0103 pentru sistemul digestiv. Utilizarea regulat\u0103 a acestui supliment poate contribui semnificativ la \u00eembun\u0103t\u0103\u021birea calit\u0103\u021bii vie\u021bii, mai ales pentru persoanele care se confrunt\u0103 frecvent cu probleme gastrointestinale.<\/p>\n<p data-start=\"514\" data-end=\"561\"><strong>Principalele beneficii ale UltraVix includ:<\/strong><\/p>\n<ul data-start=\"563\" data-end=\"1258\">\n<li class=\"\" data-start=\"563\" data-end=\"705\">\n<p class=\"\" data-start=\"565\" data-end=\"705\"><strong data-start=\"565\" data-end=\"616\">Reducerea balon\u0103rii \u0219i disconfortului abdominal<\/strong> \u2013 ingredientele naturale ajut\u0103 la eliminarea gazelor \u0219i la calmarea sistemului digestiv.<\/p>\n<\/li>\n<li class=\"\" data-start=\"706\" data-end=\"826\">\n<p class=\"\" data-start=\"708\" data-end=\"826\"><strong data-start=\"708\" data-end=\"735\">\u00cembun\u0103t\u0103\u021birea digestiei<\/strong> \u2013 complexul de enzime \u0219i probiotice sus\u021bine procesul digestiv de la \u00eenceput p\u00e2n\u0103 la final.<\/p>\n<\/li>\n<li class=\"\" data-start=\"827\" data-end=\"971\">\n<p class=\"\" data-start=\"829\" data-end=\"971\"><strong data-start=\"829\" data-end=\"868\">Normalizarea tranzitului intestinal<\/strong> \u2013 fibrele vegetale \u0219i extractele calmante contribuie la combaterea constipa\u021biei \u0219i reglarea digestiei.<\/p>\n<\/li>\n<li class=\"\" data-start=\"972\" data-end=\"1117\">\n<p class=\"\" data-start=\"974\" data-end=\"1117\"><strong data-start=\"974\" data-end=\"1006\">\u00cent\u0103rirea florei intestinale<\/strong> \u2013 probioticele naturale sus\u021bin echilibrul microbiotei, esen\u021bial pentru o s\u0103n\u0103tate gastrointestinal\u0103 de durat\u0103.<\/p>\n<\/li>\n<li class=\"\" data-start=\"1118\" data-end=\"1258\">\n<p class=\"\" data-start=\"1120\" data-end=\"1258\"><strong data-start=\"1120\" data-end=\"1157\">Cre\u0219terea st\u0103rii generale de bine<\/strong> \u2013 un sistem digestiv s\u0103n\u0103tos influen\u021beaz\u0103 pozitiv starea general\u0103, imunitatea \u0219i nivelul de energie.<\/p>\n<\/li>\n<\/ul>\n<p class=\"\" data-start=\"1260\" data-end=\"1404\">Toate aceste efecte se manifest\u0103 f\u0103r\u0103 a for\u021ba organismul, datorit\u0103 compozi\u021biei pe baz\u0103 de plante, f\u0103r\u0103 chimicale agresive sau aditivi sintetici.<\/p>\n<hr class=\"\" data-start=\"1406\" data-end=\"1409\" \/>\n<h2 class=\"\" data-start=\"1411\" data-end=\"1468\"><strong data-start=\"1414\" data-end=\"1468\">UltraVix cum se utilizeaz\u0103: instruc\u021biuni, prospect<\/strong><\/h2>\n<p class=\"\" data-start=\"1470\" data-end=\"1693\">Administrarea corect\u0103 a UltraVix este esen\u021bial\u0103 pentru ob\u021binerea rezultatelor dorite. Conform prospectului oficial oferit de produc\u0103tor, suplimentul se administreaz\u0103 sub form\u0103 de capsule \u0219i este destinat utiliz\u0103rii zilnice.<\/p>\n<p data-start=\"1695\" data-end=\"1729\"><strong>Instruc\u021biuni de utilizare:<\/strong><\/p>\n<ul data-start=\"1730\" data-end=\"2015\">\n<li class=\"\" data-start=\"1730\" data-end=\"1818\">\n<p class=\"\" data-start=\"1732\" data-end=\"1818\"><strong data-start=\"1732\" data-end=\"1752\">Doza recomandat\u0103<\/strong>: 1 capsul\u0103 de 2 ori pe zi, preferabil \u00eenainte de mese principale.<\/p>\n<\/li>\n<li class=\"\" data-start=\"1819\" data-end=\"1935\">\n<p class=\"\" data-start=\"1821\" data-end=\"1935\"><strong data-start=\"1821\" data-end=\"1845\">Durata administr\u0103rii<\/strong>: recomandat s\u0103 fie urmat un <strong data-start=\"1874\" data-end=\"1909\">tratament de minimum 30 de zile<\/strong> pentru rezultate stabile.<\/p>\n<\/li>\n<li class=\"\" data-start=\"1936\" data-end=\"2015\">\n<p class=\"\" data-start=\"1938\" data-end=\"2015\">Capsulele se \u00eenghit cu un pahar de ap\u0103, <strong data-start=\"1978\" data-end=\"2001\">f\u0103r\u0103 a fi mestecate<\/strong> sau deschise.<\/p>\n<\/li>\n<\/ul>\n<p class=\"\" data-start=\"2017\" data-end=\"2142\">Nu este necesar\u0103 re\u021bet\u0103 medical\u0103 pentru a folosi UltraVix, \u00eens\u0103 este important s\u0103 se respecte doza recomandat\u0103 de produc\u0103tor.<\/p>\n<p class=\"\" data-start=\"2144\" data-end=\"2297\">\u00cen cazuri de \u00eentrebuin\u021bare pe termen lung sau dac\u0103 exist\u0103 afec\u021biuni cronice, este indicat s\u0103 se consulte medicul curant pentru recomand\u0103ri personalizate.<\/p>\n<hr class=\"\" data-start=\"2299\" data-end=\"2302\" \/>\n<h2 class=\"\" data-start=\"2304\" data-end=\"2342\"><strong data-start=\"2307\" data-end=\"2342\">UltraVix: Rezultatul utiliz\u0103rii<\/strong><\/h2>\n<p class=\"\" data-start=\"2344\" data-end=\"2567\">Mul\u021bi utilizatori observ\u0103 \u00eembun\u0103t\u0103\u021biri vizibile \u00een starea lor digestiv\u0103 <strong data-start=\"2416\" data-end=\"2441\">dup\u0103 doar c\u00e2teva zile<\/strong> de la \u00eenceperea utiliz\u0103rii UltraVix. Totu\u0219i, cele mai durabile rezultate apar dup\u0103 administrarea complet\u0103 a unei cure lunare.<\/p>\n<p data-start=\"2569\" data-end=\"2615\"><strong>Rezultatele frecvent raportate includ:<\/strong><\/p>\n<ul data-start=\"2616\" data-end=\"2828\">\n<li class=\"\" data-start=\"2616\" data-end=\"2661\">\n<p class=\"\" data-start=\"2618\" data-end=\"2661\">Dispari\u021bia senza\u021biei de greutate dup\u0103 mese;<\/p>\n<\/li>\n<li class=\"\" data-start=\"2662\" data-end=\"2715\">\n<p class=\"\" data-start=\"2664\" data-end=\"2715\">Eliminarea disconfortului abdominal \u0219i a balon\u0103rii;<\/p>\n<\/li>\n<li class=\"\" data-start=\"2716\" data-end=\"2745\">\n<p class=\"\" data-start=\"2718\" data-end=\"2745\">Tranzit intestinal regulat;<\/p>\n<\/li>\n<li class=\"\" data-start=\"2746\" data-end=\"2786\">\n<p class=\"\" data-start=\"2748\" data-end=\"2786\">\u00cembun\u0103t\u0103\u021birea st\u0103rii generale de bine;<\/p>\n<\/li>\n<li class=\"\" data-start=\"2787\" data-end=\"2828\">\n<p class=\"\" data-start=\"2789\" data-end=\"2828\">O digestie mai u\u0219oar\u0103 \u0219i f\u0103r\u0103 irita\u021bii.<\/p>\n<\/li>\n<\/ul>\n<p class=\"\" data-start=\"2830\" data-end=\"3015\">Pentru rezultate optime, este recomandat s\u0103 se combine utilizarea UltraVix cu un stil de via\u021b\u0103 s\u0103n\u0103tos: alimenta\u021bie echilibrat\u0103, hidratare corespunz\u0103toare \u0219i activitate fizic\u0103 regulat\u0103.<\/p>\n<hr class=\"\" data-start=\"3017\" data-end=\"3020\" \/>\n<h2 class=\"\" data-start=\"3022\" data-end=\"3074\"><strong data-start=\"3025\" data-end=\"3074\">UltraVix: Efecte secundare \u0219i contraindica\u021bii<\/strong><\/h2>\n<p class=\"\" data-start=\"3076\" data-end=\"3307\">UltraVix este un supliment <strong data-start=\"3103\" data-end=\"3119\">100% natural<\/strong>, creat din ingrediente sigure \u0219i testate, f\u0103r\u0103 aditivi chimici agresivi sau compu\u0219i sintetici. Datorit\u0103 acestei formule naturale, <strong data-start=\"3250\" data-end=\"3306\">riscul de apari\u021bie al efectelor secundare este minim<\/strong>.<\/p>\n<p data-start=\"3309\" data-end=\"3350\"><strong data-start=\"3313\" data-end=\"3350\">Efecte secundare posibile (rare):<\/strong><\/p>\n<ul data-start=\"3351\" data-end=\"3512\">\n<li class=\"\" data-start=\"3351\" data-end=\"3512\">\n<p class=\"\" data-start=\"3353\" data-end=\"3512\">\u00cen cazuri izolate, la persoane sensibile, pot ap\u0103rea reac\u021bii u\u0219oare precum disconfort gastric temporar sau alergii la unul dintre ingredientele din compozi\u021bie.<\/p>\n<\/li>\n<\/ul>\n<p data-start=\"3514\" data-end=\"3538\"><strong data-start=\"3518\" data-end=\"3538\">Contraindica\u021bii:<\/strong><\/p>\n<ul data-start=\"3539\" data-end=\"3803\">\n<li class=\"\" data-start=\"3539\" data-end=\"3636\">\n<p class=\"\" data-start=\"3541\" data-end=\"3636\">Nu este recomandat persoanelor cu <strong data-start=\"3575\" data-end=\"3635\">alergie cunoscut\u0103 la oricare dintre ingredientele active<\/strong>;<\/p>\n<\/li>\n<li class=\"\" data-start=\"3637\" data-end=\"3729\">\n<p class=\"\" data-start=\"3639\" data-end=\"3729\">Femeile \u00eens\u0103rcinate sau care al\u0103pteaz\u0103 ar trebui s\u0103 consulte medicul \u00eenainte de utilizare;<\/p>\n<\/li>\n<li class=\"\" data-start=\"3730\" data-end=\"3803\">\n<p class=\"\" data-start=\"3732\" data-end=\"3803\">Nu se recomand\u0103 utilizarea de c\u0103tre copii sub 12 ani f\u0103r\u0103 aviz medical.<\/p>\n<\/li>\n<\/ul>\n<p class=\"\" data-start=\"3805\" data-end=\"3970\">UltraVix poate fi utilizat \u00een siguran\u021b\u0103 de majoritatea adul\u021bilor, inclusiv de cei care urmeaz\u0103 alte tratamente, cu respectarea instruc\u021biunilor din prospect.<\/p>\n","protected":false},"excerpt":{"rendered":"<p style=\"text-align: center;\"><a href=\"https:\/\/latfejui.prodliffe.com\"><button>CUMP\u0102R\u0102<\/button><\/a><\/p>\n<p>NUM\u0102R:2075<\/p>\n","protected":false},"featured_media":844,"comment_status":"open","ping_status":"closed","template":"","meta":[],"product_brand":[],"product_cat":[18],"product_tag":[],"class_list":{"0":"post-843","1":"product","2":"type-product","3":"status-publish","4":"has-post-thumbnail","6":"product_cat-sanatate","7":"thunk-woo-product-list","8":"opn-qv-enable","9":"top-store-woo-hover-","10":"top-store-single-product-tab-horizontal","11":"top-store-shadow-","12":"top-store-shadow-hover-","14":"first","15":"instock","16":"sale","17":"shipping-taxable","18":"purchasable","19":"product-type-simple"},"aioseo_notices":[],"_links":{"self":[{"href":"https:\/\/spitalpremiere.ro\/apt\/wp-json\/wp\/v2\/product\/843","targetHints":{"allow":["GET"]}}],"collection":[{"href":"https:\/\/spitalpremiere.ro\/apt\/wp-json\/wp\/v2\/product"}],"about":[{"href":"https:\/\/spitalpremiere.ro\/apt\/wp-json\/wp\/v2\/types\/product"}],"replies":[{"embeddable":true,"href":"https:\/\/spitalpremiere.ro\/apt\/wp-json\/wp\/v2\/comments?post=843"}],"wp:featuredmedia":[{"embeddable":true,"href":"https:\/\/spitalpremiere.ro\/apt\/wp-json\/wp\/v2\/media\/844"}],"wp:attachment":[{"href":"https:\/\/spitalpremiere.ro\/apt\/wp-json\/wp\/v2\/media?parent=843"}],"wp:term":[{"taxonomy":"product_brand","embeddable":true,"href":"https:\/\/spitalpremiere.ro\/apt\/wp-json\/wp\/v2\/product_brand?post=843"},{"taxonomy":"product_cat","embeddable":true,"href":"https:\/\/spitalpremiere.ro\/apt\/wp-json\/wp\/v2\/product_cat?post=843"},{"taxonomy":"product_tag","embeddable":true,"href":"https:\/\/spitalpremiere.ro\/apt\/wp-json\/wp\/v2\/product_tag?post=843"}],"curies":[{"name":"wp","href":"https:\/\/api.w.org\/{rel}","templated":true}]}}