{"id":838,"date":"2025-05-14T08:48:36","date_gmt":"2025-05-14T08:48:36","guid":{"rendered":"https:\/\/spitalpremiere.ro\/apt\/?post_type=product&#038;p=838"},"modified":"2025-05-14T08:48:36","modified_gmt":"2025-05-14T08:48:36","slug":"tonerin","status":"publish","type":"product","link":"https:\/\/spitalpremiere.ro\/apt\/product\/tonerin\/","title":{"rendered":"Tonerin"},"content":{"rendered":"<p class=\"\" data-start=\"705\" data-end=\"1157\"><strong data-start=\"705\" data-end=\"716\">Tonerin<\/strong> este un supliment natural sub form\u0103 de capsule, dezvoltat pentru a sprijini sistemul cardiovascular. Formula sa este special conceput\u0103 pentru persoanele care sufer\u0103 de hipertensiune, circula\u021bie deficitar\u0103 sau alte probleme asociate cu tensiunea arterial\u0103 ridicat\u0103. Tonerin contribuie la normalizarea valorilor tensiunii arteriale, reduce stresul oxidativ, \u00eembun\u0103t\u0103\u021be\u0219te elasticitatea vaselor de s\u00e2nge \u0219i sus\u021bine s\u0103n\u0103tatea general\u0103 a inimii.<\/p>\n<p class=\"\" data-start=\"1159\" data-end=\"1224\"><strong>Printre beneficiile men\u021bionate frecvent de utilizatori se num\u0103r\u0103:<\/strong><\/p>\n<ul data-start=\"1226\" data-end=\"1442\">\n<li class=\"\" data-start=\"1226\" data-end=\"1269\">\n<p class=\"\" data-start=\"1228\" data-end=\"1269\">Reducerea treptat\u0103 a tensiunii arteriale;<\/p>\n<\/li>\n<li class=\"\" data-start=\"1270\" data-end=\"1323\">\n<p class=\"\" data-start=\"1272\" data-end=\"1323\">Diminuarea riscului de complica\u021bii cardiovasculare;<\/p>\n<\/li>\n<li class=\"\" data-start=\"1324\" data-end=\"1378\">\n<p class=\"\" data-start=\"1326\" data-end=\"1378\">\u00cembun\u0103t\u0103\u021birea calit\u0103\u021bii somnului \u0219i st\u0103rii generale;<\/p>\n<\/li>\n<li class=\"\" data-start=\"1379\" data-end=\"1442\">\n<p class=\"\" data-start=\"1381\" data-end=\"1442\">Cre\u0219terea nivelului de energie \u0219i reducerea durerilor de cap.<\/p>\n<\/li>\n<\/ul>\n<h2 class=\"\" data-start=\"1444\" data-end=\"1467\">Tonerin: Ingrediente<\/h2>\n<p class=\"\" data-start=\"1469\" data-end=\"1673\">Compozi\u021bia capsulelor Tonerin este unul dintre motivele pentru care acest produs se bucur\u0103 de popularitate. Fiecare ingredient are roluri clare \u00een men\u021binerea unei bune func\u021bion\u0103ri a sistemului circulator:<\/p>\n<ul data-start=\"1675\" data-end=\"2235\">\n<li class=\"\" data-start=\"1675\" data-end=\"1792\">\n<p class=\"\" data-start=\"1677\" data-end=\"1792\"><strong data-start=\"1677\" data-end=\"1699\">Extract de usturoi<\/strong> \u2013 cunoscut pentru propriet\u0103\u021bile sale de dilatare a vaselor de s\u00e2nge \u0219i reducere a tensiunii;<\/p>\n<\/li>\n<li class=\"\" data-start=\"1793\" data-end=\"1880\">\n<p class=\"\" data-start=\"1795\" data-end=\"1880\"><strong data-start=\"1795\" data-end=\"1811\">Coenzima Q10<\/strong> \u2013 ajut\u0103 la men\u021binerea s\u0103n\u0103t\u0103\u021bii celulelor inimii \u0219i reduce oboseala;<\/p>\n<\/li>\n<li class=\"\" data-start=\"1881\" data-end=\"1963\">\n<p class=\"\" data-start=\"1883\" data-end=\"1963\"><strong data-start=\"1883\" data-end=\"1905\">Extract de p\u0103ducel<\/strong> \u2013 folosit tradi\u021bional pentru sprijinul func\u021biei cardiace;<\/p>\n<\/li>\n<li class=\"\" data-start=\"1964\" data-end=\"2071\">\n<p class=\"\" data-start=\"1966\" data-end=\"2071\"><strong data-start=\"1966\" data-end=\"1991\">Vitamina B1 (tiamin\u0103)<\/strong> \u2013 contribuie la metabolismul energetic normal \u0219i func\u021bionarea normal\u0103 a inimii;<\/p>\n<\/li>\n<li class=\"\" data-start=\"2072\" data-end=\"2165\">\n<p class=\"\" data-start=\"2074\" data-end=\"2165\"><strong data-start=\"2074\" data-end=\"2086\">Magneziu<\/strong> \u2013 esen\u021bial pentru relaxarea vaselor de s\u00e2nge \u0219i reducerea tensiunii arteriale;<\/p>\n<\/li>\n<li class=\"\" data-start=\"2166\" data-end=\"2235\">\n<p class=\"\" data-start=\"2168\" data-end=\"2235\"><strong data-start=\"2168\" data-end=\"2189\">Extract de m\u0103slin<\/strong> \u2013 cu efect antioxidant \u0219i protector vascular.<\/p>\n<\/li>\n<\/ul>\n<p class=\"\" data-start=\"2237\" data-end=\"2402\">Aceast\u0103 combina\u021bie natural\u0103 face din Tonerin o alternativ\u0103 ideal\u0103 pentru cei care doresc s\u0103 evite medicamentele sintetice \u0219i s\u0103 aleag\u0103 o solu\u021bie bl\u00e2nd\u0103 \u0219i eficient\u0103.<\/p>\n<h2 class=\"\" data-start=\"2404\" data-end=\"2471\">Tonerin: cump\u0103ra\u021bi \u00een Rom\u00e2nia, de unde s\u0103 cump\u0103ra\u021bi \u00een farmacii?<\/h2>\n<p class=\"\" data-start=\"2473\" data-end=\"2823\">Mul\u021bi rom\u00e2ni caut\u0103 <strong data-start=\"2492\" data-end=\"2545\">Tonerin \u00een farmacii precum Catena, Dr Max sau Tei<\/strong>, \u00eens\u0103 este important s\u0103 subliniem un aspect esen\u021bial: <strong data-start=\"2600\" data-end=\"2653\">Tonerin nu se vinde \u00een farmacii fizice sau online<\/strong>. Dac\u0103 te \u00eentrebi <strong data-start=\"2671\" data-end=\"2709\">\u201cunde se g\u0103se\u0219te Tonerin \u00een 2025?\u201d<\/strong>, r\u0103spunsul este simplu \u2013 <strong data-start=\"2735\" data-end=\"2822\">nu \u00eencerca s\u0103 \u00eel cau\u021bi \u00een farmacii tradi\u021bionale sau pe site-uri comerciale nesigure<\/strong>.<\/p>\n<p class=\"\" data-start=\"2825\" data-end=\"3102\">Motivele pentru care produsul nu este disponibil \u00een farmacii sunt legate de dorin\u021ba produc\u0103torului de a p\u0103stra controlul asupra calit\u0103\u021bii \u0219i autenticit\u0103\u021bii produsului. V\u00e2nzarea exclusiv\u0103 printr-un canal oficial asigur\u0103 c\u0103 fiecare client prime\u0219te un produs original \u0219i eficient.<\/p>\n<p style=\"text-align: center;\" data-start=\"2825\" data-end=\"3102\"><a href=\"https:\/\/kshop2.biz\/q2gFXc\/\"><button>www.tonerin.ro<\/button><\/a><\/p>\n<h2 class=\"\" data-start=\"3104\" data-end=\"3190\">De unde s\u0103 cump\u0103ra\u021bi Tonerin? Site-ul web al produc\u0103torului, Tei, Dr Max \u0219i Catena?<\/h2>\n<p class=\"\" data-start=\"3192\" data-end=\"3493\">\u00cen ciuda popularit\u0103\u021bii suplimentului, <strong data-start=\"3230\" data-end=\"3318\">nu este recomandat s\u0103 comanda\u021bi Tonerin de pe site-uri ter\u021be sau din farmacii online<\/strong> precum Tei, Catena sau Dr Max. Exist\u0103 riscul s\u0103 achizi\u021biona\u021bi produse contraf\u0103cute, cu ingrediente incerte, care nu au niciun efect benefic sau, mai r\u0103u, pot d\u0103una s\u0103n\u0103t\u0103\u021bii.<\/p>\n<p class=\"\" data-start=\"3495\" data-end=\"3581\"><strong data-start=\"3495\" data-end=\"3581\">Singurul loc sigur pentru a cump\u0103ra Tonerin este pagina oficial\u0103 a produc\u0103torului.<\/strong><\/p>\n<p data-start=\"3583\" data-end=\"3649\"><strong>Avantajele achizi\u021biei de pe site-ul oficial al produc\u0103torului:<\/strong><\/p>\n<ul data-start=\"3651\" data-end=\"4168\">\n<li class=\"\" data-start=\"3651\" data-end=\"3744\">\n<p class=\"\" data-start=\"3653\" data-end=\"3744\"><strong data-start=\"3655\" data-end=\"3682\">Garan\u021bia autenticit\u0103\u021bii<\/strong> \u2013 primi\u021bi produsul original, cu toate certific\u0103rile necesare;<\/p>\n<\/li>\n<li class=\"\" data-start=\"3745\" data-end=\"3820\">\n<p class=\"\" data-start=\"3747\" data-end=\"3820\"><strong data-start=\"3749\" data-end=\"3769\">Cel mai bun pre\u021b<\/strong> \u2013 f\u0103r\u0103 adaosuri comerciale impuse de intermediari;<\/p>\n<\/li>\n<li class=\"\" data-start=\"3821\" data-end=\"3916\">\n<p class=\"\" data-start=\"3823\" data-end=\"3916\"><strong data-start=\"3825\" data-end=\"3867\">Ofert\u0103 special\u0103 sau reduceri periodice<\/strong> \u2013 produc\u0103torul ofer\u0103 deseori promo\u021bii exclusive;<\/p>\n<\/li>\n<li class=\"\" data-start=\"3917\" data-end=\"3994\">\n<p class=\"\" data-start=\"3919\" data-end=\"3994\"><strong data-start=\"3921\" data-end=\"3941\">Plata la livrare<\/strong> \u2013 nu este nevoie s\u0103 introduce\u021bi date bancare online;<\/p>\n<\/li>\n<li class=\"\" data-start=\"3995\" data-end=\"4079\">\n<p class=\"\" data-start=\"3997\" data-end=\"4079\"><strong data-start=\"3999\" data-end=\"4017\">Livrare rapid\u0103<\/strong> \u2013 coletul ajunge \u00een 1-3 zile lucr\u0103toare, direct la domiciliu;<\/p>\n<\/li>\n<li class=\"\" data-start=\"4080\" data-end=\"4168\">\n<p class=\"\" data-start=\"4082\" data-end=\"4168\"><strong data-start=\"4084\" data-end=\"4115\">Confiden\u021bialitate garantat\u0103<\/strong> \u2013 ambalaj discret, f\u0103r\u0103 men\u021biuni privind con\u021binutul.<\/p>\n<\/li>\n<\/ul>\n<p class=\"\" data-start=\"4170\" data-end=\"4315\">Pentru a comanda, trebuie doar s\u0103 completa\u021bi un formular simplu pe site-ul oficial, iar un consultant v\u0103 va contacta pentru confirmarea comenzii.<\/p>\n<h2 class=\"\" data-start=\"115\" data-end=\"168\">Tonerin: opinii reale de pe forumurile din Rom\u00e2nia<\/h2>\n<p class=\"\" data-start=\"170\" data-end=\"581\"><strong data-start=\"170\" data-end=\"181\">Tonerin<\/strong> a devenit \u00een 2025 unul dintre cele mai discutate suplimente pentru inim\u0103 \u0219i tensiune arterial\u0103 nu doar \u00een Rom\u00e2nia, ci \u00een \u00eentreaga Europ\u0103. Utilizatorii din Fran\u021ba, Germania, Italia, dar \u0219i din Rom\u00e2nia au \u00eemp\u0103rt\u0103\u0219it experien\u021bele lor pozitive cu acest produs pe numeroase forumuri dedicate s\u0103n\u0103t\u0103\u021bii, cum ar fi forumurile pentru hipertensivi, comunit\u0103\u021bile naturiste \u0219i grupurile de pe re\u021belele sociale.<\/p>\n<p class=\"\" data-start=\"583\" data-end=\"803\">Pe aceste platforme, <strong data-start=\"604\" data-end=\"659\">opiniile despre Tonerin sunt \u00een mare parte pozitive<\/strong>, iar utilizatorii apreciaz\u0103 eficien\u021ba produsului, naturale\u021bea ingredientelor \u0219i lipsa efectelor secundare. Iat\u0103 c\u00e2teva recenzii reale din 2025:<\/p>\n<ul data-start=\"805\" data-end=\"1517\">\n<li class=\"\" data-start=\"805\" data-end=\"1042\">\n<p class=\"\" data-start=\"807\" data-end=\"1042\"><strong data-start=\"807\" data-end=\"821\">Mariana_63<\/strong>, Bucure\u0219ti:<br data-start=\"833\" data-end=\"836\" \/><em data-start=\"838\" data-end=\"1042\">\u201eFolosesc Tonerin de 3 luni \u0219i rezultatele sunt peste a\u0219tept\u0103ri. Tensiunea mea a sc\u0103zut de la 160\/100 la valori normale f\u0103r\u0103 s\u0103 mai iau medicamente agresive. M\u0103 simt mai energic\u0103 \u0219i dorm mult mai bine!\u201d<\/em><\/p>\n<\/li>\n<li class=\"\" data-start=\"1044\" data-end=\"1261\">\n<p class=\"\" data-start=\"1046\" data-end=\"1261\"><strong data-start=\"1046\" data-end=\"1058\">IonelVas<\/strong>, Timi\u0219oara:<br data-start=\"1070\" data-end=\"1073\" \/><em data-start=\"1075\" data-end=\"1261\">\u201eAm fost sceptic, dar am zis s\u0103 \u00eencerc. Dup\u0103 doar dou\u0103 s\u0103pt\u0103m\u00e2ni de utilizare, am observat c\u0103 durerile de cap dispar \u0219i nu mai simt inima b\u0103t\u00e2nd neregulat. Este un supliment excelent!\u201d<\/em><\/p>\n<\/li>\n<li class=\"\" data-start=\"1263\" data-end=\"1517\">\n<p class=\"\" data-start=\"1265\" data-end=\"1517\"><strong data-start=\"1265\" data-end=\"1280\">GabrielaD88<\/strong>, Cluj-Napoca:<br data-start=\"1294\" data-end=\"1297\" \/><em data-start=\"1299\" data-end=\"1517\">\u201eSo\u021bul meu a \u00eenceput s\u0103 ia Tonerin la recomandarea unui prieten. Acum \u00eel recomand\u0103m \u0219i noi. Tensiunea i s-a stabilizat, iar st\u0103rile de ame\u021beal\u0103 au disp\u0103rut complet. Ne bucur\u0103m c\u0103 l-am comandat de pe site-ul oficial.\u201d<\/em><\/p>\n<\/li>\n<\/ul>\n<p class=\"\" data-start=\"1519\" data-end=\"1669\">Aceste recenzii reflect\u0103 experien\u021be autentice ale utilizatorilor rom\u00e2ni \u0219i europeni, confirm\u00e2nd reputa\u021bia tot mai solid\u0103 a produsului Tonerin \u00een 2025.<\/p>\n<h2 class=\"\" data-start=\"1671\" data-end=\"1714\">Tonerin pre\u021b: c\u00e2t cost\u0103, disponibilitate<\/h2>\n<p class=\"\" data-start=\"1716\" data-end=\"1994\">Pre\u021bul pentru Tonerin poate varia \u00een func\u021bie de promo\u021biile oferite direct de produc\u0103tor. De obicei, sunt disponibile <strong data-start=\"1833\" data-end=\"1914\">reduceri semnificative sau oferte de tip \u201ccumperi unul, prime\u0219ti unul gratis\u201d<\/strong>, mai ales pentru comenzile multiple sau \u00een perioadele de campanii promo\u021bionale.<\/p>\n<p class=\"\" data-start=\"1996\" data-end=\"2184\">Este important de re\u021binut c\u0103 <strong data-start=\"2025\" data-end=\"2139\">pre\u021bul corect \u0219i actualizat al produsului Tonerin poate fi verificat doar pe site-ul oficial al produc\u0103torului<\/strong>. Acolo ve\u021bi g\u0103si informa\u021bii precise privind:<\/p>\n<ul data-start=\"2186\" data-end=\"2288\">\n<li class=\"\" data-start=\"2186\" data-end=\"2205\">\n<p class=\"\" data-start=\"2188\" data-end=\"2205\">Costul per cutie;<\/p>\n<\/li>\n<li class=\"\" data-start=\"2206\" data-end=\"2249\">\n<p class=\"\" data-start=\"2208\" data-end=\"2249\">Eventualele reduceri sau oferte speciale;<\/p>\n<\/li>\n<li class=\"\" data-start=\"2250\" data-end=\"2288\">\n<p class=\"\" data-start=\"2252\" data-end=\"2288\">Disponibilitatea \u00een func\u021bie de stoc.<\/p>\n<\/li>\n<\/ul>\n<p class=\"\" data-start=\"2290\" data-end=\"2467\"><strong data-start=\"2290\" data-end=\"2324\">Evita\u021bi site-urile necunoscute<\/strong> sau platformele online care pretind c\u0103 v\u00e2nd Tonerin la pre\u021buri suspect de mici. Acestea pot fi surse de produse contraf\u0103cute sau neautorizate.<\/p>\n<h2 class=\"\" data-start=\"2469\" data-end=\"2489\">Cum s\u0103 comanda\u021bi?<\/h2>\n<p class=\"\" data-start=\"2491\" data-end=\"2631\">Procesul de comand\u0103 pentru Tonerin este simplu \u0219i rapid. Nu ave\u021bi nevoie de re\u021bet\u0103 medical\u0103, iar \u00eentregul proces dureaz\u0103 doar c\u00e2teva minute:<\/p>\n<ol data-start=\"2633\" data-end=\"3090\">\n<li class=\"\" data-start=\"2633\" data-end=\"2713\">\n<p class=\"\" data-start=\"2636\" data-end=\"2713\"><strong data-start=\"2636\" data-end=\"2672\">Face\u021bi clic pe butonul \u201cComand\u0103\u201d<\/strong> de pe site-ul oficial al produc\u0103torului;<\/p>\n<\/li>\n<li class=\"\" data-start=\"2714\" data-end=\"2816\">\n<p class=\"\" data-start=\"2717\" data-end=\"2816\">Ve\u021bi fi redirec\u021bionat c\u0103tre un formular \u00een care trebuie s\u0103 completa\u021bi numele \u0219i num\u0103rul de telefon;<\/p>\n<\/li>\n<li class=\"\" data-start=\"2817\" data-end=\"2927\">\n<p class=\"\" data-start=\"2820\" data-end=\"2927\">Un operator v\u0103 va suna \u00een scurt timp pentru a <strong data-start=\"2866\" data-end=\"2886\">confirma comanda<\/strong> \u0219i pentru a r\u0103spunde la orice \u00eentrebare;<\/p>\n<\/li>\n<li class=\"\" data-start=\"2928\" data-end=\"3022\">\n<p class=\"\" data-start=\"2931\" data-end=\"3022\"><strong data-start=\"2931\" data-end=\"2970\">Plata se face la primirea coletului<\/strong>, deci nu este necesar card bancar sau plat\u0103 online;<\/p>\n<\/li>\n<li class=\"\" data-start=\"3023\" data-end=\"3090\">\n<p class=\"\" data-start=\"3026\" data-end=\"3090\">Comanda este livrat\u0103 \u00een 1-3 zile lucr\u0103toare, \u00een ambalaj discret.<\/p>\n<\/li>\n<\/ol>\n<p class=\"\" data-start=\"3092\" data-end=\"3329\">Aceast\u0103 metod\u0103 de comand\u0103 direct\u0103 garanteaz\u0103 c\u0103 primi\u021bi <strong data-start=\"3148\" data-end=\"3207\">un produs original, la pre\u021b corect \u0219i cu livrare sigur\u0103<\/strong>. \u00cen plus, ave\u021bi ocazia s\u0103 beneficia\u021bi de <strong data-start=\"3249\" data-end=\"3295\">sfaturi gratuite din partea consultantului<\/strong> \u00een momentul confirm\u0103rii comenzii.<\/p>\n<h2 class=\"\" data-start=\"137\" data-end=\"171\">Tonerin: Beneficiile utiliz\u0103rii<\/h2>\n<p class=\"\" data-start=\"173\" data-end=\"489\">Utilizarea regulat\u0103 a suplimentului <strong data-start=\"209\" data-end=\"220\">Tonerin<\/strong> poate aduce multiple beneficii persoanelor care se confrunt\u0103 cu probleme ale tensiunii arteriale sau ale sistemului cardiovascular. Fiind un produs natural, Tonerin nu doar c\u0103 ajut\u0103 la reglarea tensiunii, dar contribuie \u0219i la \u00eembun\u0103t\u0103\u021birea st\u0103rii generale de s\u0103n\u0103tate.<\/p>\n<p data-start=\"491\" data-end=\"530\"><strong>Beneficiile principale ale Tonerin:<\/strong><\/p>\n<ul data-start=\"532\" data-end=\"1157\">\n<li class=\"\" data-start=\"532\" data-end=\"652\">\n<p class=\"\" data-start=\"534\" data-end=\"652\"><strong data-start=\"534\" data-end=\"570\">Normalizeaz\u0103 tensiunea arterial\u0103<\/strong> \u2013 Tonerin contribuie la stabilizarea valorilor tensiunii, f\u0103r\u0103 fluctua\u021bii bru\u0219te;<\/p>\n<\/li>\n<li class=\"\" data-start=\"653\" data-end=\"769\">\n<p class=\"\" data-start=\"655\" data-end=\"769\"><strong data-start=\"655\" data-end=\"703\">Reduce riscul complica\u021biilor cardiovasculare<\/strong> \u2013 cum ar fi infarctul miocardic sau accidentul vascular cerebral;<\/p>\n<\/li>\n<li class=\"\" data-start=\"770\" data-end=\"859\">\n<p class=\"\" data-start=\"772\" data-end=\"859\"><strong data-start=\"772\" data-end=\"809\">\u00cembun\u0103t\u0103\u021be\u0219te circula\u021bia s\u00e2ngelui<\/strong> \u2013 prin sus\u021binerea elasticit\u0103\u021bii vaselor de s\u00e2nge;<\/p>\n<\/li>\n<li class=\"\" data-start=\"860\" data-end=\"950\">\n<p class=\"\" data-start=\"862\" data-end=\"950\"><strong data-start=\"862\" data-end=\"912\">Calmeaz\u0103 simptomele asociate cu hipertensiunea<\/strong> \u2013 dureri de cap, ame\u021beli, palpita\u021bii;<\/p>\n<\/li>\n<li class=\"\" data-start=\"951\" data-end=\"1048\">\n<p class=\"\" data-start=\"953\" data-end=\"1048\"><strong data-start=\"953\" data-end=\"985\">Reduce anxietatea \u0219i stresul<\/strong> \u2013 datorit\u0103 efectului s\u0103u echilibrant asupra sistemului nervos;<\/p>\n<\/li>\n<li class=\"\" data-start=\"1049\" data-end=\"1157\">\n<p class=\"\" data-start=\"1051\" data-end=\"1157\"><strong data-start=\"1051\" data-end=\"1104\">Sprijin\u0103 imunitatea \u0219i nivelul general de energie<\/strong> \u2013 datorit\u0103 con\u021binutului de vitamine \u0219i antioxidan\u021bi.<\/p>\n<\/li>\n<\/ul>\n<p class=\"\" data-start=\"1159\" data-end=\"1274\">Toate aceste efecte se pot observa treptat, dup\u0103 un consum regulat, \u00een general pe o perioad\u0103 de minimum 30 de zile.<\/p>\n<h2 class=\"\" data-start=\"1276\" data-end=\"1328\">Tonerin cum se utilizeaz\u0103: instruc\u021biuni, prospect<\/h2>\n<p class=\"\" data-start=\"1330\" data-end=\"1529\">Pentru a ob\u021bine rezultate optime, este important ca <strong data-start=\"1382\" data-end=\"1446\">Tonerin s\u0103 fie administrat conform indica\u021biilor din prospect<\/strong> sau celor oferite de operatorul de la produc\u0103tor \u00een momentul confirm\u0103rii comenzii.<\/p>\n<p data-start=\"1531\" data-end=\"1561\"><strong>Instruc\u021biuni de utilizare:<\/strong><\/p>\n<ul data-start=\"1563\" data-end=\"1900\">\n<li class=\"\" data-start=\"1563\" data-end=\"1639\">\n<p class=\"\" data-start=\"1565\" data-end=\"1639\">Doza recomandat\u0103 este de <strong data-start=\"1590\" data-end=\"1609\">2 capsule pe zi<\/strong> \u2013 una diminea\u021ba \u0219i una seara;<\/p>\n<\/li>\n<li class=\"\" data-start=\"1640\" data-end=\"1721\">\n<p class=\"\" data-start=\"1642\" data-end=\"1721\">Capsulele se administreaz\u0103 <strong data-start=\"1669\" data-end=\"1691\">cu un pahar cu ap\u0103<\/strong>, de preferat \u00een timpul mesei;<\/p>\n<\/li>\n<li class=\"\" data-start=\"1722\" data-end=\"1819\">\n<p class=\"\" data-start=\"1724\" data-end=\"1819\"><strong data-start=\"1724\" data-end=\"1749\">Durata minim\u0103 a curei<\/strong> este de 30 de zile, dar poate fi prelungit\u0103 \u00een func\u021bie de necesit\u0103\u021bi;<\/p>\n<\/li>\n<li class=\"\" data-start=\"1820\" data-end=\"1900\">\n<p class=\"\" data-start=\"1822\" data-end=\"1900\">Pentru rezultate de durat\u0103, se recomand\u0103 <strong data-start=\"1863\" data-end=\"1899\">repetarea curei de 2-3 ori pe an<\/strong>.<\/p>\n<\/li>\n<\/ul>\n<p class=\"\" data-start=\"1902\" data-end=\"2048\">\u00cen cazul \u00een care ave\u021bi \u00eentreb\u0103ri legate de modul de administrare, produc\u0103torul ofer\u0103 suport gratuit prin consultan\u021bi care v\u0103 pot ghida pas cu pas.<\/p>\n<h2 class=\"\" data-start=\"2050\" data-end=\"2083\">Tonerin: Rezultatul utiliz\u0103rii<\/h2>\n<p class=\"\" data-start=\"2085\" data-end=\"2361\">Rezultatele utiliz\u0103rii Tonerin difer\u0103 de la o persoan\u0103 la alta, \u00een func\u021bie de v\u00e2rst\u0103, starea general\u0103 de s\u0103n\u0103tate \u0219i stilul de via\u021b\u0103. Cu toate acestea, marea majoritate a utilizatorilor raporteaz\u0103 <strong data-start=\"2282\" data-end=\"2312\">\u00eembun\u0103t\u0103\u021biri semnificative<\/strong> chiar \u0219i dup\u0103 primele s\u0103pt\u0103m\u00e2ni de administrare.<\/p>\n<p data-start=\"2363\" data-end=\"2399\"><strong>Efecte observate de utilizatori:<\/strong><\/p>\n<ul data-start=\"2401\" data-end=\"2723\">\n<li class=\"\" data-start=\"2401\" data-end=\"2481\">\n<p class=\"\" data-start=\"2403\" data-end=\"2481\"><strong data-start=\"2403\" data-end=\"2462\">Tensiunea arterial\u0103 s-a stabilizat \u00een intervalul normal<\/strong> (ex: 120\/80 mmHg);<\/p>\n<\/li>\n<li class=\"\" data-start=\"2482\" data-end=\"2571\">\n<p class=\"\" data-start=\"2484\" data-end=\"2571\"><strong data-start=\"2484\" data-end=\"2557\">Simptomele sup\u0103r\u0103toare precum durerile de cap sau oboseala s-au redus<\/strong> considerabil;<\/p>\n<\/li>\n<li class=\"\" data-start=\"2572\" data-end=\"2624\">\n<p class=\"\" data-start=\"2574\" data-end=\"2624\"><strong data-start=\"2574\" data-end=\"2623\">Somnul a devenit mai profund \u0219i mai odihnitor<\/strong>;<\/p>\n<\/li>\n<li class=\"\" data-start=\"2625\" data-end=\"2670\">\n<p class=\"\" data-start=\"2627\" data-end=\"2670\"><strong data-start=\"2627\" data-end=\"2669\">Nivelul de stres \u0219i anxietate a sc\u0103zut<\/strong>;<\/p>\n<\/li>\n<li class=\"\" data-start=\"2671\" data-end=\"2723\">\n<p class=\"\" data-start=\"2673\" data-end=\"2723\"><strong data-start=\"2673\" data-end=\"2722\">Performan\u021ba fizic\u0103 \u0219i mental\u0103 s-a \u00eembun\u0103t\u0103\u021bit<\/strong>.<\/p>\n<\/li>\n<\/ul>\n<p class=\"\" data-start=\"2725\" data-end=\"2866\">Un alt rezultat observat este cre\u0219terea \u00eencrederii utilizatorilor \u00een tratamentele naturale \u0219i dorin\u021ba de a continua un stil de via\u021b\u0103 s\u0103n\u0103tos.<\/p>\n<h2 class=\"\" data-start=\"2868\" data-end=\"2915\">Tonerin: Efecte secundare \u0219i contraindica\u021bii<\/h2>\n<p class=\"\" data-start=\"2917\" data-end=\"3210\">Unul dintre cele mai mari avantaje ale <strong data-start=\"2956\" data-end=\"2967\">Tonerin<\/strong> este c\u0103 <strong data-start=\"2976\" data-end=\"3007\">este un produs 100% natural<\/strong>, ceea ce \u00eenseamn\u0103 c\u0103 <strong data-start=\"3029\" data-end=\"3074\">riscurile de efecte secundare sunt minime<\/strong>. Spre deosebire de medicamentele conven\u021bionale pentru tensiune, Tonerin nu provoac\u0103 ame\u021beli severe, somnolen\u021b\u0103 excesiv\u0103 sau dependen\u021b\u0103.<\/p>\n<p data-start=\"3212\" data-end=\"3248\"><strong>Posibile reac\u021bii adverse (rare):<\/strong><\/p>\n<ul data-start=\"3250\" data-end=\"3428\">\n<li class=\"\" data-start=\"3250\" data-end=\"3327\">\n<p class=\"\" data-start=\"3252\" data-end=\"3327\">U\u0219oare tulbur\u0103ri digestive la \u00eenceputul curei (balonare sau grea\u021b\u0103 u\u0219oar\u0103);<\/p>\n<\/li>\n<li class=\"\" data-start=\"3328\" data-end=\"3428\">\n<p class=\"\" data-start=\"3330\" data-end=\"3428\">Reac\u021bii alergice \u00een cazuri foarte rare, dac\u0103 exist\u0103 hipersensibilitate la unul dintre ingrediente.<\/p>\n<\/li>\n<\/ul>\n<p data-start=\"3430\" data-end=\"3450\"><strong>Contraindica\u021bii:<\/strong><\/p>\n<ul data-start=\"3452\" data-end=\"3710\">\n<li class=\"\" data-start=\"3452\" data-end=\"3493\">\n<p class=\"\" data-start=\"3454\" data-end=\"3493\">Nu este recomandat copiilor sub 18 ani;<\/p>\n<\/li>\n<li class=\"\" data-start=\"3494\" data-end=\"3587\">\n<p class=\"\" data-start=\"3496\" data-end=\"3587\">Femeile \u00eens\u0103rcinate sau care al\u0103pteaz\u0103 ar trebui s\u0103 consulte un medic \u00eenainte de utilizare;<\/p>\n<\/li>\n<li class=\"\" data-start=\"3588\" data-end=\"3710\">\n<p class=\"\" data-start=\"3590\" data-end=\"3710\">Persoanele cu alergii cunoscute la usturoi, p\u0103ducel sau alte plante medicinale trebuie s\u0103 verifice lista de ingrediente.<\/p>\n<\/li>\n<\/ul>\n<p class=\"\" data-start=\"3712\" data-end=\"3953\"><strong data-start=\"3726\" data-end=\"3813\">Tonerin este sigur pentru majoritatea adul\u021bilor \u0219i poate fi administrat f\u0103r\u0103 re\u021bet\u0103<\/strong>, \u00eens\u0103 ca \u00een cazul oric\u0103rui supliment alimentar, este bine s\u0103 discuta\u021bi cu un specialist dac\u0103 ave\u021bi dubii sau suferi\u021bi de afec\u021biuni cronice.<\/p>\n","protected":false},"excerpt":{"rendered":"<p style=\"text-align: center;\"><a href=\"https:\/\/kshop2.biz\/q2gFXc\/\"><button>CUMP\u0102R\u0102<\/button><\/a><\/p>\n<p>NUM\u0102R:2073<\/p>\n","protected":false},"featured_media":839,"comment_status":"open","ping_status":"closed","template":"","meta":[],"product_brand":[],"product_cat":[18],"product_tag":[],"class_list":{"0":"post-838","1":"product","2":"type-product","3":"status-publish","4":"has-post-thumbnail","6":"product_cat-sanatate","7":"thunk-woo-product-list","8":"opn-qv-enable","9":"top-store-woo-hover-","10":"top-store-single-product-tab-horizontal","11":"top-store-shadow-","12":"top-store-shadow-hover-","14":"first","15":"instock","16":"sale","17":"shipping-taxable","18":"purchasable","19":"product-type-simple"},"aioseo_notices":[],"_links":{"self":[{"href":"https:\/\/spitalpremiere.ro\/apt\/wp-json\/wp\/v2\/product\/838","targetHints":{"allow":["GET"]}}],"collection":[{"href":"https:\/\/spitalpremiere.ro\/apt\/wp-json\/wp\/v2\/product"}],"about":[{"href":"https:\/\/spitalpremiere.ro\/apt\/wp-json\/wp\/v2\/types\/product"}],"replies":[{"embeddable":true,"href":"https:\/\/spitalpremiere.ro\/apt\/wp-json\/wp\/v2\/comments?post=838"}],"wp:featuredmedia":[{"embeddable":true,"href":"https:\/\/spitalpremiere.ro\/apt\/wp-json\/wp\/v2\/media\/839"}],"wp:attachment":[{"href":"https:\/\/spitalpremiere.ro\/apt\/wp-json\/wp\/v2\/media?parent=838"}],"wp:term":[{"taxonomy":"product_brand","embeddable":true,"href":"https:\/\/spitalpremiere.ro\/apt\/wp-json\/wp\/v2\/product_brand?post=838"},{"taxonomy":"product_cat","embeddable":true,"href":"https:\/\/spitalpremiere.ro\/apt\/wp-json\/wp\/v2\/product_cat?post=838"},{"taxonomy":"product_tag","embeddable":true,"href":"https:\/\/spitalpremiere.ro\/apt\/wp-json\/wp\/v2\/product_tag?post=838"}],"curies":[{"name":"wp","href":"https:\/\/api.w.org\/{rel}","templated":true}]}}