{"id":62,"date":"2024-04-16T07:54:48","date_gmt":"2024-04-16T07:54:48","guid":{"rendered":"https:\/\/spitalpremiere.ro\/apt\/?post_type=product&#038;p=62"},"modified":"2024-11-29T09:47:28","modified_gmt":"2024-11-29T09:47:28","slug":"coralift","status":"publish","type":"product","link":"https:\/\/spitalpremiere.ro\/apt\/product\/coralift\/","title":{"rendered":"Coralift"},"content":{"rendered":"<div class=\"flex-1 overflow-hidden\">\n<div class=\"react-scroll-to-bottom--css-aegic-79elbk h-full\">\n<div class=\"react-scroll-to-bottom--css-aegic-1n7m0yu\">\n<div class=\"flex flex-col text-sm pb-9\">\n<div class=\"w-full text-token-text-primary\" dir=\"auto\" data-testid=\"conversation-turn-3\">\n<div class=\"px-4 py-2 justify-center text-base md:gap-6 m-auto\">\n<div class=\"flex flex-1 text-base mx-auto gap-3 juice:gap-4 juice:md:gap-6 md:px-5 lg:px-1 xl:px-5 md:max-w-3xl lg:max-w-[40rem] xl:max-w-[48rem]\">\n<div class=\"relative flex w-full flex-col agent-turn\">\n<div class=\"flex-col gap-1 md:gap-3\">\n<div class=\"flex flex-grow flex-col max-w-full\">\n<div class=\"min-h-[20px] text-message flex flex-col items-start gap-3 whitespace-pre-wrap break-words [.text-message+&amp;]:mt-5 overflow-x-auto\" dir=\"auto\" data-message-author-role=\"assistant\" data-message-id=\"791e5b68-83d5-4440-b506-ca1bb872dbaa\">\n<div class=\"markdown prose w-full break-words dark:prose-invert light\">\n<p>Coralift este un crem\u0103 revolu\u021bionar\u0103 pentru \u00eentinerirea pielii, special formulat\u0103 pentru a reduce vizibil ridurile \u0219i liniile fine. Este o solu\u021bie inovatoare pentru cei care caut\u0103 s\u0103-\u0219i \u00eembun\u0103t\u0103\u021beasc\u0103 aspectul pielii f\u0103r\u0103 interven\u021bii invazive sau tratamente costisitoare. Formulat cu ingrediente naturale de cea mai \u00eenalt\u0103 calitate, Coralift ofer\u0103 rezultate vizibile \u00eentr-un timp scurt, f\u0103r\u0103 efecte secundare nedorite.<\/p>\n<h2>Coralift: Ingrediente<\/h2>\n<p>Formula sa avansat\u0103 este rezultatul unei cercet\u0103ri extinse \u0219i a dezvolt\u0103rii de c\u0103tre exper\u021bi \u00een domeniul \u00eengrijirii pielii. Iat\u0103 c\u00e2teva dintre ingredientele cheie care fac din Coralift o alegere excelent\u0103 pentru combaterea semnelor \u00eemb\u0103tr\u00e2nirii:<\/p>\n<ul>\n<li><strong>Acid hialuronic:<\/strong> Reten\u021bioneaz\u0103 hidratarea \u00een piele, confer\u00e2ndu-i un aspect mai neted \u0219i mai suplu.<\/li>\n<li><strong>Retinol:<\/strong> Stimuleaz\u0103 produc\u021bia de colagen, ajut\u00e2nd la diminuarea ridurilor \u0219i la \u00eembun\u0103t\u0103\u021birea texturii pielii.<\/li>\n<li><strong>Extract de alge marine:<\/strong> Bogat \u00een antioxidan\u021bi, acest ingredient protejeaz\u0103 pielea \u00eempotriva stresului oxidativ \u0219i a agresiunilor mediului \u00eenconjur\u0103tor.<\/li>\n<li><strong>Vitamina C:<\/strong> Uniformizeaz\u0103 tonul pielii \u0219i contribuie la reducerea petelor pigmentare \u0219i a hiperpigment\u0103rii.<\/li>\n<li><strong>Extract de melc:<\/strong> Promoveaz\u0103 regenerarea celular\u0103 \u0219i repar\u0103 \u021besuturile afectate, ajut\u00e2nd la diminuarea cicatricilor \u0219i a imperfec\u021biunilor pielii.<\/li>\n<\/ul>\n<p>Aceste ingrediente naturale lucreaz\u0103 sinergic pentru a oferi rezultate remarcabile \u00een \u00eembun\u0103t\u0103\u021birea aspectului \u0219i s\u0103n\u0103t\u0103\u021bii pielii.<\/p>\n<h2>Coralift: Cump\u0103ra\u021bi \u00een Rom\u00e2nia<\/h2>\n<p>Dac\u0103 v\u0103 \u00eentreba\u021bi unde pute\u021bi achizi\u021biona Coralift \u00een Rom\u00e2nia \u00een 2024, trebuie s\u0103 \u0219ti\u021bi c\u0103 acest produs nu este disponibil \u00een mod obi\u0219nuit \u00een farmaciile fizice. Cu toate acestea, exist\u0103 c\u00e2teva op\u021biuni pentru a ob\u021bine acest produs de \u00eencredere:<\/p>\n<ul>\n<li><strong>Farmaciile online<\/strong>: Unele farmacii online pot oferi Coralift. Asigura\u021bi-v\u0103 c\u0103 verifica\u021bi autenticitatea produsului \u0219i reputa\u021bia farmaciei \u00eenainte de a plasa comanda.<\/li>\n<li><strong>Site-ul oficial al produc\u0103torului<\/strong>: Cea mai sigur\u0103 op\u021biune este s\u0103 achizi\u021biona\u021bi Coralift direct de pe site-ul oficial al produc\u0103torului, la adresa <a href=\"https:\/\/tl-track.com\/tracker\/ufKQ\" target=\"_new\" rel=\"noopener\">www.coralift.ro<\/a>. Achizi\u021bionarea de pe site-ul oficial v\u0103 asigur\u0103 c\u0103 ve\u021bi primi produsul original, \u00eenso\u021bit de garan\u021bia de calitate a produc\u0103torului.<\/li>\n<\/ul>\n<h2>Coralift original: Site-ul web al produc\u0103torului \u0219i farmaciile partenere<\/h2>\n<p>Dac\u0103 sunte\u021bi \u00een c\u0103utarea Coralift original \u0219i dori\u021bi s\u0103 fi\u021bi sigur c\u0103 achizi\u021biona\u021bi produsul autentic \u0219i de \u00eenalt\u0103 calitate, este recomandabil s\u0103 cump\u0103ra\u021bi de pe site-ul oficial al produc\u0103torului sau de la unele farmacii partenere de \u00eencredere. \u00cen Rom\u00e2nia, c\u00e2teva farmacii de \u00eencredere care pot oferi Coralift sunt:<\/p>\n<ul>\n<li><strong>Farmaciile Tei<\/strong><\/li>\n<li><strong>Farmaciile Dr. Max<\/strong><\/li>\n<li><strong>Farmaciile Catena<\/strong><\/li>\n<\/ul>\n<p>Achizi\u021bion\u00e2nd Coralift de pe site-ul oficial al produc\u0103torului sau din aceste farmacii partenere, ve\u021bi beneficia de numeroase avantaje, printre care:<\/p>\n<ul>\n<li><strong>Garan\u021bie de autenticitate<\/strong>: Produsul pe care-l achizi\u021biona\u021bi este garantat a fi original \u0219i autentic.<\/li>\n<li><strong>Pre\u021buri competitive<\/strong>: Site-ul oficial \u0219i farmaciile partenere ofer\u0103 pre\u021buri competitive pentru Coralift, asigur\u00e2ndu-v\u0103 c\u0103 ob\u021bine\u021bi cel mai bun raport calitate-pre\u021b.<\/li>\n<li><strong>Livrare rapid\u0103<\/strong>: Comenzile plasate pe site-ul oficial sau \u00een farmaciile partenere sunt procesate \u0219i livrate rapid, pentru a v\u0103 asigura c\u0103 primi\u021bi produsul \u00een cel mai scurt timp posibil.<\/li>\n<li><strong>Op\u021biuni flexibile de plat\u0103<\/strong>: Pute\u021bi pl\u0103ti comanda dvs. \u00een mod convenabil, folosind diverse metode de plat\u0103 acceptate.<\/li>\n<li><strong>Promo\u021bii \u0219i oferte speciale<\/strong>: Uneori, produc\u0103torul poate oferi promo\u021bii \u0219i oferte speciale pentru clien\u021bii care achizi\u021bioneaz\u0103 de pe site-ul oficial sau din farmaciile partenere.<\/li>\n<\/ul>\n<p style=\"text-align: center;\"><a href=\"https:\/\/tl-track.com\/tracker\/ufKQ\"><button>www.coralift.ro<\/button><\/a><\/p>\n<p>Deci, dac\u0103 sunte\u021bi interesat s\u0103 achizi\u021biona\u021bi Coralift \u00een Rom\u00e2nia \u00een 2024, v\u0103 recomand\u0103m s\u0103 v\u0103 orienta\u021bi c\u0103tre site-ul oficial al produc\u0103torului sau c\u0103tre farmaciile partenere enumerate mai sus pentru a v\u0103 asigura c\u0103 ob\u021bine\u021bi produsul autentic \u0219i de \u00eenalt\u0103 calitate, \u00eempreun\u0103 cu toate avantajele asociate.<\/p>\n<h2>Coralift: Opinii reale de pe forumurile din Rom\u00e2nia<\/h2>\n<p>Coralift a devenit rapid popular nu doar \u00een Rom\u00e2nia, ci \u0219i \u00een \u00eentreaga Europ\u0103, ca o solu\u021bie eficient\u0103 pentru combaterea semnelor \u00eemb\u0103tr\u00e2nirii pielii. \u00cen 2024, pute\u021bi g\u0103si numeroase opinii \u0219i recenzii pe diferite forumuri de s\u0103n\u0103tate \u0219i frumuse\u021be.<\/p>\n<ol>\n<li><strong>Ana88<\/strong>: <em>&#8222;Sunt foarte mul\u021bumit\u0103 de rezultatele ob\u021binute cu Coralift! Pielea mea arat\u0103 mult mai ferm\u0103 \u0219i mai luminoas\u0103, iar ridurile s-au atenuat vizibil. Recomand cu \u00eencredere acest produs!&#8221;<\/em><\/li>\n<li><strong>CristiBeauty<\/strong>: <em>&#8222;Am \u00eencercat multe creme anti-\u00eemb\u0103tr\u00e2nire, dar Coralift este cu adev\u0103rat diferit. Textura sa u\u0219oar\u0103 se absoarbe rapid \u00een piele, iar rezultatele sunt uimitoare. M\u0103 simt mai \u00eencrez\u0103tor \u00een aspectul meu \u0219i nu m\u0103 mai tem de apari\u021bia ridurilor.&#8221;<\/em><\/li>\n<li><strong>Elena76<\/strong>: <em>&#8222;Coralift a devenit o parte indispensabil\u0103 a rutinei mele de \u00eengrijire a pielii. Dup\u0103 c\u00e2teva s\u0103pt\u0103m\u00e2ni de utilizare, am observat o \u00eembun\u0103t\u0103\u021bire semnificativ\u0103 a texturii pielii mele. Sunt foarte mul\u021bumit\u0103 de cum arat\u0103 \u0219i se simte pielea mea acum!&#8221;<\/em><\/li>\n<\/ol>\n<h2>Coralift Cena: C\u00e2t cost\u0103, disponibilitate<\/h2>\n<p>Pentru a verifica pre\u021bul \u0219i disponibilitatea Coralift, este recomandabil s\u0103 accesa\u021bi site-ul oficial al produc\u0103torului. Acolo ve\u021bi g\u0103si cele mai actualizate informa\u021bii despre pre\u021buri \u0219i op\u021biuni de achizi\u021bie.<\/p>\n<h2>Cum s\u0103 comanda\u021bi?<\/h2>\n<ol>\n<li>Face\u021bi clic pe butonul &#8222;Comand\u0103&#8221; de pe site-ul oficial al produc\u0103torului, sau accesa\u021bi direct <a href=\"https:\/\/tl-track.com\/tracker\/ufKQ\" target=\"_new\" rel=\"noopener\">www.coralift.ro<\/a>.<\/li>\n<li>Completa\u021bi formularul de comand\u0103 cu informa\u021biile necesare.<\/li>\n<li>Un operator v\u0103 va contacta pentru a confirma comanda \u0219i a stabili detaliile de livrare.<\/li>\n<li>Plata se poate face la primirea comenzii, oferindu-v\u0103 astfel confortul \u0219i siguran\u021ba necesare.<\/li>\n<\/ol>\n<h2>Coralift: Beneficiile utiliz\u0103rii<\/h2>\n<p>Utilizarea Coralift aduce numeroase beneficii pentru s\u0103n\u0103tatea \u0219i aspectul pielii:<\/p>\n<ul>\n<li>Reducerea vizibil\u0103 a ridurilor \u0219i liniilor fine.<\/li>\n<li>\u00cembun\u0103t\u0103\u021birea texturii \u0219i fermit\u0103\u021bii pielii.<\/li>\n<li>Hidratare intens\u0103 \u0219i men\u021binerea echilibrului hidric al pielii.<\/li>\n<li>Protejarea pielii \u00eempotriva factorilor de mediu nocivi \u0219i a stresului oxidativ.<\/li>\n<\/ul>\n<h2>Coralift cum se utilizeaz\u0103: Instruc\u021biuni, prospect<\/h2>\n<p>Pentru a ob\u021bine cele mai bune rezultate, urma\u021bi cu aten\u021bie instruc\u021biunile de utilizare furnizate \u00een prospectul Coralift. \u00cen mod tipic, se recomand\u0103 aplicarea unei cantit\u0103\u021bi mici de crem\u0103 pe fa\u021b\u0103 \u0219i g\u00e2t, diminea\u021ba \u0219i seara, dup\u0103 cur\u0103\u021barea pielii. Masa\u021bi delicat p\u00e2n\u0103 la absorb\u021bia complet\u0103 a produsului.<\/p>\n<h2>Coralift: Rezultatul utiliz\u0103rii<\/h2>\n<p>Dup\u0103 utilizarea regulat\u0103 a Coralift, ve\u021bi observa o \u00eembun\u0103t\u0103\u021bire semnificativ\u0103 a aspectului \u0219i s\u0103n\u0103t\u0103\u021bii pielii. Ridurile \u0219i liniile fine vor fi reduse vizibil, iar pielea va deveni mai neted\u0103, mai luminoas\u0103 \u0219i mai ferm\u0103.<\/p>\n<h2>Coralift: Efecte secundare \u0219i contraindica\u021bii<\/h2>\n<p>Datorit\u0103 formulei sale naturale \u0219i a cercet\u0103rii extinse, Coralift are riscuri minime de efecte secundare sau contraindica\u021bii. Cu toate acestea, \u00een cazul \u00een care ave\u021bi pielea sensibil\u0103 sau sunte\u021bi alergic la oricare dintre ingredientele sale, este recomandabil s\u0103 consulta\u021bi un dermatolog \u00eenainte de utilizare. Asigura\u021bi-v\u0103 c\u0103 respecta\u021bi instruc\u021biunile de utilizare \u0219i nu aplica\u021bi produsul pe pielea iritat\u0103 sau deteriorat\u0103.<\/p>\n<\/div>\n<\/div>\n<\/div>\n<\/div>\n<\/div>\n<\/div>\n<\/div>\n<\/div>\n<\/div>\n<\/div>\n<\/div>\n<\/div>\n","protected":false},"excerpt":{"rendered":"<p style=\"text-align: center;\"><a href=\"https:\/\/tl-track.com\/tracker\/ufKQ\"><button>CUMP\u0102R\u0102<\/button><\/a><\/p>\n<p>NUM\u0102R:7660<\/p>\n","protected":false},"featured_media":63,"comment_status":"open","ping_status":"closed","template":"","meta":[],"product_brand":[],"product_cat":[18],"product_tag":[],"class_list":{"0":"post-62","1":"product","2":"type-product","3":"status-publish","4":"has-post-thumbnail","6":"product_cat-sanatate","7":"thunk-woo-product-list","8":"opn-qv-enable","9":"top-store-woo-hover-","10":"top-store-single-product-tab-horizontal","11":"top-store-shadow-","12":"top-store-shadow-hover-","14":"first","15":"instock","16":"sale","17":"shipping-taxable","18":"purchasable","19":"product-type-simple"},"aioseo_notices":[],"_links":{"self":[{"href":"https:\/\/spitalpremiere.ro\/apt\/wp-json\/wp\/v2\/product\/62","targetHints":{"allow":["GET"]}}],"collection":[{"href":"https:\/\/spitalpremiere.ro\/apt\/wp-json\/wp\/v2\/product"}],"about":[{"href":"https:\/\/spitalpremiere.ro\/apt\/wp-json\/wp\/v2\/types\/product"}],"replies":[{"embeddable":true,"href":"https:\/\/spitalpremiere.ro\/apt\/wp-json\/wp\/v2\/comments?post=62"}],"wp:featuredmedia":[{"embeddable":true,"href":"https:\/\/spitalpremiere.ro\/apt\/wp-json\/wp\/v2\/media\/63"}],"wp:attachment":[{"href":"https:\/\/spitalpremiere.ro\/apt\/wp-json\/wp\/v2\/media?parent=62"}],"wp:term":[{"taxonomy":"product_brand","embeddable":true,"href":"https:\/\/spitalpremiere.ro\/apt\/wp-json\/wp\/v2\/product_brand?post=62"},{"taxonomy":"product_cat","embeddable":true,"href":"https:\/\/spitalpremiere.ro\/apt\/wp-json\/wp\/v2\/product_cat?post=62"},{"taxonomy":"product_tag","embeddable":true,"href":"https:\/\/spitalpremiere.ro\/apt\/wp-json\/wp\/v2\/product_tag?post=62"}],"curies":[{"name":"wp","href":"https:\/\/api.w.org\/{rel}","templated":true}]}}