{"id":369,"date":"2024-05-17T10:00:59","date_gmt":"2024-05-17T10:00:59","guid":{"rendered":"https:\/\/spitalpremiere.ro\/apt\/?post_type=product&#038;p=369"},"modified":"2025-06-09T07:39:43","modified_gmt":"2025-06-09T07:39:43","slug":"uromexil-forte","status":"publish","type":"product","link":"https:\/\/spitalpremiere.ro\/apt\/product\/uromexil-forte\/","title":{"rendered":"Uromexil Forte"},"content":{"rendered":"<p>Uromexil Forte este un supliment sub form\u0103 de capsule, destinat tratamentului prostatitei \u0219i amelior\u0103rii simptomelor asociate acestei afec\u021biuni. Prostatita este o inflama\u021bie a prostatei, care poate provoca disconfort \u0219i probleme urinare. Uromexil Forte este formulat cu un complex de ingrediente naturale, care au fost studiate pentru eficacitatea lor \u00een reducerea simptomelor prostatitei \u0219i \u00eembun\u0103t\u0103\u021birea s\u0103n\u0103t\u0103\u021bii prostatei.<\/p>\n<h2>Uromexil Forte: Ingrediente<\/h2>\n<p>Uromexil Forte con\u021bine un amestec de extracte naturale \u0219i minerale esen\u021biale pentru s\u0103n\u0103tatea prostatei. Iat\u0103 principalele ingrediente active:<\/p>\n<ul>\n<li><strong>Extract de r\u0103d\u0103cin\u0103 de Maca:<\/strong> Studiile arat\u0103 c\u0103 consumul de extract de maca poate reduce dimensiunea prostatei. Maca este cunoscut\u0103 \u0219i pentru propriet\u0103\u021bile sale de a \u00eembun\u0103t\u0103\u021bi vitalitatea \u0219i func\u021bia sexual\u0103.<\/li>\n<li><strong>Extract de Tribulus:<\/strong> Acest extract con\u021bine 90% saponine de tip furostanol, ingredientul activ principal. Tribulus este cunoscut pentru capacitatea sa de a stimula produc\u021bia de testosteron \u0219i de a \u00eembun\u0103t\u0103\u021bi s\u0103n\u0103tatea sexual\u0103 masculin\u0103.<\/li>\n<li><strong>Extract de r\u0103d\u0103cin\u0103 de urzic\u0103:<\/strong> R\u0103d\u0103cina de urzic\u0103 este adesea utilizat\u0103 pentru tratarea prostatei inflamate. Are propriet\u0103\u021bi antiinflamatorii \u0219i diuretice, care pot ajuta la ameliorarea simptomelor urinare.<\/li>\n<li><strong>Zinc:<\/strong> Zincul particip\u0103 la inhibarea enzimei care controleaz\u0103 conversia testosteronului \u00een dihidrotestosteron, men\u021bin\u00e2nd astfel nivelul normal de testosteron. Zincul este esen\u021bial pentru s\u0103n\u0103tatea prostatei \u0219i func\u021bia sexual\u0103.<\/li>\n<\/ul>\n<h2>Uromexil Forte: cump\u0103ra\u021bi \u00een Rom\u00e2nia, de unde s\u0103 cump\u0103ra\u021bi \u00een farmacii<\/h2>\n<p>Dac\u0103 sunte\u021bi \u00een c\u0103utarea Uromexil Forte \u00een farmacii fizice, este important s\u0103 \u0219ti\u021bi c\u0103 acest produs nu este disponibil \u00een farmacii sta\u021bionare. Cel mai bun loc pentru a cump\u0103ra Uromexil Forte este site-ul oficial al produc\u0103torului. Achizi\u021bionarea direct de pe site-ul oficial garanteaz\u0103 c\u0103 ve\u021bi primi un produs original, la cel mai bun pre\u021b posibil.<\/p>\n<p>Avantajele cump\u0103r\u0103rii de pe site-ul oficial:<\/p>\n<ul>\n<li><strong>Garan\u021bia originalit\u0103\u021bii:<\/strong> Ave\u021bi siguran\u021ba c\u0103 primi\u021bi un produs autentic.<\/li>\n<li><strong>Cel mai bun pre\u021b:<\/strong> Produc\u0103torul ofer\u0103 adesea promo\u021bii \u0219i reduceri pentru cump\u0103r\u0103turi directe.<\/li>\n<li><strong>Livrare rapid\u0103:<\/strong> Produsele sunt livrate direct la domiciliul dumneavoastr\u0103 \u00een cel mai scurt timp posibil.<\/li>\n<li><strong>Posibilitatea de plat\u0103 la livrare:<\/strong> Pute\u021bi pl\u0103ti pentru produs la primirea acestuia.<\/li>\n<li><strong>Promo\u021bii de la produc\u0103tor:<\/strong> Posibile reduceri \u0219i oferte speciale exclusive pe site-ul oficial.<\/li>\n<\/ul>\n<h2>De unde s\u0103 cump\u0103ra\u021bi Uromexil Forte? Site-ul web al produc\u0103torului, Tei, Dr Max \u0219i Catena?<\/h2>\n<p>Cea mai bun\u0103 op\u021biune pentru a achizi\u021biona Uromexil Forte este s\u0103 cump\u0103ra\u021bi direct de pe site-ul oficial al produc\u0103torului. Este recomandat s\u0103 evita\u021bi c\u0103utarea produsului \u00een farmacii sau magazine online necunoscute, deoarece risca\u021bi s\u0103 achizi\u021biona\u021bi produse contraf\u0103cute sau neautentice.<\/p>\n<p>Iat\u0103 c\u00e2teva avantaje ale cump\u0103r\u0103rii de pe site-ul oficial:<\/p>\n<ul>\n<li><strong>Garan\u021bia calit\u0103\u021bii \u0219i originalit\u0103\u021bii produsului<\/strong><\/li>\n<li><strong>Pre\u021buri competitive \u0219i oferte speciale<\/strong><\/li>\n<li><strong>Livrare rapid\u0103 \u0219i sigur\u0103<\/strong><\/li>\n<li><strong>Op\u021biuni de plat\u0103 convenabile, inclusiv plata la livrare<\/strong><\/li>\n<li><strong>Acces la promo\u021bii \u0219i reduceri exclusive<\/strong><\/li>\n<\/ul>\n<p>Uromexil Forte este o solu\u021bie eficient\u0103 \u0219i natural\u0103 pentru tratarea prostatitei \u0219i \u00eembun\u0103t\u0103\u021birea s\u0103n\u0103t\u0103\u021bii prostatei. Datorit\u0103 ingredientelor sale naturale \u0219i a beneficiilor dovedite, acest supliment poate ajuta la ameliorarea simptomelor urinare \u0219i la men\u021binerea s\u0103n\u0103t\u0103\u021bii prostatei.<\/p>\n<p style=\"text-align: center;\"><a href=\"https:\/\/keonv.com\/g8FS?sub1=sub1&amp;sub2=sub2&amp;sub3=sub3&amp;sub4=sub4&amp;sub5=sub5\"><button>www.uromexil-forte.ro<\/button><\/a><\/p>\n<h2>Uromexil Forte: Opinii reale de pe forumurile din Rom\u00e2nia<\/h2>\n<p>Uromexil Forte a devenit deja popular nu numai \u00een Rom\u00e2nia, ci \u0219i \u00een \u00eentreaga Europ\u0103. Recenziile din 2024 pot fi g\u0103site pe diferite forumuri de s\u0103n\u0103tate, unde utilizatorii \u00eemp\u0103rt\u0103\u0219esc experien\u021bele lor pozitive. Iat\u0103 c\u00e2teva opinii reale de la utilizatori din Rom\u00e2nia:<\/p>\n<ol>\n<li><strong>Ionel P.<\/strong> (Bucure\u0219ti): &#8222;Am \u00eencercat Uromexil Forte dup\u0103 ce am citit multe recenzii pozitive \u0219i nu am fost dezam\u0103git. Dup\u0103 c\u00e2teva s\u0103pt\u0103m\u00e2ni de utilizare, simptomele mele de prostatit\u0103 au \u00eenceput s\u0103 se amelioreze semnificativ. Recomand cu \u00eencredere acest produs tuturor celor care se confrunt\u0103 cu probleme similare.&#8221;<\/li>\n<li><strong>MariusD<\/strong> (Constan\u021ba): &#8222;Am fost sceptic la \u00eenceput, dar Uromexil Forte chiar func\u021bioneaz\u0103. Am observat o reducere a frecven\u021bei urin\u0103rii nocturne \u0219i un disconfort redus. Este un produs natural \u0219i eficient, iar rezultatele sunt vizibile rapid.&#8221;<\/li>\n<li><strong>Alex72<\/strong> (Cluj-Napoca): &#8222;Uromexil Forte a fost o adev\u0103rat\u0103 salvare pentru mine. Am avut probleme cu prostata de ani de zile \u0219i nimic nu p\u0103rea s\u0103 func\u021bioneze. Dup\u0103 ce am \u00eenceput s\u0103 folosesc aceste capsule, via\u021ba mea s-a schimbat. Nu mai am dureri \u0219i m\u0103 simt mult mai bine. Mul\u021bumesc Uromexil Forte!&#8221;<\/li>\n<\/ol>\n<h2>Uromexil Forte pre\u021b: c\u00e2t cost\u0103, disponibilitate<\/h2>\n<p>Pentru a verifica pre\u021bul \u0219i disponibilitatea Uromexil Forte, cel mai bine este s\u0103 vizita\u021bi site-ul oficial al produc\u0103torului. Aici ve\u021bi g\u0103si cele mai recente informa\u021bii despre pre\u021buri \u0219i oferte speciale. De asemenea, produc\u0103torul ofer\u0103 adesea promo\u021bii \u0219i reduceri pentru cump\u0103r\u0103turi directe, ceea ce v\u0103 poate ajuta s\u0103 economisi\u021bi bani.<\/p>\n<h2>Cum s\u0103 comanda\u021bi?<\/h2>\n<p>Comandarea Uromexil Forte este simpl\u0103 \u0219i rapid\u0103. Iat\u0103 pa\u0219ii pe care trebuie s\u0103 \u00eei urma\u021bi:<\/p>\n<ol>\n<li><strong>Accesa\u021bi site-ul oficial al produc\u0103torului.<\/strong><\/li>\n<li><strong>Face\u021bi clic pe butonul &#8222;Comand\u0103&#8221;.<\/strong><\/li>\n<li><strong>Completa\u021bi formularul de comand\u0103 cu datele dumneavoastr\u0103.<\/strong><\/li>\n<li><strong>L\u0103sa\u021bi o cerere \u0219i a\u0219tepta\u021bi ca operatorul s\u0103 v\u0103 contacteze pentru a confirma comanda.<\/strong><\/li>\n<li><strong>Plata se face la primirea comenzii.<\/strong><\/li>\n<\/ol>\n<p>Pa\u0219ii detalia\u021bi pentru a comanda Uromexil Forte:<\/p>\n<ul>\n<li>Accesa\u021bi site-ul oficial al produc\u0103torului.<\/li>\n<li>G\u0103si\u021bi \u0219i face\u021bi clic pe butonul &#8222;Comand\u0103&#8221; situat pe pagina principal\u0103.<\/li>\n<li>Completa\u021bi formularul de comand\u0103 cu numele, adresa \u0219i num\u0103rul de telefon.<\/li>\n<li>Trimite\u021bi comanda \u0219i a\u0219tepta\u021bi apelul operatorului pentru confirmare.<\/li>\n<li>Dup\u0103 confirmare, comanda va fi procesat\u0103 \u0219i livrat\u0103 la adresa specificat\u0103.<\/li>\n<li>Pl\u0103ti\u021bi pentru produs la livrare.<\/li>\n<\/ul>\n<p>Uromexil Forte reprezint\u0103 o solu\u021bie eficient\u0103 \u0219i natural\u0103 pentru tratarea prostatitei \u0219i \u00eembun\u0103t\u0103\u021birea s\u0103n\u0103t\u0103\u021bii prostatei. Cu ingrediente naturale \u0219i beneficii dovedite, acest supliment poate ajuta la ameliorarea simptomelor urinare \u0219i la men\u021binerea s\u0103n\u0103t\u0103\u021bii prostatei.<\/p>\n<h2>Uromexil Forte: Beneficiile utiliz\u0103rii<\/h2>\n<p>Utilizarea Uromexil Forte aduce numeroase beneficii pentru s\u0103n\u0103tatea prostatei \u0219i bun\u0103starea general\u0103 a b\u0103rba\u021bilor. Datorit\u0103 combina\u021biei de ingrediente naturale \u0219i eficiente, acest supliment poate oferi urm\u0103toarele avantaje:<\/p>\n<ul>\n<li><strong>Reducerea inflama\u021biei prostatei:<\/strong> Ingrediente precum extractul de r\u0103d\u0103cin\u0103 de urzic\u0103 \u0219i maca ajut\u0103 la reducerea inflama\u021biei \u0219i la ameliorarea disconfortului.<\/li>\n<li><strong>\u00cembun\u0103t\u0103\u021birea simptomelor urinare:<\/strong> Uromexil Forte ajut\u0103 la reducerea frecven\u021bei urin\u0103rii nocturne \u0219i la ameliorarea senza\u021biei de urinare incomplet\u0103.<\/li>\n<li><strong>Sprijin pentru func\u021bia sexual\u0103:<\/strong> Extractul de Tribulus \u0219i zincul contribuie la men\u021binerea nivelurilor normale de testosteron \u0219i la \u00eembun\u0103t\u0103\u021birea func\u021biei sexuale.<\/li>\n<li><strong>\u00cembun\u0103t\u0103\u021birea calit\u0103\u021bii vie\u021bii:<\/strong> Prin ameliorarea simptomelor prostatitei, utilizatorii pot experimenta o calitate mai bun\u0103 a vie\u021bii \u0219i un confort sporit.<\/li>\n<\/ul>\n<h2>Uromexil Forte cum se utilizeaz\u0103: instruc\u021biuni, prospect<\/h2>\n<p>Pentru a ob\u021bine cele mai bune rezultate de la Uromexil Forte, este important s\u0103 urma\u021bi instruc\u021biunile de utilizare corect. Prospectul ofer\u0103 detalii clare despre modul de administrare \u0219i dozaj.<\/p>\n<ol>\n<li><strong>Doza recomandat\u0103:<\/strong> Lua\u021bi 1-2 capsule pe zi, de preferin\u021b\u0103 \u00een timpul mesei, cu un pahar mare de ap\u0103.<\/li>\n<li><strong>Durata tratamentului:<\/strong> Pentru rezultate optime, se recomand\u0103 utilizarea continu\u0103 a suplimentului pentru o perioad\u0103 de cel pu\u021bin 30 de zile.<\/li>\n<li><strong>Precau\u021bii:<\/strong> Nu dep\u0103\u0219i\u021bi doza recomandat\u0103 f\u0103r\u0103 consultarea unui medic. \u00cen caz de reac\u021bii adverse, \u00eentrerupe\u021bi utilizarea \u0219i consulta\u021bi un specialist.<\/li>\n<\/ol>\n<p>Prospect:<\/p>\n<ul>\n<li><strong>Compozi\u021bie:<\/strong> Fiecare capsul\u0103 con\u021bine extract de r\u0103d\u0103cin\u0103 de Maca, extract de Tribulus, extract de r\u0103d\u0103cin\u0103 de urzic\u0103 \u0219i zinc.<\/li>\n<li><strong>Indica\u021bii:<\/strong> Uromexil Forte este indicat pentru b\u0103rba\u021bi cu simptome de prostatit\u0103 \u0219i probleme urinare.<\/li>\n<li><strong>Contraindica\u021bii:<\/strong> Nu este recomandat persoanelor cu alergii la oricare dintre ingredientele produsului.<\/li>\n<\/ul>\n<h2>Uromexil Forte: Rezultatul utiliz\u0103rii<\/h2>\n<p>Rezultatele utiliz\u0103rii Uromexil Forte pot varia de la o persoan\u0103 la alta, \u00eens\u0103 majoritatea utilizatorilor raporteaz\u0103 \u00eembun\u0103t\u0103\u021biri semnificative \u00een starea lor de s\u0103n\u0103tate dup\u0103 utilizarea acestui supliment. Printre rezultatele observate se num\u0103r\u0103:<\/p>\n<ul>\n<li><strong>Ameliorarea simptomelor prostatitei:<\/strong> Reducerea durerilor \u0219i a inflama\u021biei, precum \u0219i \u00eembun\u0103t\u0103\u021birea func\u021biei urinare.<\/li>\n<li><strong>\u00cembun\u0103t\u0103\u021birea func\u021biei sexuale:<\/strong> Cre\u0219terea libidoului \u0219i \u00eembun\u0103t\u0103\u021birea performan\u021bei sexuale.<\/li>\n<li><strong>Cre\u0219terea vitalit\u0103\u021bii:<\/strong> Utilizatorii raporteaz\u0103 o stare general\u0103 de bine \u0219i o cre\u0219tere a energiei.<\/li>\n<\/ul>\n<h2>Uromexil Forte: Efecte secundare \u0219i contraindica\u021bii<\/h2>\n<p>Uromexil Forte este formulat din ingrediente naturale, ceea ce face ca riscurile de efecte secundare s\u0103 fie minime. Totu\u0219i, ca orice supliment, este posibil s\u0103 apar\u0103 unele reac\u021bii adverse, mai ales dac\u0103 sunt dep\u0103\u0219ite dozele recomandate sau dac\u0103 utilizatorul are alergii la anumite ingrediente.<\/p>\n<p><strong>Efecte secundare posibile:<\/strong><\/p>\n<ul>\n<li><strong>Reac\u021bii alergice:<\/strong> \u00cen cazuri rare, pot ap\u0103rea reac\u021bii alergice la unul dintre ingredientele naturale.<\/li>\n<li><strong>Disconfort gastrointestinal:<\/strong> Unele persoane pot experimenta disconfort minor la nivelul stomacului.<\/li>\n<\/ul>\n<p><strong>Contraindica\u021bii:<\/strong><\/p>\n<ul>\n<li><strong>Alergii:<\/strong> Persoanele cu alergii cunoscute la ingredientele produsului ar trebui s\u0103 evite utilizarea acestuia.<\/li>\n<li><strong>Consulta\u021bi medicul:<\/strong> Dac\u0103 ave\u021bi afec\u021biuni medicale preexistente sau lua\u021bi alte medicamente, este recomandat s\u0103 consulta\u021bi un medic \u00eenainte de a \u00eencepe utilizarea Uromexil Forte.<\/li>\n<\/ul>\n<p>Uromexil Forte este un supliment natural \u0219i eficient pentru tratarea prostatitei \u0219i \u00eembun\u0103t\u0103\u021birea s\u0103n\u0103t\u0103\u021bii prostatei. Cu o formul\u0103 bazat\u0103 pe ingrediente naturale \u0219i studii \u0219tiin\u021bifice, acest produs ofer\u0103 beneficii semnificative cu riscuri minime. Pentru a asigura calitatea \u0219i autenticitatea, achizi\u021biona\u021bi Uromexil Forte direct de pe site-ul oficial al produc\u0103torului.<\/p>\n","protected":false},"excerpt":{"rendered":"<p style=\"text-align: center;\"><a href=\"https:\/\/keonv.com\/g8FS?sub1=sub1&amp;sub2=sub2&amp;sub3=sub3&amp;sub4=sub4&amp;sub5=sub5\"><button>CUMP\u0102R\u0102<\/button><\/a><\/p>\n<p>NUM\u0102R:5109<\/p>\n","protected":false},"featured_media":370,"comment_status":"open","ping_status":"closed","template":"","meta":[],"product_brand":[],"product_cat":[18],"product_tag":[],"class_list":{"0":"post-369","1":"product","2":"type-product","3":"status-publish","4":"has-post-thumbnail","6":"product_cat-sanatate","7":"thunk-woo-product-list","8":"opn-qv-enable","9":"top-store-woo-hover-","10":"top-store-single-product-tab-horizontal","11":"top-store-shadow-","12":"top-store-shadow-hover-","14":"first","15":"instock","16":"sale","17":"shipping-taxable","18":"purchasable","19":"product-type-simple"},"aioseo_notices":[],"_links":{"self":[{"href":"https:\/\/spitalpremiere.ro\/apt\/wp-json\/wp\/v2\/product\/369","targetHints":{"allow":["GET"]}}],"collection":[{"href":"https:\/\/spitalpremiere.ro\/apt\/wp-json\/wp\/v2\/product"}],"about":[{"href":"https:\/\/spitalpremiere.ro\/apt\/wp-json\/wp\/v2\/types\/product"}],"replies":[{"embeddable":true,"href":"https:\/\/spitalpremiere.ro\/apt\/wp-json\/wp\/v2\/comments?post=369"}],"wp:featuredmedia":[{"embeddable":true,"href":"https:\/\/spitalpremiere.ro\/apt\/wp-json\/wp\/v2\/media\/370"}],"wp:attachment":[{"href":"https:\/\/spitalpremiere.ro\/apt\/wp-json\/wp\/v2\/media?parent=369"}],"wp:term":[{"taxonomy":"product_brand","embeddable":true,"href":"https:\/\/spitalpremiere.ro\/apt\/wp-json\/wp\/v2\/product_brand?post=369"},{"taxonomy":"product_cat","embeddable":true,"href":"https:\/\/spitalpremiere.ro\/apt\/wp-json\/wp\/v2\/product_cat?post=369"},{"taxonomy":"product_tag","embeddable":true,"href":"https:\/\/spitalpremiere.ro\/apt\/wp-json\/wp\/v2\/product_tag?post=369"}],"curies":[{"name":"wp","href":"https:\/\/api.w.org\/{rel}","templated":true}]}}