{"id":365,"date":"2024-05-17T09:51:52","date_gmt":"2024-05-17T09:51:52","guid":{"rendered":"https:\/\/spitalpremiere.ro\/apt\/?post_type=product&#038;p=365"},"modified":"2024-11-03T19:35:06","modified_gmt":"2024-11-03T19:35:06","slug":"trichomist-forte","status":"publish","type":"product","link":"https:\/\/spitalpremiere.ro\/apt\/product\/trichomist-forte\/","title":{"rendered":"Trichomist Forte"},"content":{"rendered":"<p>Trichomist Forte este un spray inovator \u00eempotriva c\u0103derii p\u0103rului, care ac\u021bioneaz\u0103 pe trei niveluri: nutri\u021bie, stimulare \u0219i cre\u0219tere. Acest produs a c\u00e2\u0219tigat popularitate datorit\u0103 eficien\u021bei sale \u00een combaterea c\u0103derii p\u0103rului \u0219i \u00een promovarea cre\u0219terii p\u0103rului nou \u0219i s\u0103n\u0103tos. \u00cen acest articol, vom explora ce este Trichomist Forte, ingredientele sale, unde s\u0103 \u00eel cump\u0103ra\u021bi \u00een Rom\u00e2nia \u0219i de ce este recomandat s\u0103 achizi\u021biona\u021bi produsul de pe site-ul oficial al produc\u0103torului.<\/p>\n<h2>Trichomist Forte: Ce este?<\/h2>\n<p>Trichomist Forte este un spray destinat s\u0103 combat\u0103 c\u0103derea p\u0103rului \u0219i s\u0103 stimuleze cre\u0219terea p\u0103rului nou. Formula sa special\u0103 ac\u021bioneaz\u0103 pe trei niveluri pentru a oferi rezultate eficiente:<\/p>\n<ul>\n<li><strong>Nutri\u021bie<\/strong>: Pielea scalpului este alimentat\u0103 corespunz\u0103tor cu s\u00e2nge, ceea ce hr\u0103ne\u0219te foliculii \u0219i r\u0103d\u0103cinile p\u0103rului.<\/li>\n<li><strong>Stimulare<\/strong>: Nutrien\u021bii valoro\u0219i sunt livra\u021bi r\u0103d\u0103cinilor p\u0103rului, stimul\u00e2ndu-le activitatea \u0219i producerea de p\u0103r nou.<\/li>\n<li><strong>Cre\u0219tere<\/strong>: P\u0103rul cre\u0219te chiar \u0219i din r\u0103d\u0103cinile inactive anterior, fiind cu 59% mai gros dec\u00e2t p\u0103rul anterior.<\/li>\n<\/ul>\n<h2>Trichomist Forte: Ingrediente<\/h2>\n<p>Ingrediente naturale \u0219i eficiente ale Trichomist Forte includ:<\/p>\n<ul>\n<li><strong>Biotin\u0103<\/strong>: Cunoscut\u0103 pentru rolul s\u0103u esen\u021bial \u00een s\u0103n\u0103tatea p\u0103rului, biotina \u00eent\u0103re\u0219te foliculii \u0219i promoveaz\u0103 cre\u0219terea p\u0103rului.<\/li>\n<li><strong>Cafein\u0103<\/strong>: Stimuleaz\u0103 circula\u021bia s\u00e2ngelui la nivelul scalpului, ajut\u00e2nd la hr\u0103nirea foliculilor de p\u0103r.<\/li>\n<li><strong>Keratin\u0103<\/strong>: Proteina structural\u0103 principal\u0103 a p\u0103rului, keratina ajut\u0103 la repararea \u0219i \u00eent\u0103rirea p\u0103rului.<\/li>\n<li><strong>Extract de rozmarin<\/strong>: \u00cembun\u0103t\u0103\u021be\u0219te circula\u021bia s\u00e2ngelui \u0219i are propriet\u0103\u021bi antioxidante care protejeaz\u0103 p\u0103rul.<\/li>\n<li><strong>Panthenol<\/strong>: Hidrateaz\u0103 \u0219i condi\u021bioneaz\u0103 p\u0103rul, prevenind despicarea v\u00e2rfurilor \u0219i ruperea p\u0103rului.<\/li>\n<\/ul>\n<h2>Trichomist Forte: cump\u0103ra\u021bi \u00een Rom\u00e2nia, de unde s\u0103 cump\u0103ra\u021bi \u00een farmacii<\/h2>\n<p>Dac\u0103 sunte\u021bi \u00een c\u0103utarea Trichomist Forte, este important s\u0103 \u0219ti\u021bi c\u0103 produsul nu este disponibil \u00een farmaciile fizice. Pentru a garanta autenticitatea \u0219i eficacitatea produsului, este recomandat s\u0103 cump\u0103ra\u021bi Trichomist Forte doar de pe site-ul oficial al produc\u0103torului.<\/p>\n<h2>De unde s\u0103 cump\u0103ra\u021bi Trichomist Forte? Site-ul web al produc\u0103torului, Tei, Dr Max \u0219i Catena?<\/h2>\n<p>Cump\u0103rarea Trichomist Forte de pe site-ul oficial al produc\u0103torului ofer\u0103 mai multe avantaje:<\/p>\n<ul>\n<li><strong>Garan\u021bia originalit\u0103\u021bii<\/strong>: Achizi\u021bion\u00e2nd de pe site-ul oficial, ave\u021bi certitudinea c\u0103 primi\u021bi un produs autentic.<\/li>\n<li><strong>Cel mai bun pre\u021b<\/strong>: Site-ul oficial ofer\u0103 adesea reduceri \u0219i promo\u021bii exclusive, asigur\u00e2ndu-v\u0103 c\u0103 ob\u021bine\u021bi cel mai bun pre\u021b.<\/li>\n<li><strong>Livrare rapid\u0103<\/strong>: Comenzile de pe site-ul oficial sunt procesate rapid \u0219i livrate direct la adresa dvs.<\/li>\n<li><strong>Plata la primire<\/strong>: Ave\u021bi op\u021biunea de a pl\u0103ti pentru produs doar c\u00e2nd acesta ajunge la dvs., oferindu-v\u0103 o siguran\u021b\u0103 suplimentar\u0103.<\/li>\n<li><strong>Promo\u021bii de la produc\u0103tor<\/strong>: Pe site-ul oficial, pute\u021bi g\u0103si oferte speciale \u0219i pachete promo\u021bionale.<\/li>\n<\/ul>\n<p style=\"text-align: center;\"><a href=\"https:\/\/tl-track.com\/tracker\/ugJM\"><button>www.trichomist-forte.ro<\/button><\/a><\/p>\n<div class=\"flex flex-grow flex-col max-w-full\">\n<div class=\"min-h-[20px] text-message flex flex-col items-start whitespace-pre-wrap break-words [.text-message+&amp;]:mt-5 juice:w-full juice:items-end overflow-x-auto gap-2\" dir=\"auto\" data-message-author-role=\"assistant\" data-message-id=\"bd0de5d0-1541-43f1-8d09-794d05606677\">\n<div class=\"flex w-full flex-col gap-1 juice:empty:hidden juice:first:pt-[3px]\">\n<div class=\"markdown prose w-full break-words dark:prose-invert light\">\n<h2>Trichomist Forte: opinii reale de pe forumurile din Rom\u00e2nia<\/h2>\n<p>Trichomist Forte a devenit rapid popular nu doar \u00een Rom\u00e2nia, ci \u0219i \u00een \u00eentreaga Europ\u0103. Recenziile din 2024 pot fi g\u0103site pe diverse forumuri de s\u0103n\u0103tate \u0219i frumuse\u021be, unde utilizatorii \u00eemp\u0103rt\u0103\u0219esc experien\u021bele lor pozitive cu acest produs. Iat\u0103 c\u00e2teva opinii reale ale utilizatorilor:<\/p>\n<ul>\n<li><strong>Adrian, 42 ani<\/strong>: &#8222;Dup\u0103 ce am \u00eencercat numeroase produse f\u0103r\u0103 succes, Trichomist Forte a fost singurul care a f\u0103cut diferen\u021ba. \u00cen doar c\u00e2teva luni, am observat o \u00eembun\u0103t\u0103\u021bire semnificativ\u0103 a densit\u0103\u021bii p\u0103rului meu. Recomand cu c\u0103ldur\u0103!&#8221;<\/li>\n<li><strong>Elena, 35 ani<\/strong>: &#8222;Trichomist Forte m-a ajutat enorm \u00een lupta \u00eempotriva c\u0103derii p\u0103rului. P\u0103rul meu este acum mai gros \u0219i mai s\u0103n\u0103tos. Este un produs pe care \u00eel voi folosi \u00een continuare cu \u00eencredere.&#8221;<\/li>\n<li><strong>Marius, 29 ani<\/strong>: &#8222;Am fost sceptic la \u00eenceput, dar Trichomist Forte a dep\u0103\u0219it a\u0219tept\u0103rile mele. P\u0103rul meu a \u00eenceput s\u0103 creasc\u0103 din nou \u0219i arat\u0103 mai bine ca niciodat\u0103. Mul\u021bumesc Trichomist Forte!&#8221;<\/li>\n<\/ul>\n<h2>Trichomist Forte pre\u021b: c\u00e2t cost\u0103, disponibilitate<\/h2>\n<p>Pre\u021bul Trichomist Forte poate varia \u00een func\u021bie de promo\u021biile \u0219i reducerile disponibile pe site-ul oficial al produc\u0103torului. Pentru a verifica pre\u021bul actual \u0219i disponibilitatea, vizita\u021bi site-ul produc\u0103torului. Achizi\u021bionarea direct de pe site-ul oficial asigur\u0103 c\u0103 ve\u021bi beneficia de cele mai bune oferte \u0219i de autenticitatea produsului.<\/p>\n<h2>Cum s\u0103 comanda\u021bi?<\/h2>\n<p>Procesul de comand\u0103 pentru Trichomist Forte este simplu \u0219i rapid. Urma\u021bi ace\u0219ti pa\u0219i pentru a plasa o comand\u0103:<\/p>\n<ol>\n<li><strong>Face\u021bi clic pe butonul &#8222;Comand\u0103&#8221;<\/strong>: Accesa\u021bi site-ul oficial al produc\u0103torului \u0219i c\u0103uta\u021bi butonul &#8222;Comand\u0103&#8221;.<\/li>\n<li><strong>Merge\u021bi pe site-ul produc\u0103torului<\/strong>: Ve\u021bi fi redirec\u021bionat c\u0103tre pagina de comand\u0103 oficial\u0103.<\/li>\n<li><strong>L\u0103sa\u021bi o cerere<\/strong>: Completa\u021bi formularul de comand\u0103 cu detaliile dvs. personale \u0219i de livrare.<\/li>\n<li><strong>Operatorul v\u0103 va contacta<\/strong>: Un operator v\u0103 va contacta pentru a confirma comanda \u0219i pentru a r\u0103spunde la orice \u00eentreb\u0103ri ave\u021bi.<\/li>\n<li><strong>Plata la primirea comenzii<\/strong>: Plata se face doar atunci c\u00e2nd primi\u021bi produsul, oferindu-v\u0103 o siguran\u021b\u0103 suplimentar\u0103.<\/li>\n<\/ol>\n<p>Trichomist Forte este o solu\u021bie eficient\u0103 \u0219i sigur\u0103 pentru combaterea c\u0103derii p\u0103rului \u0219i pentru stimularea cre\u0219terii p\u0103rului nou. Pentru a beneficia de toate avantajele acestui produs \u0219i pentru a evita produsele contraf\u0103cute, este recomandat s\u0103 cump\u0103ra\u021bi Trichomist Forte doar de pe site-ul oficial al produc\u0103torului. Profita\u021bi de promo\u021biile disponibile \u0219i reda\u021bi frumuse\u021bea \u0219i s\u0103n\u0103tatea p\u0103rului dvs. cu Trichomist Forte.<\/p>\n<\/div>\n<\/div>\n<\/div>\n<\/div>\n<div class=\"mt-1 flex gap-3 empty:hidden juice:-ml-3\">\n<div class=\"items-center justify-start rounded-xl p-1 flex\">\n<div class=\"flex items-center\">\n<h2>Trichomist Forte: Beneficiile utiliz\u0103rii<\/h2>\n<p>Trichomist Forte ofer\u0103 numeroase beneficii pentru s\u0103n\u0103tatea \u0219i aspectul p\u0103rului:<\/p>\n<ul>\n<li><strong>Prevenirea c\u0103derii p\u0103rului<\/strong>: Formula sa unic\u0103 \u00eent\u0103re\u0219te r\u0103d\u0103cinile p\u0103rului \u0219i reduce semnificativ c\u0103derea p\u0103rului.<\/li>\n<li><strong>Stimularea cre\u0219terii p\u0103rului<\/strong>: Nutrien\u021bii esen\u021biali din Trichomist Forte stimuleaz\u0103 foliculii de p\u0103r, promov\u00e2nd cre\u0219terea p\u0103rului nou.<\/li>\n<li><strong>\u00cembun\u0103t\u0103\u021birea densit\u0103\u021bii \u0219i grosimii p\u0103rului<\/strong>: P\u0103rul devine mai gros \u0219i mai dens, \u00eembun\u0103t\u0103\u021bind aspectul general al acestuia.<\/li>\n<li><strong>Hidratarea \u0219i revitalizarea scalpului<\/strong>: Ingredientele naturale hidrateaz\u0103 scalpul \u0219i men\u021bin s\u0103n\u0103tatea acestuia.<\/li>\n<li><strong>U\u0219urin\u021b\u0103 \u00een utilizare<\/strong>: Spray-ul este u\u0219or de aplicat \u0219i nu las\u0103 reziduuri grase sau lipicioase.<\/li>\n<\/ul>\n<h2>Trichomist Forte cum se utilizeaz\u0103: instruc\u021biuni, prospect<\/h2>\n<p>Pentru a ob\u021bine cele mai bune rezultate cu Trichomist Forte, urma\u021bi aceste instruc\u021biuni simple:<\/p>\n<ol>\n<li><strong>Agita\u021bi bine flaconul<\/strong> \u00eenainte de fiecare utilizare.<\/li>\n<li><strong>Aplica\u021bi spray-ul direct pe scalp<\/strong>, concentr\u00e2ndu-v\u0103 pe zonele afectate de c\u0103derea p\u0103rului.<\/li>\n<li><strong>Masa\u021bi delicat scalpul<\/strong> timp de c\u00e2teva minute pentru a asigura absorb\u021bia complet\u0103 a produsului.<\/li>\n<li><strong>Utiliza\u021bi de dou\u0103 ori pe zi<\/strong>, diminea\u021ba \u0219i seara, pentru rezultate optime.<\/li>\n<\/ol>\n<p>Prospectul Trichomist Forte ofer\u0103 detalii suplimentare despre utilizare \u0219i recomand\u0103ri specifice. Asigura\u021bi-v\u0103 c\u0103 citi\u021bi prospectul \u00eenainte de utilizare pentru a maximiza beneficiile produsului.<\/p>\n<h2>Trichomist Forte: Rezultatul utiliz\u0103rii<\/h2>\n<p>Utilizatorii Trichomist Forte au raportat rezultate impresionante dup\u0103 utilizarea regulat\u0103 a produsului:<\/p>\n<ul>\n<li><strong>Primele rezultate vizibile<\/strong>: \u00cen doar c\u00e2teva s\u0103pt\u0103m\u00e2ni, utilizatorii observ\u0103 o reducere semnificativ\u0103 a c\u0103derii p\u0103rului.<\/li>\n<li><strong>P\u0103r mai dens \u0219i mai gros<\/strong>: Dup\u0103 c\u00e2teva luni de utilizare, p\u0103rul cre\u0219te mai gros \u0219i mai dens, \u00eembun\u0103t\u0103\u021bind aspectul general.<\/li>\n<li><strong>Stimularea cre\u0219terii p\u0103rului nou<\/strong>: Foliculii inactivi devin activi, iar p\u0103rul nou \u00eencepe s\u0103 creasc\u0103 \u00een zonele afectate de c\u0103dere.<\/li>\n<\/ul>\n<h2>Trichomist Forte: Efecte secundare \u0219i contraindica\u021bii<\/h2>\n<p>Trichomist Forte este formulat din ingrediente naturale, ceea ce reduce riscurile de efecte secundare. Produsul este sigur pentru majoritatea utilizatorilor, dar este important s\u0103 ave\u021bi \u00een vedere urm\u0103toarele:<\/p>\n<ul>\n<li><strong>Efecte secundare minime<\/strong>: Datorit\u0103 compozi\u021biei sale naturale, riscul de efecte secundare este minim. Unii utilizatori pot experimenta u\u0219oare irita\u021bii ale scalpului, care dispar rapid.<\/li>\n<li><strong>Contraindica\u021bii<\/strong>: Evita\u021bi utilizarea Trichomist Forte dac\u0103 ave\u021bi alergii cunoscute la oricare dintre ingredientele sale. \u00cen caz de reac\u021bii adverse, \u00eentrerupe\u021bi utilizarea \u0219i consulta\u021bi un medic.<\/li>\n<\/ul>\n<p>\u00cen concluzie, Trichomist Forte este o solu\u021bie eficient\u0103 \u0219i sigur\u0103 pentru combaterea c\u0103derii p\u0103rului \u0219i pentru stimularea cre\u0219terii p\u0103rului nou \u0219i s\u0103n\u0103tos. Pentru a beneficia de toate avantajele acestui produs \u0219i pentru a evita produsele contraf\u0103cute, este recomandat s\u0103 cump\u0103ra\u021bi Trichomist Forte doar de pe site-ul oficial al produc\u0103torului. Profita\u021bi de promo\u021biile disponibile \u0219i reda\u021bi frumuse\u021bea \u0219i s\u0103n\u0103tatea p\u0103rului dvs. cu Trichomist Forte.<\/p>\n<\/div>\n<\/div>\n<\/div>\n","protected":false},"excerpt":{"rendered":"<p style=\"text-align: center;\"><a href=\"https:\/\/tl-track.com\/tracker\/ugJM\"><button>CUMP\u0102R\u0102<\/button><\/a><\/p>\n<p>NUM\u0102R:5108<\/p>\n","protected":false},"featured_media":367,"comment_status":"open","ping_status":"closed","template":"","meta":[],"product_brand":[],"product_cat":[18],"product_tag":[],"class_list":{"0":"post-365","1":"product","2":"type-product","3":"status-publish","4":"has-post-thumbnail","6":"product_cat-sanatate","7":"thunk-woo-product-list","8":"opn-qv-enable","9":"top-store-woo-hover-","10":"top-store-single-product-tab-horizontal","11":"top-store-shadow-","12":"top-store-shadow-hover-","14":"first","15":"instock","16":"sale","17":"shipping-taxable","18":"purchasable","19":"product-type-simple"},"aioseo_notices":[],"_links":{"self":[{"href":"https:\/\/spitalpremiere.ro\/apt\/wp-json\/wp\/v2\/product\/365","targetHints":{"allow":["GET"]}}],"collection":[{"href":"https:\/\/spitalpremiere.ro\/apt\/wp-json\/wp\/v2\/product"}],"about":[{"href":"https:\/\/spitalpremiere.ro\/apt\/wp-json\/wp\/v2\/types\/product"}],"replies":[{"embeddable":true,"href":"https:\/\/spitalpremiere.ro\/apt\/wp-json\/wp\/v2\/comments?post=365"}],"wp:featuredmedia":[{"embeddable":true,"href":"https:\/\/spitalpremiere.ro\/apt\/wp-json\/wp\/v2\/media\/367"}],"wp:attachment":[{"href":"https:\/\/spitalpremiere.ro\/apt\/wp-json\/wp\/v2\/media?parent=365"}],"wp:term":[{"taxonomy":"product_brand","embeddable":true,"href":"https:\/\/spitalpremiere.ro\/apt\/wp-json\/wp\/v2\/product_brand?post=365"},{"taxonomy":"product_cat","embeddable":true,"href":"https:\/\/spitalpremiere.ro\/apt\/wp-json\/wp\/v2\/product_cat?post=365"},{"taxonomy":"product_tag","embeddable":true,"href":"https:\/\/spitalpremiere.ro\/apt\/wp-json\/wp\/v2\/product_tag?post=365"}],"curies":[{"name":"wp","href":"https:\/\/api.w.org\/{rel}","templated":true}]}}