{"id":285,"date":"2024-05-16T10:06:40","date_gmt":"2024-05-16T10:06:40","guid":{"rendered":"https:\/\/spitalpremiere.ro\/apt\/?post_type=product&#038;p=285"},"modified":"2025-07-21T12:25:24","modified_gmt":"2025-07-21T12:25:24","slug":"dr-derm","status":"publish","type":"product","link":"https:\/\/spitalpremiere.ro\/apt\/product\/dr-derm\/","title":{"rendered":"Dr.Derm"},"content":{"rendered":"<p>Dr.Derm este un tratament topic eficient pentru psoriazis, care ofer\u0103 alinare \u0219i \u00eembun\u0103t\u0103\u021bire a st\u0103rii pielii. Formula sa inovatoare a fost creat\u0103 pentru a calma simptomele nepl\u0103cute ale psoriazisului \u0219i pentru a ajuta la regenerarea \u0219i hidratarea pielii afectate. Dr.Derm este un produs sigur \u0219i eficient, potrivit pentru utilizare pe termen lung, f\u0103r\u0103 a provoca efecte secundare nedorite.<\/p>\n<h2>Dr.Derm: Ingrediente<\/h2>\n<p>Dr.Derm con\u021bine o combina\u021bie special\u0103 de ingrediente naturale, cu propriet\u0103\u021bi antiinflamatorii, calmante \u0219i regenerative. Printre principalele ingrediente se num\u0103r\u0103:<\/p>\n<ul>\n<li><strong>Ulei de c\u0103tin\u0103<\/strong>: bogat \u00een acizi gra\u0219i esen\u021biali \u0219i vitamine, uleiul de c\u0103tin\u0103 ajut\u0103 la regenerarea pielii \u0219i la reducerea inflama\u021biei.<\/li>\n<li><strong>Extract de propolis<\/strong>: cunoscut pentru propriet\u0103\u021bile sale antibacteriene \u0219i antiinflamatorii, extractul de propolis calmeaz\u0103 irita\u021bia pielii \u0219i stimuleaz\u0103 vindecarea.<\/li>\n<li><strong>Extract de mu\u0219e\u021bel<\/strong>: cu efecte calmante \u0219i antiinflamatorii, extractul de mu\u0219e\u021bel reduce ro\u0219ea\u021ba \u0219i m\u00e2nc\u0103rimea pielii.<\/li>\n<li><strong>Ulei de m\u0103sline<\/strong>: hidrateaz\u0103 \u0219i hr\u0103ne\u0219te \u00een profunzime pielea, contribuind la men\u021binerea s\u0103n\u0103t\u0103\u021bii acesteia.<\/li>\n<\/ul>\n<h2>Dr.Derm: Cump\u0103ra\u021bi \u00een Rom\u00e2nia, de unde s\u0103 cump\u0103ra\u021bi \u00een 2025?<\/h2>\n<p>Dac\u0103 v\u0103 \u00eentreba\u021bi unde pute\u021bi achizi\u021biona Dr.Derm \u00een Rom\u00e2nia \u00een 2024, cea mai sigur\u0103 \u0219i convenabil\u0103 op\u021biune este s\u0103 cump\u0103ra\u021bi direct de pe site-ul oficial al produc\u0103torului. Evita\u021bi achizi\u021bionarea produsului din farmacii sau alte magazine online pentru a v\u0103 asigura c\u0103 primi\u021bi un produs autentic \u0219i beneficia\u021bi de cele mai bune condi\u021bii de achizi\u021bie.<\/p>\n<h2>De unde s\u0103 cump\u0103ra\u021bi Dr.Derm?<\/h2>\n<ol>\n<li><strong>Site-ul web al produc\u0103torului<\/strong>: Cump\u0103rarea direct de pe site-ul oficial al produc\u0103torului v\u0103 garanteaz\u0103 autenticitatea produsului \u0219i accesul la cele mai bune oferte \u0219i promo\u021bii disponibile.<\/li>\n<li><strong>Farmaciile Tei, Dr. Max \u0219i Catena<\/strong>: Acestea sunt lan\u021buri de farmacii de \u00eencredere, \u00eens\u0103 Dr.Derm nu este disponibil \u00een mod obi\u0219nuit \u00een farmacii. De aceea, achizi\u021bionarea de pe site-ul produc\u0103torului este cea mai bun\u0103 op\u021biune.<\/li>\n<\/ol>\n<p>Cump\u0103rarea de pe site-ul oficial al produc\u0103torului Dr.Derm v\u0103 asigur\u0103 c\u0103 ve\u021bi primi un produs autentic \u0219i c\u0103 beneficia\u021bi de cele mai bune condi\u021bii de achizi\u021bie. Ave\u021bi garan\u021bia c\u0103 produsul achizi\u021bionat este original, beneficia\u021bi de pre\u021buri competitive, de livrare rapid\u0103, de posibilitatea de a pl\u0103ti la primirea coletului \u0219i de posibile promo\u021bii \u0219i reduceri oferite de produc\u0103tor.<\/p>\n<p>A\u0219adar, pentru a achizi\u021biona Dr.Derm \u00een Rom\u00e2nia \u00een 2024, cel mai bine este s\u0103 accesa\u021bi site-ul oficial al produc\u0103torului \u0219i s\u0103 profita\u021bi de toate avantajele unei achizi\u021bii sigure \u0219i convenabile.<\/p>\n<p style=\"text-align: center;\"><a href=\"https:\/\/keonv.com\/HPdS?sub1=sub1&amp;sub2=sub2&amp;sub3=sub3&amp;sub4=sub4&amp;sub5=sub5\"><button>www.dr-derm.ro<\/button><\/a><\/p>\n<h2>Dr.Derm: Opinii reale de pe forumurile din Rom\u00e2nia<\/h2>\n<p>Dr.Derm a devenit un produs popular nu doar \u00een Rom\u00e2nia, ci \u0219i \u00een \u00eentreaga Europ\u0103, fiind apreciat pentru eficacitatea sa \u00een tratarea psoriazisului. Opiniile utilizatorilor din 2024 pot fi g\u0103site pe diverse forumuri de s\u0103n\u0103tate, unde ace\u0219tia \u00eemp\u0103rt\u0103\u0219esc experien\u021bele lor pozitive cu produsul. Iat\u0103 trei dintre acestea:<\/p>\n<ul>\n<li><strong>User123<\/strong>: &#8222;Am \u00eencercat multe creme pentru psoriazis, dar nimic nu se compar\u0103 cu Dr.Derm! \u00cen c\u00e2teva s\u0103pt\u0103m\u00e2ni, am observat o \u00eembun\u0103t\u0103\u021bire semnificativ\u0103 a pielii mele. Recomand cu \u00eencredere!&#8221;<\/li>\n<li><strong>HealthFanatic<\/strong>: &#8222;Dr.Derm este salvarea mea! Dup\u0103 ani de lupt\u0103 cu psoriazisul, am descoperit acest produs \u0219i nu pot fi mai fericit\u0103 cu rezultatele. Pielea mea arat\u0103 mai bine ca niciodat\u0103!&#8221;<\/li>\n<li><strong>SkinCareQueen<\/strong>: &#8222;Am folosit Dr.Derm timp de c\u00e2teva luni acum \u0219i nu pot s\u0103 cred c\u00e2t de bine arat\u0103 pielea mea. Nu mai am senza\u021bia de m\u00e2nc\u0103rime \u0219i ro\u0219ea\u021ba s-a redus semnificativ. Recomand cu c\u0103ldur\u0103!&#8221;<\/li>\n<\/ul>\n<h2>Dr.Derm Pre\u021b: C\u00e2t Cost\u0103, Disponibilitate<\/h2>\n<p>Pentru a verifica pre\u021bul \u0219i disponibilitatea Dr.Derm \u00een Rom\u00e2nia \u00een 2024, pute\u021bi accesa site-ul oficial al produc\u0103torului. Acest lucru v\u0103 va permite s\u0103 ob\u021bine\u021bi cele mai recente informa\u021bii despre produs \u0219i s\u0103 plasa\u021bi comanda \u00een mod convenabil \u0219i sigur.<\/p>\n<h2>Cum s\u0103 Comanda\u021bi?<\/h2>\n<p>Pentru a comanda Dr.Derm, vizita\u021bi site-ul oficial al produc\u0103torului \u0219i face\u021bi clic pe butonul &#8222;Comand\u0103&#8221;. Completa\u021bi formularul cu informa\u021biile solicitate \u0219i trimite\u021bi-l. Un operator v\u0103 va contacta pentru a confirma comanda \u0219i a stabili detaliile de livrare. Plata se efectueaz\u0103 la primirea comenzii, oferindu-v\u0103 astfel siguran\u021ba c\u0103 ve\u021bi primi produsul autentic \u0219i de \u00eenalt\u0103 calitate.<\/p>\n<h2>Dr.Derm: Beneficiile utiliz\u0103rii<\/h2>\n<p>Utilizarea regulat\u0103 a Dr.Derm aduce numeroase beneficii pielii afectate de psoriazis, inclusiv:<\/p>\n<ul>\n<li>Reducerea inflama\u021biei \u0219i a m\u00e2nc\u0103rimei<\/li>\n<li>Hidratarea \u0219i hr\u0103nirea pielii<\/li>\n<li>Stimularea regener\u0103rii celulelor pielii<\/li>\n<li>\u00cembun\u0103t\u0103\u021birea aspectului pielii afectate de psoriazis<\/li>\n<li>Ameliorarea disconfortului asociat cu psoriazisul<\/li>\n<\/ul>\n<h2>Dr.Derm Cum se Utilizeaz\u0103: Instruc\u021biuni, Prospect<\/h2>\n<p>Pentru a ob\u021bine cele mai bune rezultate, urma\u021bi cu aten\u021bie instruc\u021biunile de utilizare ale Dr.Derm. Aplica\u021bi crema pe zonele afectate de psoriazis de 2-3 ori pe zi, mas\u00e2nd u\u0219or p\u00e2n\u0103 c\u00e2nd crema este complet absorbit\u0103. Pentru instruc\u021biuni detaliate, consulta\u021bi prospectul produsului.<\/p>\n<h2>Dr.Derm: Rezultatul Utiliz\u0103rii<\/h2>\n<p>Utilizatorii care au folosit Dr.Derm au raportat \u00eembun\u0103t\u0103\u021biri semnificative ale st\u0103rii pielii lor afectate de psoriazis. \u00cen doar c\u00e2teva s\u0103pt\u0103m\u00e2ni de utilizare, mul\u021bi au observat o reducere a inflama\u021biei, m\u00e2nc\u0103rimii \u0219i ro\u0219e\u021bii pielii, precum \u0219i o \u00eembun\u0103t\u0103\u021bire a aspectului general al pielii.<\/p>\n<h2>Dr.Derm: Efecte Secundare \u0219i Contraindica\u021bii<\/h2>\n<p>Datorit\u0103 compozi\u021biei sale naturale, Dr.Derm are un risc minim de efecte secundare \u0219i contraindica\u021bii. Cu toate acestea, este \u00eentotdeauna recomandabil s\u0103 efectua\u021bi un test de sensibilitate pe o mic\u0103 por\u021biune de piele \u00eenainte de utilizare \u0219i s\u0103 consulta\u021bi un specialist \u00eenainte de a \u00eencepe orice tratament nou pentru psoriazis.<\/p>\n","protected":false},"excerpt":{"rendered":"<p style=\"text-align: center;\"><a href=\"https:\/\/keonv.com\/HPdS?sub1=sub1&amp;sub2=sub2&amp;sub3=sub3&amp;sub4=sub4&amp;sub5=sub5\"><button>CUMP\u0102R\u0102<\/button><\/a><\/p>\n<p>NUM\u0102R:7629<\/p>\n","protected":false},"featured_media":286,"comment_status":"open","ping_status":"closed","template":"","meta":[],"product_brand":[],"product_cat":[18],"product_tag":[],"class_list":{"0":"post-285","1":"product","2":"type-product","3":"status-publish","4":"has-post-thumbnail","6":"product_cat-sanatate","7":"thunk-woo-product-list","8":"opn-qv-enable","9":"top-store-woo-hover-","10":"top-store-single-product-tab-horizontal","11":"top-store-shadow-","12":"top-store-shadow-hover-","14":"first","15":"instock","16":"sale","17":"shipping-taxable","18":"purchasable","19":"product-type-simple"},"aioseo_notices":[],"_links":{"self":[{"href":"https:\/\/spitalpremiere.ro\/apt\/wp-json\/wp\/v2\/product\/285","targetHints":{"allow":["GET"]}}],"collection":[{"href":"https:\/\/spitalpremiere.ro\/apt\/wp-json\/wp\/v2\/product"}],"about":[{"href":"https:\/\/spitalpremiere.ro\/apt\/wp-json\/wp\/v2\/types\/product"}],"replies":[{"embeddable":true,"href":"https:\/\/spitalpremiere.ro\/apt\/wp-json\/wp\/v2\/comments?post=285"}],"wp:featuredmedia":[{"embeddable":true,"href":"https:\/\/spitalpremiere.ro\/apt\/wp-json\/wp\/v2\/media\/286"}],"wp:attachment":[{"href":"https:\/\/spitalpremiere.ro\/apt\/wp-json\/wp\/v2\/media?parent=285"}],"wp:term":[{"taxonomy":"product_brand","embeddable":true,"href":"https:\/\/spitalpremiere.ro\/apt\/wp-json\/wp\/v2\/product_brand?post=285"},{"taxonomy":"product_cat","embeddable":true,"href":"https:\/\/spitalpremiere.ro\/apt\/wp-json\/wp\/v2\/product_cat?post=285"},{"taxonomy":"product_tag","embeddable":true,"href":"https:\/\/spitalpremiere.ro\/apt\/wp-json\/wp\/v2\/product_tag?post=285"}],"curies":[{"name":"wp","href":"https:\/\/api.w.org\/{rel}","templated":true}]}}