{"id":212,"date":"2024-05-15T11:06:36","date_gmt":"2024-05-15T11:06:36","guid":{"rendered":"https:\/\/spitalpremiere.ro\/apt\/?post_type=product&#038;p=212"},"modified":"2025-05-13T16:58:01","modified_gmt":"2025-05-13T16:58:01","slug":"easyloss","status":"publish","type":"product","link":"https:\/\/spitalpremiere.ro\/apt\/product\/easyloss\/","title":{"rendered":"Easyloss"},"content":{"rendered":"<p>Easyloss este un supliment alimentar sub form\u0103 de capsule, conceput pentru a ajuta la pierderea \u00een greutate. Formula sa unic\u0103 combin\u0103 ingrediente naturale care stimuleaz\u0103 metabolismul, reduc apetitul \u0219i promoveaz\u0103 arderea gr\u0103similor. Succesul s\u0103u \u00een combaterea kilogramelor \u00een plus a f\u0103cut din Easyloss un produs foarte popular pe pia\u021ba suplimentelor pentru sl\u0103bit din Rom\u00e2nia.<\/p>\n<h2>Easyloss: Ingrediente<\/h2>\n<p>Compozi\u021bia Easyloss include ingrediente atent selec\u021bionate pentru eficien\u021ba lor \u00een procesul de pierdere \u00een greutate. Printre aceste ingrediente se num\u0103r\u0103:<\/p>\n<ul>\n<li><strong>Extract de Garcinia Cambogia:<\/strong> Un ingredient natural cunoscut pentru capacitatea sa de a reduce apetitul \u0219i de a preveni acumularea de gr\u0103sime.<\/li>\n<li><strong>Ceton\u0103 de zmeur\u0103:<\/strong> Stimuleaz\u0103 metabolismul \u0219i contribuie la arderea gr\u0103similor.<\/li>\n<li><strong>Extract de ceai verde:<\/strong> Bogat \u00een antioxidan\u021bi, ajut\u0103 la detoxifierea organismului \u0219i la accelerarea metabolismului.<\/li>\n<li><strong>L-carnitin\u0103:<\/strong> Contribuie la transformarea gr\u0103similor \u00een energie, \u00eembun\u0103t\u0103\u021bind astfel nivelul de energie \u0219i reduc\u00e2nd oboseala.<\/li>\n<li><strong>Fibre:<\/strong> Ajut\u0103 la men\u021binerea senza\u021biei de sa\u021bietate pentru o perioad\u0103 mai lung\u0103 de timp.<\/li>\n<\/ul>\n<h2>Easyloss: Cump\u0103ra\u021bi \u00een Rom\u00e2nia, de unde s\u0103 cump\u0103ra\u021bi \u00een farmacii?<\/h2>\n<p>Dac\u0103 v\u0103 \u00eentreba\u021bi unde s\u0103 cump\u0103ra\u021bi Easyloss, este important de \u0219tiut c\u0103 aceste capsule pentru sl\u0103bit nu se g\u0103sesc \u00een farmacii fizice. Nu le ve\u021bi g\u0103si pe rafturile farmaciilor cunoscute precum Catena, Tei sau Dr Max. Acest lucru se datoreaz\u0103 dorin\u021bei produc\u0103torului de a asigura calitatea \u0219i autenticitatea produsului.<\/p>\n<h2>De unde s\u0103 cump\u0103ra\u021bi Easyloss? Site-ul web al produc\u0103torului<\/h2>\n<p>Pentru a achizi\u021biona Easyloss, cea mai sigur\u0103 \u0219i recomandat\u0103 metod\u0103 este s\u0103 \u00eel comanda\u021bi direct de pe site-ul oficial al produc\u0103torului. Iat\u0103 c\u00e2teva avantaje ale acestei op\u021biuni:<\/p>\n<ul>\n<li><strong>Garan\u021bia originalit\u0103\u021bii:<\/strong> Achizi\u021bion\u00e2nd de pe site-ul oficial, ave\u021bi siguran\u021ba c\u0103 produsul este autentic \u0219i nu o imita\u021bie.<\/li>\n<li><strong>Cel mai bun pre\u021b:<\/strong> Produc\u0103torul ofer\u0103 pre\u021buri competitive \u0219i reduceri periodice, asigur\u00e2ndu-v\u0103 c\u0103 ob\u021bine\u021bi cel mai bun raport calitate-pre\u021b.<\/li>\n<li><strong>Livrare rapid\u0103:<\/strong> Comenzile sunt procesate \u0219i expediate rapid, astfel \u00eenc\u00e2t s\u0103 v\u0103 pute\u021bi bucura de produs c\u00e2t mai cur\u00e2nd posibil.<\/li>\n<li><strong>Plata la livrare:<\/strong> Pute\u021bi alege s\u0103 pl\u0103ti\u021bi la primirea produsului, ceea ce adaug\u0103 un plus de \u00eencredere \u00een procesul de cump\u0103rare.<\/li>\n<li><strong>Promo\u021bii \u0219i oferte:<\/strong> Site-ul oficial ofer\u0103 frecvent promo\u021bii \u0219i pachete speciale, care v\u0103 permit s\u0103 economisi\u021bi bani.<\/li>\n<\/ul>\n<h2 style=\"text-align: center;\"><a href=\"http:\/\/tl-track.com\/tracker\/uXAQ\"><button>www.easyloss.ro<\/button><\/a><\/h2>\n<h2>De ce s\u0103 evita\u021bi achizi\u021bionarea Easyloss din alte surse?<\/h2>\n<p>Este foarte tentant s\u0103 c\u0103uta\u021bi suplimentele dorite \u00een diverse magazine online sau chiar pe site-uri de anun\u021buri. Totu\u0219i, aceasta nu este o strategie recomandat\u0103 c\u00e2nd vine vorba de Easyloss. Iat\u0103 de ce:<\/p>\n<ul>\n<li><strong>Risc de falsificare:<\/strong> Cump\u0103r\u00e2nd de pe alte site-uri, exist\u0103 riscul s\u0103 primi\u021bi un produs falsificat, care nu doar c\u0103 nu va avea efectul dorit, dar poate fi \u0219i periculos pentru s\u0103n\u0103tatea dumneavoastr\u0103.<\/li>\n<li><strong>Lipsa garan\u021biei:<\/strong> Produc\u0103torul nu poate garanta calitatea produselor achizi\u021bionate din surse neoficiale, ceea ce \u00eenseamn\u0103 c\u0103 nu beneficia\u021bi de garan\u021bia return\u0103rii banilor sau de suport \u00een cazul unor probleme.<\/li>\n<li><strong>Pre\u021buri mai mari:<\/strong> Intermediarii pot cre\u0219te pre\u021bul produsului, astfel \u00eenc\u00e2t s\u0103 pl\u0103ti\u021bi mai mult dec\u00e2t ar trebui.<\/li>\n<\/ul>\n<h2>Cum s\u0103 comanda\u021bi Easyloss de pe site-ul oficial?<\/h2>\n<p>Pentru a comanda Easyloss, urma\u021bi ace\u0219ti pa\u0219i simpli:<\/p>\n<ol>\n<li><strong>Accesa\u021bi site-ul oficial:<\/strong> Intra\u021bi pe site-ul produc\u0103torului, unde ve\u021bi g\u0103si toate informa\u021biile necesare despre produs.<\/li>\n<li><strong>Selecta\u021bi pachetul dorit:<\/strong> Alege\u021bi pachetul care vi se potrive\u0219te cel mai bine. Produc\u0103torul ofer\u0103 diverse op\u021biuni, inclusiv pachete promo\u021bionale.<\/li>\n<li><strong>Completa\u021bi formularul de comand\u0103:<\/strong> Introduce\u021bi datele necesare \u00een formularul de comand\u0103. Asigura\u021bi-v\u0103 c\u0103 informa\u021biile sunt corecte pentru a evita \u00eent\u00e2rzieri \u00een livrare.<\/li>\n<li><strong>Confirma\u021bi comanda:<\/strong> Verifica\u021bi detaliile comenzii \u0219i confirma\u021bi. Ve\u021bi primi o confirmare prin e-mail sau telefon.<\/li>\n<li><strong>A\u0219tepta\u021bi livrarea:<\/strong> Produsul va fi expediat rapid \u0219i va ajunge la adresa specificat\u0103 \u00een cel mai scurt timp.<\/li>\n<\/ol>\n<p>Easyloss este o solu\u021bie eficient\u0103 pentru cei care doresc s\u0103 sl\u0103beasc\u0103 \u00eentr-un mod s\u0103n\u0103tos \u0219i natural. De\u0219i nu este disponibil \u00een farmaciile fizice din Rom\u00e2nia, este u\u0219or de comandat direct de pe site-ul oficial al produc\u0103torului. Astfel, ave\u021bi garan\u021bia unui produs autentic, la cel mai bun pre\u021b \u0219i cu livrare rapid\u0103. Evita\u021bi achizi\u021biile din surse neoficiale pentru a v\u0103 proteja s\u0103n\u0103tatea \u0219i banii. Investe\u0219te \u00een s\u0103n\u0103tatea ta \u0219i alege Easyloss pentru a-\u021bi atinge obiectivele de sl\u0103bire!<\/p>\n<div class=\"flex-1 overflow-hidden\">\n<div class=\"react-scroll-to-bottom--css-qyqhf-79elbk h-full\">\n<div class=\"react-scroll-to-bottom--css-qyqhf-1n7m0yu\">\n<div>\n<div class=\"flex flex-col text-sm pb-9\">\n<div class=\"w-full text-token-text-primary\" dir=\"auto\" data-testid=\"conversation-turn-5\" data-scroll-anchor=\"true\">\n<div class=\"py-2 px-3 text-base md:px-4 m-auto md:px-5 lg:px-1 xl:px-5\">\n<div class=\"mx-auto flex flex-1 gap-3 text-base juice:gap-4 juice:md:gap-6 md:max-w-3xl lg:max-w-[40rem] xl:max-w-[48rem]\">\n<div class=\"relative flex w-full min-w-0 flex-col agent-turn\">\n<div class=\"flex-col gap-1 md:gap-3\">\n<div class=\"flex flex-grow flex-col max-w-full\">\n<div class=\"min-h-[20px] text-message flex flex-col items-start whitespace-pre-wrap break-words [.text-message+&amp;]:mt-5 juice:w-full juice:items-end overflow-x-auto gap-3\" dir=\"auto\" data-message-author-role=\"assistant\" data-message-id=\"75077f8e-229c-4f1c-bcf1-2bf99e606452\">\n<div class=\"markdown prose w-full break-words dark:prose-invert light\">\n<h2>Easyloss: Opinii reale de pe forumurile din Rom\u00e2nia<\/h2>\n<p>Easyloss a devenit un produs popular nu doar \u00een Rom\u00e2nia, ci \u0219i \u00een \u00eentreaga Europ\u0103. Succesul s\u0103u se datoreaz\u0103 eficien\u021bei \u0219i rezultatelor pozitive raportate de utilizatori. Pe forumurile de s\u0103n\u0103tate \u0219i pierdere \u00een greutate din Rom\u00e2nia, mul\u021bi utilizatori au \u00eemp\u0103rt\u0103\u0219it experien\u021bele lor pozitive cu acest supliment. Iat\u0103 c\u00e2teva dintre recenziile din 2024:<\/p>\n<ul>\n<li><strong>Mirela (mirela85):<\/strong> &#8222;Am \u00eencercat multe produse de-a lungul anilor, dar niciunul nu a func\u021bionat a\u0219a de bine ca Easyloss. Am pierdut 7 kg \u00een dou\u0103 luni f\u0103r\u0103 s\u0103 schimb prea mult dieta mea. M\u0103 simt minunat \u0219i plin\u0103 de energie!&#8221;<\/li>\n<li><strong>Andrei (andrei_fit):<\/strong> &#8222;Easyloss a fost salvarea mea. Dup\u0103 ce am \u00eencercat diverse diete \u0219i programe de exerci\u021bii f\u0103r\u0103 rezultate semnificative, aceste capsule au f\u0103cut diferen\u021ba. \u00cen 3 luni, am reu\u0219it s\u0103 sl\u0103besc 10 kg \u0219i s\u0103-mi \u00eembun\u0103t\u0103\u021besc considerabil condi\u021bia fizic\u0103.&#8221;<\/li>\n<li><strong>Ioana (ioana_natur):<\/strong> &#8222;Sunt foarte mul\u021bumit\u0103 de Easyloss. Am sc\u0103pat de 5 kg \u00eentr-o lun\u0103 \u0219i jum\u0103tate \u0219i am observat o reducere semnificativ\u0103 a poftei de m\u00e2ncare. Recomand acest produs tuturor celor care doresc s\u0103 sl\u0103beasc\u0103 s\u0103n\u0103tos.&#8221;<\/li>\n<\/ul>\n<h2>Easyloss pre\u021b: C\u00e2t cost\u0103, disponibilitate<\/h2>\n<p>Pentru a verifica pre\u021bul \u0219i disponibilitatea capsulelor Easyloss, cel mai bine este s\u0103 vizita\u021bi site-ul oficial al produc\u0103torului. Aici ve\u021bi g\u0103si informa\u021bii actualizate despre costurile produsului, eventuale reduceri \u0219i promo\u021bii speciale disponibile. Iat\u0103 c\u00e2teva aspecte de care trebuie s\u0103 \u021bine\u021bi cont:<\/p>\n<ul>\n<li><strong>Pre\u021buri competitive:<\/strong> Produc\u0103torul ofer\u0103 pre\u021buri atractive, comparativ cu alte suplimente de sl\u0103bit de pe pia\u021b\u0103.<\/li>\n<li><strong>Promo\u021bii periodice:<\/strong> Exist\u0103 adesea oferte speciale \u0219i pachete promo\u021bionale care v\u0103 permit s\u0103 economisi\u021bi bani.<\/li>\n<li><strong>Disponibilitate constant\u0103:<\/strong> Achizi\u021bion\u00e2nd direct de pe site-ul oficial, ave\u021bi garan\u021bia c\u0103 produsul este \u00eentotdeauna disponibil.<\/li>\n<\/ul>\n<h2>Cum s\u0103 comanda\u021bi?<\/h2>\n<p>Procesul de comand\u0103 pentru Easyloss este simplu \u0219i rapid. Iat\u0103 pa\u0219ii pe care trebuie s\u0103-i urma\u021bi:<\/p>\n<ol>\n<li><strong>Accesa\u021bi site-ul oficial al produc\u0103torului:<\/strong> \u00cencepe\u021bi prin a vizita site-ul oficial, unde ve\u021bi g\u0103si toate informa\u021biile necesare despre produs \u0219i op\u021biunile de achizi\u021bie.<\/li>\n<li><strong>Face\u021bi clic pe butonul &#8222;Comand\u0103&#8221;:<\/strong> Dup\u0103 ce a\u021bi decis s\u0103 achizi\u021biona\u021bi Easyloss, face\u021bi clic pe butonul &#8222;Comand\u0103&#8221; de pe site.<\/li>\n<li><strong>Completa\u021bi formularul de comand\u0103:<\/strong> Introduce\u021bi datele necesare \u00een formularul de comand\u0103. Asigura\u021bi-v\u0103 c\u0103 toate informa\u021biile sunt corecte pentru a evita problemele de livrare.<\/li>\n<li><strong>L\u0103sa\u021bi o cerere:<\/strong> Trimite\u021bi formularul completat \u0219i a\u0219tepta\u021bi s\u0103 fi\u021bi contactat.<\/li>\n<li><strong>Confirmarea comenzii:<\/strong> Un operator v\u0103 va contacta telefonic pentru a confirma comanda \u0219i a discuta detaliile de livrare.<\/li>\n<li><strong>Plata la primirea comenzii:<\/strong> Pute\u021bi alege s\u0103 pl\u0103ti\u021bi pentru produs la primirea comenzii, ceea ce ofer\u0103 un plus de siguran\u021b\u0103 \u0219i \u00eencredere.<\/li>\n<\/ol>\n<p>Prin urmare, comanda Easyloss direct de pe site-ul oficial al produc\u0103torului este cea mai bun\u0103 modalitate de a asigura autenticitatea produsului, de a beneficia de cel mai bun pre\u021b \u0219i de a profita de livrarea rapid\u0103 \u0219i sigur\u0103. Nu mai pierde\u021bi timp c\u0103ut\u00e2nd \u00een alte locuri \u2013 face\u021bi primul pas c\u0103tre o siluet\u0103 de vis chiar acum!<\/p>\n<\/div>\n<\/div>\n<\/div>\n<div class=\"mt-1 flex gap-3 empty:hidden juice:-ml-3\"><\/div>\n<\/div>\n<\/div>\n<\/div>\n<\/div>\n<\/div>\n<\/div>\n<\/div>\n<\/div>\n<\/div>\n<\/div>\n<div class=\"w-full md:pt-0 dark:border-white\/20 md:border-transparent md:dark:border-transparent md:w-[calc(100%-.5rem)] juice:w-full\">\n<div class=\"px-3 text-base md:px-4 m-auto md:px-5 lg:px-1 xl:px-5\">\n<div class=\"mx-auto flex flex-1 gap-3 text-base juice:gap-4 juice:md:gap-6 md:max-w-3xl lg:max-w-[40rem] xl:max-w-[48rem]\">\n<form class=\"w-full\">\n<div class=\"relative flex h-full max-w-full flex-1 flex-col\">\n<div class=\"flex w-full items-center\">\n<h2>Easyloss: Beneficiile utiliz\u0103rii<\/h2>\n<p>Utilizarea capsulelor Easyloss pentru pierderea \u00een greutate vine cu multiple beneficii, datorit\u0103 formulei sale naturale \u0219i eficiente. Printre principalele avantaje se num\u0103r\u0103:<\/p>\n<ul>\n<li><strong>Reducerea greut\u0103\u021bii corporale:<\/strong> Easyloss ajut\u0103 la arderea gr\u0103similor \u0219i reduce depozitele de gr\u0103sime din organism, contribuind la o sc\u0103dere semnificativ\u0103 \u00een greutate.<\/li>\n<li><strong>Suprimarea apetitului:<\/strong> Ingredientele active din Easyloss ajut\u0103 la reducerea senza\u021biei de foame, ceea ce faciliteaz\u0103 controlul por\u021biilor \u0219i evitarea gust\u0103rilor nes\u0103n\u0103toase.<\/li>\n<li><strong>Accelerarea metabolismului:<\/strong> Produsul stimuleaz\u0103 metabolismul, ceea ce \u00eenseamn\u0103 c\u0103 organismul arde calorii mai eficient pe parcursul zilei.<\/li>\n<li><strong>Energie crescut\u0103:<\/strong> Mul\u021bi utilizatori raporteaz\u0103 o cre\u0219tere a nivelului de energie, datorit\u0103 ingredientelor care transform\u0103 gr\u0103simile \u00een energie.<\/li>\n<li><strong>Detoxifiere:<\/strong> Extractele naturale din compozi\u021bia Easyloss contribuie la eliminarea toxinelor din organism, \u00eembun\u0103t\u0103\u021bind starea general\u0103 de s\u0103n\u0103tate.<\/li>\n<li><strong>\u00cembun\u0103t\u0103\u021birea st\u0103rii de spirit:<\/strong> Pierderea \u00een greutate \u0219i cre\u0219terea nivelului de energie pot avea un impact pozitiv asupra st\u0103rii de spirit \u0219i a \u00eencrederii \u00een sine.<\/li>\n<\/ul>\n<h2>Easyloss cum se utilizeaz\u0103: instruc\u021biuni, prospect<\/h2>\n<p>Pentru a ob\u021bine cele mai bune rezultate cu Easyloss, este important s\u0103 urma\u021bi instruc\u021biunile de utilizare specificate \u00een prospect. Iat\u0103 cum s\u0103 utiliza\u021bi corect produsul:<\/p>\n<ol>\n<li><strong>Doza zilnic\u0103 recomandat\u0103:<\/strong> Se recomand\u0103 administrarea a 2 capsule pe zi. Lua\u021bi c\u00e2te o capsul\u0103 \u00eenainte de micul dejun \u0219i una \u00eenainte de cin\u0103, cu un pahar mare de ap\u0103.<\/li>\n<li><strong>Continuitatea utiliz\u0103rii:<\/strong> Pentru a vedea rezultate semnificative, este important s\u0103 utiliza\u021bi produsul \u00een mod continuu timp de cel pu\u021bin 1-2 luni.<\/li>\n<li><strong>Hidratare adecvat\u0103:<\/strong> Consuma\u021bi suficient\u0103 ap\u0103 pe parcursul zilei pentru a ajuta la eliminarea toxinelor \u0219i pentru a sprijini procesul de sl\u0103bire.<\/li>\n<li><strong>Alimenta\u021bie echilibrat\u0103:<\/strong> Combina\u021bi utilizarea Easyloss cu o diet\u0103 s\u0103n\u0103toas\u0103 \u0219i echilibrat\u0103 pentru a maximiza rezultatele.<\/li>\n<li><strong>Activitate fizic\u0103:<\/strong> Include\u021bi exerci\u021bii fizice regulate \u00een rutina zilnic\u0103 pentru a spori arderea caloriilor \u0219i pentru a tonifia corpul.<\/li>\n<\/ol>\n<h2>Easyloss: Rezultatul utiliz\u0103rii<\/h2>\n<p>Rezultatele utiliz\u0103rii Easyloss pot varia de la o persoan\u0103 la alta, \u00eens\u0103 mul\u021bi utilizatori au raportat rezultate pozitive \u00een primele c\u00e2teva s\u0103pt\u0103m\u00e2ni de utilizare. Iat\u0103 la ce v\u0103 pute\u021bi a\u0219tepta:<\/p>\n<ul>\n<li><strong>Primele s\u0103pt\u0103m\u00e2ni:<\/strong> \u00cen primele dou\u0103 s\u0103pt\u0103m\u00e2ni, mul\u021bi utilizatori observ\u0103 o sc\u0103dere u\u0219oar\u0103 \u00een greutate, de aproximativ 2-3 kg, datorit\u0103 elimin\u0103rii excesului de ap\u0103 \u0219i \u00eenceputului procesului de ardere a gr\u0103similor.<\/li>\n<li><strong>Prima lun\u0103:<\/strong> Dup\u0103 o lun\u0103 de utilizare, rezultatele devin mai vizibile, cu o pierdere medie de 5-7 kg. Utilizatorii raporteaz\u0103 o reducere semnificativ\u0103 a apetitului \u0219i o cre\u0219tere a energiei.<\/li>\n<li><strong>2-3 luni:<\/strong> Continuarea utiliz\u0103rii pentru 2-3 luni poate duce la pierderi mai semnificative \u00een greutate, \u00eentre 10-15 kg, \u00een func\u021bie de stilul de via\u021b\u0103 \u0219i dieta adoptat\u0103.<\/li>\n<li><strong>Rezultate pe termen lung:<\/strong> Utilizarea continu\u0103 \u0219i combinarea cu un stil de via\u021b\u0103 s\u0103n\u0103tos pot ajuta la men\u021binerea greut\u0103\u021bii pe termen lung \u0219i la prevenirea efectului yo-yo.<\/li>\n<\/ul>\n<h2>Easyloss: Efecte secundare \u0219i contraindica\u021bii<\/h2>\n<p>Easyloss este un supliment natural, ceea ce \u00eenseamn\u0103 c\u0103 riscurile de efecte secundare sunt minime. Totu\u0219i, este important s\u0103 fi\u021bi con\u0219tien\u021bi de urm\u0103toarele aspecte:<\/p>\n<ul>\n<li><strong>Efecte secundare minime:<\/strong> Datorit\u0103 ingredientelor naturale, majoritatea utilizatorilor nu experimenteaz\u0103 efecte secundare semnificative. \u00cen cazuri rare, pot ap\u0103rea simptome u\u0219oare precum disconfort gastric sau grea\u021b\u0103, care de obicei dispar rapid.<\/li>\n<li><strong>Contraindica\u021bii:<\/strong> Easyloss nu este recomandat femeilor \u00eens\u0103rcinate sau care al\u0103pteaz\u0103, persoanelor cu afec\u021biuni grave de s\u0103n\u0103tate sau celor alergice la oricare dintre ingredientele produsului. Consulta\u021bi un medic \u00eenainte de a \u00eencepe utilizarea, dac\u0103 ave\u021bi dubii.<\/li>\n<li><strong>Interac\u021biuni medicamentoase:<\/strong> Dac\u0103 lua\u021bi medicamente prescrise, consulta\u021bi-v\u0103 medicul pentru a evita posibilele interac\u021biuni.<\/li>\n<\/ul>\n<p>Easyloss este conceput pentru a fi un ajutor sigur \u0219i eficient \u00een lupta \u00eempotriva kilogramelor \u00een plus. Cu respectarea instruc\u021biunilor \u0219i adoptarea unui stil de via\u021b\u0103 s\u0103n\u0103tos, pute\u021bi ob\u021bine rezultate impresionante \u0219i durabile.<\/p>\n<\/div>\n<\/div>\n<\/form>\n<\/div>\n<\/div>\n<\/div>\n","protected":false},"excerpt":{"rendered":"<p style=\"text-align: center;\"><a href=\"http:\/\/tl-track.com\/tracker\/uXAQ\"><button>CUMP\u0102R\u0102<\/button><\/a><\/p>\n<p>NUM\u0102R:7684<\/p>\n","protected":false},"featured_media":213,"comment_status":"open","ping_status":"closed","template":"","meta":[],"product_brand":[],"product_cat":[18],"product_tag":[],"class_list":{"0":"post-212","1":"product","2":"type-product","3":"status-publish","4":"has-post-thumbnail","6":"product_cat-sanatate","7":"thunk-woo-product-list","8":"opn-qv-enable","9":"top-store-woo-hover-","10":"top-store-single-product-tab-horizontal","11":"top-store-shadow-","12":"top-store-shadow-hover-","14":"first","15":"instock","16":"sale","17":"shipping-taxable","18":"purchasable","19":"product-type-simple"},"aioseo_notices":[],"_links":{"self":[{"href":"https:\/\/spitalpremiere.ro\/apt\/wp-json\/wp\/v2\/product\/212","targetHints":{"allow":["GET"]}}],"collection":[{"href":"https:\/\/spitalpremiere.ro\/apt\/wp-json\/wp\/v2\/product"}],"about":[{"href":"https:\/\/spitalpremiere.ro\/apt\/wp-json\/wp\/v2\/types\/product"}],"replies":[{"embeddable":true,"href":"https:\/\/spitalpremiere.ro\/apt\/wp-json\/wp\/v2\/comments?post=212"}],"wp:featuredmedia":[{"embeddable":true,"href":"https:\/\/spitalpremiere.ro\/apt\/wp-json\/wp\/v2\/media\/213"}],"wp:attachment":[{"href":"https:\/\/spitalpremiere.ro\/apt\/wp-json\/wp\/v2\/media?parent=212"}],"wp:term":[{"taxonomy":"product_brand","embeddable":true,"href":"https:\/\/spitalpremiere.ro\/apt\/wp-json\/wp\/v2\/product_brand?post=212"},{"taxonomy":"product_cat","embeddable":true,"href":"https:\/\/spitalpremiere.ro\/apt\/wp-json\/wp\/v2\/product_cat?post=212"},{"taxonomy":"product_tag","embeddable":true,"href":"https:\/\/spitalpremiere.ro\/apt\/wp-json\/wp\/v2\/product_tag?post=212"}],"curies":[{"name":"wp","href":"https:\/\/api.w.org\/{rel}","templated":true}]}}