{"id":130,"date":"2024-05-13T08:13:47","date_gmt":"2024-05-13T08:13:47","guid":{"rendered":"https:\/\/spitalpremiere.ro\/apt\/?post_type=product&#038;p=130"},"modified":"2024-11-29T09:58:11","modified_gmt":"2024-11-29T09:58:11","slug":"keto-dual-system","status":"publish","type":"product","link":"https:\/\/spitalpremiere.ro\/apt\/product\/keto-dual-system\/","title":{"rendered":"Keto Dual System"},"content":{"rendered":"<div class=\"w-full text-token-text-primary\" dir=\"auto\" data-testid=\"conversation-turn-3\" data-scroll-anchor=\"false\">\n<div class=\"py-2 px-3 text-base md:px-4 m-auto md:px-5 lg:px-1 xl:px-5\">\n<div class=\"mx-auto flex flex-1 gap-3 text-base juice:gap-4 juice:md:gap-6 md:max-w-3xl lg:max-w-[40rem] xl:max-w-[48rem]\">\n<div class=\"relative flex w-full min-w-0 flex-col agent-turn\">\n<div class=\"flex-col gap-1 md:gap-3\">\n<div class=\"flex flex-grow flex-col max-w-full\">\n<div class=\"min-h-[20px] text-message flex flex-col items-start whitespace-pre-wrap break-words [.text-message+&amp;]:mt-5 juice:w-full juice:items-end overflow-x-auto gap-3\" dir=\"auto\" data-message-author-role=\"assistant\" data-message-id=\"080ea930-3bde-4106-9ca6-86c11cb41aaf\">\n<div class=\"markdown prose w-full break-words dark:prose-invert light\">\n<p>Keto Dual System este un complex inovator pentru pierderea \u00een greutate, ce const\u0103 din dou\u0103 tipuri de capsule care combin\u0103 ingrediente naturale, extracte din plante, vitamine \u0219i minerale. Acest sistem revolu\u021bionar a fost conceput pentru a accelera metabolismul \u0219i a promova arderea gr\u0103similor \u00eentr-un mod eficient \u0219i s\u0103n\u0103tos. Unicul s\u0103u mod de ac\u021biune se bazeaz\u0103 pe interac\u021biunea dintre substan\u021bele active din cele dou\u0103 tipuri de capsule, care sunt formulate pentru a induce \u0219i men\u021bine starea de cetoza \u00een organism.<\/p>\n<h2>Keto Dual System: Ingrediente<\/h2>\n<p>Keto Dual System con\u021bine o varietate de ingrediente naturale, fiecare av\u00e2nd rolul s\u0103u \u00een procesul de pierdere \u00een greutate \u0219i \u00eembun\u0103t\u0103\u021birea st\u0103rii generale de s\u0103n\u0103tate. Iat\u0103 c\u00e2teva dintre cele mai importante ingrediente ale acestui complex:<\/p>\n<ul>\n<li><strong>Extract de ghimbir \u0219i guarana:<\/strong> Aceste ingrediente ajut\u0103 la restabilirea metabolismului, reduc\u00e2nd \u00een acela\u0219i timp apetitul \u0219i senza\u021bia de foame. Ele contribuie, de asemenea, la \u00eembun\u0103t\u0103\u021birea dispozi\u021biei \u0219i a st\u0103rii generale de bine, reduc\u00e2nd tensiunea nervoas\u0103 \u0219i \u00eembun\u0103t\u0103\u021bind calitatea somnului.<\/li>\n<li><strong>Ceai verde:<\/strong> Bogat \u00een cofein\u0103 \u0219i magneziu, ceaiul verde accelereaz\u0103 metabolismul \u0219i ajut\u0103 la arderea gr\u0103similor \u00eentr-un mod eficient. De asemenea, acesta sprijin\u0103 sistemul imunitar \u0219i contribuie la eliminarea toxinelor din organism.<\/li>\n<li><strong>Garcinia Cambogia:<\/strong> Acest ingredient con\u021bine L-lizin\u0103, L-glutamin\u0103 \u0219i calciu, av\u00e2nd efecte benefice asupra pielii \u0219i metabolismului. De asemenea, Garcinia Cambogia previne apari\u021bia vergeturilor, tonifiaz\u0103 pielea \u0219i \u00eembun\u0103t\u0103\u021be\u0219te digestia, oferind, totodat\u0103, un impuls suplimentar de energie.<\/li>\n<\/ul>\n<h2>Keto Dual System: Cump\u0103ra\u021bi \u00een Rom\u00e2nia<\/h2>\n<p>Dac\u0103 v\u0103 \u00eentreba\u021bi unde pute\u021bi achizi\u021biona Keto Dual System \u00een Rom\u00e2nia \u00een anul 2024, este important s\u0103 \u0219ti\u021bi c\u0103 cel mai sigur \u0219i convenabil mod este s\u0103 cump\u0103ra\u021bi direct de pe site-ul web oficial al produc\u0103torului. De\u0219i produsul nu este disponibil \u00een farmacii sau \u00een magazinele online obi\u0219nuite, cump\u0103rarea de pe site-ul oficial aduce numeroase avantaje, printre care:<\/p>\n<ul>\n<li><strong>Garan\u021bia autenticit\u0103\u021bii produsului:<\/strong> Achizi\u021bion\u00e2nd de pe site-ul oficial al produc\u0103torului, v\u0103 asigura\u021bi c\u0103 primi\u021bi produsul original \u0219i de cea mai \u00eenalt\u0103 calitate.<\/li>\n<li><strong>Cele mai bune pre\u021buri:<\/strong> Site-ul oficial ofer\u0103 cele mai competitive pre\u021buri pentru Keto Dual System, astfel \u00eenc\u00e2t s\u0103 pute\u021bi ob\u021bine cel mai bun raport calitate-pre\u021b.<\/li>\n<li><strong>Livrare rapid\u0103:<\/strong> Comenzile plasate pe site-ul oficial sunt procesate \u0219i expediate rapid, astfel \u00eenc\u00e2t s\u0103 pute\u021bi primi produsul \u00een cel mai scurt timp posibil.<\/li>\n<li><strong>Op\u021biuni flexibile de plat\u0103:<\/strong> Site-ul oficial ofer\u0103 diverse metode de plat\u0103, inclusiv plata la livrare, pentru a v\u0103 oferi o experien\u021b\u0103 de cump\u0103r\u0103turi f\u0103r\u0103 griji.<\/li>\n<li><strong>Promo\u021bii \u0219i oferte speciale:<\/strong> Cump\u0103r\u00e2nd de pe site-ul oficial, ave\u021bi \u0219ansa de a beneficia de promo\u021bii \u0219i oferte speciale disponibile exclusiv pentru clien\u021bii online.<\/li>\n<\/ul>\n<p style=\"text-align: center;\"><a href=\"http:\/\/tl-track.com\/tracker\/uXAQ\"><button>www.keto-dual-system.ro<\/button><\/a><\/p>\n<\/div>\n<\/div>\n<\/div>\n<\/div>\n<\/div>\n<\/div>\n<\/div>\n<\/div>\n<div class=\"w-full text-token-text-primary\" dir=\"auto\" data-testid=\"conversation-turn-5\" data-scroll-anchor=\"false\">\n<div class=\"py-2 px-3 text-base md:px-4 m-auto md:px-5 lg:px-1 xl:px-5\">\n<div class=\"mx-auto flex flex-1 gap-3 text-base juice:gap-4 juice:md:gap-6 md:max-w-3xl lg:max-w-[40rem] xl:max-w-[48rem]\">\n<div class=\"relative flex w-full min-w-0 flex-col agent-turn\">\n<div class=\"flex-col gap-1 md:gap-3\">\n<div class=\"flex flex-grow flex-col max-w-full\">\n<div class=\"min-h-[20px] text-message flex flex-col items-start whitespace-pre-wrap break-words [.text-message+&amp;]:mt-5 juice:w-full juice:items-end overflow-x-auto gap-3\" dir=\"auto\" data-message-author-role=\"assistant\" data-message-id=\"c363f73d-1c21-455c-9c43-c09611ab8f9f\">\n<div class=\"markdown prose w-full break-words dark:prose-invert light\">\n<h2>Keto Dual System: Opinii reale de pe forumurile din Rom\u00e2nia<\/h2>\n<p>\u00cen 2024, Keto Dual System a devenit un produs extrem de popular nu numai \u00een Rom\u00e2nia, ci \u0219i \u00een \u00eentreaga Europ\u0103, atr\u0103g\u00e2nd aten\u021bia multor persoane care \u00ee\u0219i doresc s\u0103 \u00ee\u0219i \u00eembun\u0103t\u0103\u021beasc\u0103 s\u0103n\u0103tatea \u0219i s\u0103 ob\u021bin\u0103 rezultate vizibile \u00een procesul de pierdere \u00een greutate. Opiniile \u0219i recenziile reale ale utilizatorilor pot fi g\u0103site pe diverse forumuri dedicate s\u0103n\u0103t\u0103\u021bii \u0219i stilului de via\u021b\u0103 s\u0103n\u0103tos din Rom\u00e2nia.<\/p>\n<ol>\n<li><strong>AnaFit24:<\/strong> &#8222;Am \u00eencercat multe produse pentru sl\u0103bit \u00een trecut, dar nimic nu s-a comparat cu efectele Keto Dual System. Dup\u0103 doar c\u00e2teva s\u0103pt\u0103m\u00e2ni de utilizare, am observat o reducere semnificativ\u0103 a greut\u0103\u021bii \u0219i o \u00eembun\u0103t\u0103\u021bire general\u0103 a st\u0103rii mele de s\u0103n\u0103tate. Recomand cu \u00eencredere acest produs!&#8221;<\/li>\n<li><strong>FitLife82:<\/strong> &#8222;Dup\u0103 ce am citit multe recenzii pozitive despre Keto Dual System, am decis s\u0103 \u00eel \u00eencerc \u0219i eu. Sunt extrem de mul\u021bumit de rezultatele ob\u021binute p\u00e2n\u0103 acum. Am reu\u0219it s\u0103 pierd \u00een greutate \u00eentr-un mod s\u0103n\u0103tos \u0219i f\u0103r\u0103 s\u0103 simt foame excesiv\u0103. Este cu adev\u0103rat un produs minunat!&#8221;<\/li>\n<li><strong>HealthyMe:<\/strong> &#8222;Keto Dual System a fost exact ceea ce c\u0103utam pentru a \u00eencepe c\u0103l\u0103toria mea c\u0103tre un stil de via\u021b\u0103 mai s\u0103n\u0103tos. Am fost impresionat de ingrediente naturale \u0219i de modul \u00een care acestea au ajutat la accelerarea metabolismului meu. Nu pot dec\u00e2t s\u0103 recomand acest produs tuturor celor care \u00ee\u0219i doresc rezultate reale \u00een pierderea \u00een greutate.&#8221;<\/li>\n<\/ol>\n<h2>Keto Dual System Pre\u021b: C\u00e2t cost\u0103, Disponibilitate<\/h2>\n<p>Pentru a verifica pre\u021bul \u0219i disponibilitatea Keto Dual System, cel mai bine este s\u0103 accesa\u021bi site-ul web oficial al produc\u0103torului. Acest lucru v\u0103 va permite s\u0103 ob\u021bine\u021bi cele mai actualizate informa\u021bii despre pre\u021buri \u0219i s\u0103 efectua\u021bi comanda \u00een mod direct de la surs\u0103. Fiind un produs exclusiv, Keto Dual System nu este disponibil \u00een farmacii sau magazine online obi\u0219nuite.<\/p>\n<h2>Cum s\u0103 Comanda\u021bi?<\/h2>\n<p>Pentru a comanda Keto Dual System, urma\u021bi ace\u0219ti pa\u0219i simpli:<\/p>\n<ol>\n<li>Accesa\u021bi site-ul oficial al produc\u0103torului.<\/li>\n<li>Cauta\u021bi butonul &#8222;Comand\u0103&#8221; \u0219i face\u021bi clic pe el.<\/li>\n<li>Completa\u021bi formularul de comand\u0103 cu informa\u021biile solicitate, cum ar fi numele, adresa de livrare \u0219i num\u0103rul de telefon.<\/li>\n<li>Trimite\u021bi comanda \u0219i a\u0219tepta\u021bi confirmarea prin telefon sau e-mail din partea unui operator al companiei.<\/li>\n<li>Pl\u0103ti\u021bi la primirea comenzii \u0219i bucura\u021bi-v\u0103 de efectele benefice ale Keto Dual System \u00een confortul propriei case.<\/li>\n<\/ol>\n<\/div>\n<\/div>\n<\/div>\n<\/div>\n<\/div>\n<\/div>\n<\/div>\n<\/div>\n<div class=\"w-full text-token-text-primary\" dir=\"auto\" data-testid=\"conversation-turn-7\" data-scroll-anchor=\"true\">\n<div class=\"py-2 px-3 text-base md:px-4 m-auto md:px-5 lg:px-1 xl:px-5\">\n<div class=\"mx-auto flex flex-1 gap-3 text-base juice:gap-4 juice:md:gap-6 md:max-w-3xl lg:max-w-[40rem] xl:max-w-[48rem]\">\n<div class=\"relative flex w-full min-w-0 flex-col agent-turn\">\n<div class=\"flex-col gap-1 md:gap-3\">\n<div class=\"flex flex-grow flex-col max-w-full\">\n<div class=\"min-h-[20px] text-message flex flex-col items-start whitespace-pre-wrap break-words [.text-message+&amp;]:mt-5 juice:w-full juice:items-end overflow-x-auto gap-3\" dir=\"auto\" data-message-author-role=\"assistant\" data-message-id=\"79103071-179a-43ce-8afd-da4802248707\">\n<div class=\"markdown prose w-full break-words dark:prose-invert light\">\n<h2>Keto Dual System: Beneficiile utiliz\u0103rii<\/h2>\n<p>Utilizarea Keto Dual System poate aduce numeroase beneficii pentru s\u0103n\u0103tate \u0219i pentru procesul de pierdere \u00een greutate. Printre acestea se num\u0103r\u0103:<\/p>\n<ul>\n<li><strong>Accelerarea metabolismului:<\/strong> Ingredientele active din Keto Dual System stimuleaz\u0103 metabolismul, ajut\u00e2nd corpul s\u0103 ard\u0103 calorii \u0219i gr\u0103simi mai eficient.<\/li>\n<li><strong>Reducerea poftei de m\u00e2ncare:<\/strong> Capsulele din acest complex contribuie la sc\u0103derea apetitului \u0219i la controlul poftelor necontrolate, facilit\u00e2nd astfel reducerea consumului de calorii.<\/li>\n<li><strong>\u00cembun\u0103t\u0103\u021birea dispozi\u021biei \u0219i a energiei:<\/strong> Formula unic\u0103 a Keto Dual System ajut\u0103 la cre\u0219terea nivelului de energie \u0219i \u00eembun\u0103t\u0103\u021be\u0219te starea de spirit, permi\u021b\u00e2ndu-v\u0103 s\u0103 v\u0103 sim\u021bi\u021bi mai bine \u0219i mai activi \u00een timpul zilei.<\/li>\n<li><strong>Pierdere \u00een greutate s\u0103n\u0103toas\u0103:<\/strong> Prin inducerea st\u0103rii de cetoza \u00een organism, Keto Dual System promoveaz\u0103 arderea gr\u0103similor \u00een locul carbohidra\u021bilor, ceea ce poate duce la o pierdere \u00een greutate s\u0103n\u0103toas\u0103 \u0219i sustenabil\u0103.<\/li>\n<\/ul>\n<h2>Keto Dual System cum se utilizeaz\u0103: Instruc\u021biuni, Prospect<\/h2>\n<p>Pentru a ob\u021bine cele mai bune rezultate, este important s\u0103 urma\u021bi cu aten\u021bie instruc\u021biunile de utilizare ale Keto Dual System:<\/p>\n<ul>\n<li>Lua\u021bi c\u00e2te o capsul\u0103 din fiecare tip de blister de dou\u0103 ori pe zi.<\/li>\n<li>Administrarea se face de preferin\u021b\u0103 cu 30 de minute \u00eenainte de mas\u0103.<\/li>\n<li>Nu dep\u0103\u0219i\u021bi doza recomandat\u0103.<\/li>\n<li>Pentru mai multe informa\u021bii despre modul corect de utilizare \u0219i poten\u021bialele contraindica\u021bii, consulta\u021bi prospectul produsului sau cere\u021bi sfatul unui specialist \u00een s\u0103n\u0103tate.<\/li>\n<\/ul>\n<h2>Keto Dual System: Rezultatul utiliz\u0103rii<\/h2>\n<p>Utilizarea regulat\u0103 a Keto Dual System poate duce la ob\u021binerea unor rezultate remarcabile \u00een procesul de pierdere \u00een greutate \u0219i \u00eembun\u0103t\u0103\u021birea st\u0103rii de s\u0103n\u0103tate. Acestea pot include:<\/p>\n<ul>\n<li>Pierderea \u00een greutate vizibil\u0103 \u0219i sustenabil\u0103 \u00eentr-un mod s\u0103n\u0103tos.<\/li>\n<li>Reducerea gr\u0103simii corporale \u0219i \u00eembun\u0103t\u0103\u021birea compozi\u021biei corporale.<\/li>\n<li>Cre\u0219terea nivelului de energie \u0219i \u00eembun\u0103t\u0103\u021birea st\u0103rii generale de s\u0103n\u0103tate \u0219i bun\u0103stare.<\/li>\n<\/ul>\n<h2>Keto Dual System: Efecte secundare \u0219i Contraindica\u021bii<\/h2>\n<p>Datorit\u0103 compozi\u021biei sale naturale \u0219i formulei sale inovatoare, Keto Dual System are un risc minim de efecte secundare sau contraindica\u021bii. Cu toate acestea, \u00eenainte de a \u00eencepe utilizarea, este recomandat s\u0103 consulta\u021bi un medic sau un specialist \u00een s\u0103n\u0103tate, mai ales dac\u0103 ave\u021bi condi\u021bii medicale preexistente sau lua\u021bi alte medicamente. De asemenea, este posibil s\u0103 ap\u0103rea\u021bi reac\u021bii individuale la anumite ingrediente, \u00een acest caz, opri\u021bi imediat utilizarea \u0219i consulta\u021bi un medic.<\/p>\n<\/div>\n<\/div>\n<\/div>\n<\/div>\n<\/div>\n<\/div>\n<\/div>\n<\/div>\n","protected":false},"excerpt":{"rendered":"<p style=\"text-align: center;\"><a href=\"http:\/\/tl-track.com\/tracker\/uXAQ\"><button>CUMP\u0102R\u0102<\/button><\/a><\/p>\n<p>NUM\u0102R:7668<\/p>\n","protected":false},"featured_media":131,"comment_status":"open","ping_status":"closed","template":"","meta":[],"product_brand":[],"product_cat":[18],"product_tag":[],"class_list":{"0":"post-130","1":"product","2":"type-product","3":"status-publish","4":"has-post-thumbnail","6":"product_cat-sanatate","7":"thunk-woo-product-list","8":"opn-qv-enable","9":"top-store-woo-hover-","10":"top-store-single-product-tab-horizontal","11":"top-store-shadow-","12":"top-store-shadow-hover-","14":"first","15":"instock","16":"sale","17":"shipping-taxable","18":"purchasable","19":"product-type-simple"},"aioseo_notices":[],"_links":{"self":[{"href":"https:\/\/spitalpremiere.ro\/apt\/wp-json\/wp\/v2\/product\/130","targetHints":{"allow":["GET"]}}],"collection":[{"href":"https:\/\/spitalpremiere.ro\/apt\/wp-json\/wp\/v2\/product"}],"about":[{"href":"https:\/\/spitalpremiere.ro\/apt\/wp-json\/wp\/v2\/types\/product"}],"replies":[{"embeddable":true,"href":"https:\/\/spitalpremiere.ro\/apt\/wp-json\/wp\/v2\/comments?post=130"}],"wp:featuredmedia":[{"embeddable":true,"href":"https:\/\/spitalpremiere.ro\/apt\/wp-json\/wp\/v2\/media\/131"}],"wp:attachment":[{"href":"https:\/\/spitalpremiere.ro\/apt\/wp-json\/wp\/v2\/media?parent=130"}],"wp:term":[{"taxonomy":"product_brand","embeddable":true,"href":"https:\/\/spitalpremiere.ro\/apt\/wp-json\/wp\/v2\/product_brand?post=130"},{"taxonomy":"product_cat","embeddable":true,"href":"https:\/\/spitalpremiere.ro\/apt\/wp-json\/wp\/v2\/product_cat?post=130"},{"taxonomy":"product_tag","embeddable":true,"href":"https:\/\/spitalpremiere.ro\/apt\/wp-json\/wp\/v2\/product_tag?post=130"}],"curies":[{"name":"wp","href":"https:\/\/api.w.org\/{rel}","templated":true}]}}